{"id":171542,"date":"2024-08-16T19:44:20","date_gmt":"2025-01-21T16:26:01","guid":{"rendered":"https:\/\/staging.nbg.eu\/product\/barwarus-bw-t33-picatinny-rail-cover\/"},"modified":"2025-01-21T16:27:54","modified_gmt":"2025-01-21T16:27:54","slug":"barwarus-bw-t33-picatinny-kryt-listy","status":"publish","type":"product","link":"https:\/\/staging.nbg.eu\/sk\/produkt\/barwarus-bw-t33-picatinny-kryt-listy\/","title":{"rendered":"Barwarus BW-T33 Picatinny Kryt Li\u0161ty"},"content":{"rendered":"<div class=\"product-description\">\n<h2>Barwarus BW-T33 Kryt li\u0161ty Picatinny<\/h2>\n<p>Kryt prachu Barwarus BW-T33 s integrovanou li\u0161tou Picatinny pre pu\u0161ky typu AK. Kompatibiln\u00fd so \u0161portov\u00fdmi pu\u0161kami a karab\u00ednami na b\u00e1ze Kala\u0161nikova, tento kryt umo\u017e\u0148uje jednoduch\u00e9 pripevnenie r\u00f4znych zameriavac\u00edch zariaden\u00ed.<\/p>\n<ul>\n<li>Vyfr\u00e9zovan\u00fd z hlin\u00edkovej zliatiny 7075 T6<\/li>\n<li>D\u013a\u017eka li\u0161ty Picatinny 170mm \u00b15mm<\/li>\n<li>Udr\u017eiava nulov\u00e9 nastavenie pri opakovanom otv\u00e1ran\u00ed\/zatv\u00e1ran\u00ed<\/li>\n<li>Bezpe\u010dne sa upev\u0148uje piatimi skrutkami<\/li>\n<li>Hmotnos\u0165: 55 oz \u00b10,03 oz<\/li>\n<li>Rozmery: 21,7&#8243; \u00b10,5&#8243;<\/li>\n<li>Prev\u00e1dzkov\u00e1 teplota: -50\u00b0C a\u017e +50\u00b0C<\/li>\n<\/ul>\n<p>Pozn\u00e1mka: Maxim\u00e1lny kr\u00fatiaci moment 25 lbs. M\u00f4\u017ee by\u0165 potrebn\u00e9 mierne zabr\u00fasenie.<\/p>\n<\/div>\n","protected":false},"excerpt":{"rendered":"<p>Odoln\u00fd kryt na Picatinny li\u0161tu pre AK. Umo\u017e\u0148uje mont\u00e1\u017e optiky a zachov\u00e1va nulov\u00fd bod.<\/p>\n","protected":false},"featured_media":23465,"template":"","meta":{"_acf_changed":false},"product_brand":[11114],"product_cat":[13331,13345,13346],"product_tag":[],"class_list":{"0":"post-171542","1":"product","2":"type-product","3":"status-publish","4":"has-post-thumbnail","6":"product_brand-barwarus","7":"product_cat-ak-tuning","8":"product_cat-listy","9":"product_cat-rifle-tuning","11":"first","12":"instock","13":"taxable","14":"shipping-taxable","15":"product-type-variable","16":"wvs-archive-product-wrapper"},"acf":[],"_links":{"self":[{"href":"https:\/\/staging.nbg.eu\/sk\/wp-json\/wp\/v2\/product\/171542","targetHints":{"allow":["GET"]}}],"collection":[{"href":"https:\/\/staging.nbg.eu\/sk\/wp-json\/wp\/v2\/product"}],"about":[{"href":"https:\/\/staging.nbg.eu\/sk\/wp-json\/wp\/v2\/types\/product"}],"wp:featuredmedia":[{"embeddable":true,"href":"https:\/\/staging.nbg.eu\/sk\/wp-json\/wp\/v2\/media\/23465"}],"wp:attachment":[{"href":"https:\/\/staging.nbg.eu\/sk\/wp-json\/wp\/v2\/media?parent=171542"}],"wp:term":[{"taxonomy":"product_brand","embeddable":true,"href":"https:\/\/staging.nbg.eu\/sk\/wp-json\/wp\/v2\/product_brand?post=171542"},{"taxonomy":"product_cat","embeddable":true,"href":"https:\/\/staging.nbg.eu\/sk\/wp-json\/wp\/v2\/product_cat?post=171542"},{"taxonomy":"product_tag","embeddable":true,"href":"https:\/\/staging.nbg.eu\/sk\/wp-json\/wp\/v2\/product_tag?post=171542"}],"curies":[{"name":"wp","href":"https:\/\/api.w.org\/{rel}","templated":true}]}}