{"id":171029,"date":"2024-08-16T20:04:24","date_gmt":"2025-01-21T10:27:02","guid":{"rendered":"https:\/\/staging.nbg.eu\/product\/barwarus-alpha-1-set-bw-t33-alpha-1\/"},"modified":"2025-01-21T10:28:54","modified_gmt":"2025-01-21T10:28:54","slug":"barwarus-alpha-1-set-bw-t33-a-alpha-1","status":"publish","type":"product","link":"https:\/\/staging.nbg.eu\/sk\/produkt\/barwarus-alpha-1-set-bw-t33-a-alpha-1\/","title":{"rendered":"Barwarus ALPHA-1 SET (BW-T33 a ALPHA-1)"},"content":{"rendered":"<div class=\"product-description\">\n<h2>Barwarus ALPHA-1 SET (BW-T33 a ALPHA-1)<\/h2>\n<p>Barwarus ALPHA-1 SET obsahuje ALPHA-1 predpa\u017ebie a BW-T33 kryt z\u00e1verov\u00e9ho bloku pre AK pu\u0161ky. Tento set zah\u0155\u0148a:<\/p>\n<ul>\n<li>ALPHA-1 kr\u00e1tke \u0161tvorcov\u00e9 Picatinny predpa\u017ebie (horn\u00e9 a doln\u00e9)<\/li>\n<li>BW-T33 kryt z\u00e1verov\u00e9ho bloku s integrovanou Picatinny li\u0161tou<\/li>\n<\/ul>\n<p>ALPHA-1 predpa\u017ebie je vyroben\u00e9 z hlin\u00edka 6082-T6 s povrchovou \u00fapravou Cerakote. Je kompatibiln\u00e9 s AK modelmi s lisovan\u00fdm receivrom, vr\u00e1tane AK 103, 104, 105, 74S, 74M, AKM, AKMS a Saiga.<\/p>\n<p>BW-T33 kryt z\u00e1verov\u00e9ho bloku je vyroben\u00fd zo zliatiny hlin\u00edka 7075 T6 a poskytuje platformu pre optiku bez prek\u00e1\u017eania mechanick\u00fdm mieridl\u00e1m.<\/p>\n<\/div>\n","protected":false},"excerpt":{"rendered":"<p>Pr\u00e9miov\u00e1 moderniz\u00e1cia AK: Predpa\u017ebie so \u0161tyrmi li\u0161tami a kryt z\u00e1veru s li\u0161tou<\/p>\n","protected":false},"featured_media":280697,"template":"","meta":{"_acf_changed":false},"product_brand":[11114],"product_cat":[13331,13345,13346],"product_tag":[],"class_list":{"0":"post-171029","1":"product","2":"type-product","3":"status-publish","4":"has-post-thumbnail","6":"product_brand-barwarus","7":"product_cat-ak-tuning","8":"product_cat-listy","9":"product_cat-rifle-tuning","11":"first","12":"instock","13":"taxable","14":"shipping-taxable","15":"product-type-variable","16":"wvs-archive-product-wrapper"},"acf":[],"_links":{"self":[{"href":"https:\/\/staging.nbg.eu\/sk\/wp-json\/wp\/v2\/product\/171029","targetHints":{"allow":["GET"]}}],"collection":[{"href":"https:\/\/staging.nbg.eu\/sk\/wp-json\/wp\/v2\/product"}],"about":[{"href":"https:\/\/staging.nbg.eu\/sk\/wp-json\/wp\/v2\/types\/product"}],"wp:featuredmedia":[{"embeddable":true,"href":"https:\/\/staging.nbg.eu\/sk\/wp-json\/wp\/v2\/media\/280697"}],"wp:attachment":[{"href":"https:\/\/staging.nbg.eu\/sk\/wp-json\/wp\/v2\/media?parent=171029"}],"wp:term":[{"taxonomy":"product_brand","embeddable":true,"href":"https:\/\/staging.nbg.eu\/sk\/wp-json\/wp\/v2\/product_brand?post=171029"},{"taxonomy":"product_cat","embeddable":true,"href":"https:\/\/staging.nbg.eu\/sk\/wp-json\/wp\/v2\/product_cat?post=171029"},{"taxonomy":"product_tag","embeddable":true,"href":"https:\/\/staging.nbg.eu\/sk\/wp-json\/wp\/v2\/product_tag?post=171029"}],"curies":[{"name":"wp","href":"https:\/\/api.w.org\/{rel}","templated":true}]}}