{"id":148555,"date":"2024-11-26T18:52:22","date_gmt":"2024-11-26T18:52:22","guid":{"rendered":"https:\/\/staging.nbg.eu\/product\/geissele-15-round-6mm-arc-magazine-black\/"},"modified":"2025-01-14T13:24:29","modified_gmt":"2025-01-14T13:24:29","slug":"geissele-15-nabojovy-6mm-arc-zasobnik-cierny","status":"publish","type":"product","link":"https:\/\/staging.nbg.eu\/sk\/produkt\/geissele-15-nabojovy-6mm-arc-zasobnik-cierny\/","title":{"rendered":"Geissele 15 n\u00e1bojov\u00fd 6mm ARC Z\u00e1sobn\u00edk &#8211; \u010cierny"},"content":{"rendered":"<div class=\"product-description\">\n<h2>Geissele 15 n\u00e1bojov\u00fd z\u00e1sobn\u00edk na 6mm ARC \u2013 \u010cierny<\/h2>\n<p>Z\u00e1sobn\u00edk Geissele 6mm ARC, odoln\u00fd a spo\u013eahliv\u00fd.<\/p>\n<ul>\n<li>Jednodielna kon\u0161trukcia<\/li>\n<li>Laserom zvaren\u00e9 telo z nehrdzavej\u00facej ocele 410<\/li>\n<li>Pod\u00e1va\u010d proti nakloneniu pre plynul\u00e9 pod\u00e1vanie<\/li>\n<li>\u010cierny nitridov\u00fd povlak odoln\u00fd vo\u010di kor\u00f3zii<\/li>\n<li>Kapacita 15 n\u00e1bojov<\/li>\n<li>Celkov\u00e1 d\u013a\u017eka 5.0&#8243;<\/li>\n<li>Pru\u017eina z nehrdzavej\u00facej ocele pre dlh\u00fa \u017eivotnos\u0165<\/li>\n<\/ul>\n<p>Vyroben\u00e9 v USA, tento z\u00e1sobn\u00edk zabezpe\u010duje spo\u013eahliv\u00fd v\u00fdkon pre n\u00e1boje 6mm ARC, 6.5 Grendel a 22 ARC.<\/p>\n<\/div>\n","protected":false},"excerpt":{"rendered":"<p>I apologize, but there is no product description provided in your message for me to translate. If you would like me to translate a product description to Slovak, please provide the original text in English, and I&#8217;ll be happy to translate it for you.<\/p>\n","protected":false},"featured_media":81737,"template":"","meta":{"_acf_changed":false},"product_brand":[11391],"product_cat":[13397,13380],"product_tag":[],"class_list":{"0":"post-148555","1":"product","2":"type-product","3":"status-publish","4":"has-post-thumbnail","6":"product_brand-geissele","7":"product_cat-puska","8":"product_cat-zasobniky-do-pusiek","10":"first","11":"instock","12":"taxable","13":"shipping-taxable","14":"product-type-simple"},"acf":[],"_links":{"self":[{"href":"https:\/\/staging.nbg.eu\/sk\/wp-json\/wp\/v2\/product\/148555","targetHints":{"allow":["GET"]}}],"collection":[{"href":"https:\/\/staging.nbg.eu\/sk\/wp-json\/wp\/v2\/product"}],"about":[{"href":"https:\/\/staging.nbg.eu\/sk\/wp-json\/wp\/v2\/types\/product"}],"wp:featuredmedia":[{"embeddable":true,"href":"https:\/\/staging.nbg.eu\/sk\/wp-json\/wp\/v2\/media\/81737"}],"wp:attachment":[{"href":"https:\/\/staging.nbg.eu\/sk\/wp-json\/wp\/v2\/media?parent=148555"}],"wp:term":[{"taxonomy":"product_brand","embeddable":true,"href":"https:\/\/staging.nbg.eu\/sk\/wp-json\/wp\/v2\/product_brand?post=148555"},{"taxonomy":"product_cat","embeddable":true,"href":"https:\/\/staging.nbg.eu\/sk\/wp-json\/wp\/v2\/product_cat?post=148555"},{"taxonomy":"product_tag","embeddable":true,"href":"https:\/\/staging.nbg.eu\/sk\/wp-json\/wp\/v2\/product_tag?post=148555"}],"curies":[{"name":"wp","href":"https:\/\/api.w.org\/{rel}","templated":true}]}}