{"id":141614,"date":"2025-01-01T20:56:43","date_gmt":"2025-01-10T22:55:50","guid":{"rendered":"https:\/\/staging.nbg.eu\/product\/area-419-ruger-american-short-action-scope-base\/"},"modified":"2025-01-10T22:57:28","modified_gmt":"2025-01-10T22:57:28","slug":"area-419-ruger-american-short-action-montaz-pre-optiku","status":"publish","type":"product","link":"https:\/\/staging.nbg.eu\/sk\/produkt\/area-419-ruger-american-short-action-montaz-pre-optiku\/","title":{"rendered":"Area 419 &#8211; Ruger American Short Action Mont\u00e1\u017e pre Optiku"},"content":{"rendered":"<div class=\"product-description\">\n<h2>Area 419 &#8211; Mont\u00e1\u017ena li\u0161ta pre pu\u0161koh\u013ead pre Ruger American s kr\u00e1tkou akciou<\/h2>\n<p>Mont\u00e1\u017ena li\u0161ta pre pu\u0161ku Ruger American. Vyroben\u00e1 z jedn\u00e9ho kusu hlin\u00edka T7075, t\u00e1to li\u0161ta je:<\/p>\n<ul>\n<li>Vyroben\u00e1 na mieru pre presn\u00e9 osadenie<\/li>\n<li>Odoln\u00e1<\/li>\n<li>\u010cierne anodizovan\u00e1 typu III<\/li>\n<li>Navrhnut\u00e1 s 20MOA sklonom pre dlh\u0161ie strely<\/li>\n<\/ul>\n<p>Obsahuje k\u013e\u00fa\u010d na utiahnutie up\u00ednac\u00edch skrutiek (odpor\u00fa\u010dan\u00fd moment: 15 in\/lb).<\/p>\n<h3>\u0160pecifik\u00e1cie:<\/h3>\n<ul>\n<li>Hmotnos\u0165: 0,09 kg<\/li>\n<li>Rozmery: 21,6 \u00d7 2,5 \u00d7 2,5 cm<\/li>\n<li>V\u00fdrobca: Area 419<\/li>\n<li>Ve\u013ekos\u0165: 20MOA<\/li>\n<\/ul>\n<\/div>\n","protected":false},"excerpt":{"rendered":"<p>Presne opracovan\u00e1 20MOA mont\u00e1\u017ena li\u0161ta pre pu\u0161ky Ruger American.<\/p>\n","protected":false},"featured_media":112133,"template":"","meta":{"_acf_changed":false},"product_brand":[11044],"product_cat":[13345,13397,390],"product_tag":[],"class_list":{"0":"post-141614","1":"product","2":"type-product","3":"status-publish","4":"has-post-thumbnail","6":"product_brand-area-419","7":"product_cat-listy","8":"product_cat-puska","9":"product_cat-aiming","11":"first","12":"instock","13":"taxable","14":"shipping-taxable","15":"purchasable","16":"product-type-simple"},"acf":[],"_links":{"self":[{"href":"https:\/\/staging.nbg.eu\/sk\/wp-json\/wp\/v2\/product\/141614","targetHints":{"allow":["GET"]}}],"collection":[{"href":"https:\/\/staging.nbg.eu\/sk\/wp-json\/wp\/v2\/product"}],"about":[{"href":"https:\/\/staging.nbg.eu\/sk\/wp-json\/wp\/v2\/types\/product"}],"wp:featuredmedia":[{"embeddable":true,"href":"https:\/\/staging.nbg.eu\/sk\/wp-json\/wp\/v2\/media\/112133"}],"wp:attachment":[{"href":"https:\/\/staging.nbg.eu\/sk\/wp-json\/wp\/v2\/media?parent=141614"}],"wp:term":[{"taxonomy":"product_brand","embeddable":true,"href":"https:\/\/staging.nbg.eu\/sk\/wp-json\/wp\/v2\/product_brand?post=141614"},{"taxonomy":"product_cat","embeddable":true,"href":"https:\/\/staging.nbg.eu\/sk\/wp-json\/wp\/v2\/product_cat?post=141614"},{"taxonomy":"product_tag","embeddable":true,"href":"https:\/\/staging.nbg.eu\/sk\/wp-json\/wp\/v2\/product_tag?post=141614"}],"curies":[{"name":"wp","href":"https:\/\/api.w.org\/{rel}","templated":true}]}}