{"id":141402,"date":"2025-01-04T07:20:19","date_gmt":"2025-01-10T22:33:29","guid":{"rendered":"https:\/\/staging.nbg.eu\/product\/area-419-arcalock-clamp\/"},"modified":"2025-01-10T22:35:10","modified_gmt":"2025-01-10T22:35:10","slug":"area-419-arcalock-svorka","status":"publish","type":"product","link":"https:\/\/staging.nbg.eu\/sk\/produkt\/area-419-arcalock-svorka\/","title":{"rendered":"Area 419 &#8211; ARCALOCK Svorka"},"content":{"rendered":"<div class=\"product-description\">\n<h2>Area 419 &#8211; ARCALOCK Svorka<\/h2>\n<p>ARCALOCK svorka od Area 419 funguje na v\u0161etk\u00fdch \u0161tandardn\u00fdch ARCA\/1,5&#8243; ko\u013eajniciach, poskytuj\u00fac mechanicky uzamknut\u00e9 rie\u0161enie pre lep\u0161iu stabilitu.<\/p>\n<ul>\n<li>Dvojstup\u0148ov\u00fd skrutkov\u00fd dizajn pre r\u00fdchly pohyb a extra kr\u00fatiaci moment<\/li>\n<li>Kompatibiln\u00e1 s Atlas bipodmi a prisp\u00f4sobite\u013en\u00e1 pre Harris bipody<\/li>\n<li>Funkcia zastavenia na barik\u00e1de<\/li>\n<li>Sp\u00e4tne kompatibiln\u00e1 so \u0161tandardn\u00fdmi ARCA ko\u013eajnicami<\/li>\n<li>Vyroben\u00e1 z hlin\u00edka 6061-T6 s anodiz\u00e1ciou typu III<\/li>\n<li>Hmotnos\u0165 72,5 gramov<\/li>\n<\/ul>\n<p>Area 419 ARCALOCK svorka je vylep\u0161enie pre va\u0161u presn\u00fa pu\u0161ku.<\/p>\n<\/div>\n","protected":false},"excerpt":{"rendered":"<p>Bezpe\u010dn\u00e1 ARCA svorka s uzamykac\u00edm mechanizmom pre presn\u00e9 pu\u0161ky.<\/p>\n","protected":false},"featured_media":115258,"template":"","meta":{"_acf_changed":false},"product_brand":[11044],"product_cat":[13345,13397],"product_tag":[],"class_list":{"0":"post-141402","1":"product","2":"type-product","3":"status-publish","4":"has-post-thumbnail","6":"product_brand-area-419","7":"product_cat-listy","8":"product_cat-puska","10":"first","11":"instock","12":"taxable","13":"shipping-taxable","14":"purchasable","15":"product-type-simple"},"acf":[],"_links":{"self":[{"href":"https:\/\/staging.nbg.eu\/sk\/wp-json\/wp\/v2\/product\/141402","targetHints":{"allow":["GET"]}}],"collection":[{"href":"https:\/\/staging.nbg.eu\/sk\/wp-json\/wp\/v2\/product"}],"about":[{"href":"https:\/\/staging.nbg.eu\/sk\/wp-json\/wp\/v2\/types\/product"}],"wp:featuredmedia":[{"embeddable":true,"href":"https:\/\/staging.nbg.eu\/sk\/wp-json\/wp\/v2\/media\/115258"}],"wp:attachment":[{"href":"https:\/\/staging.nbg.eu\/sk\/wp-json\/wp\/v2\/media?parent=141402"}],"wp:term":[{"taxonomy":"product_brand","embeddable":true,"href":"https:\/\/staging.nbg.eu\/sk\/wp-json\/wp\/v2\/product_brand?post=141402"},{"taxonomy":"product_cat","embeddable":true,"href":"https:\/\/staging.nbg.eu\/sk\/wp-json\/wp\/v2\/product_cat?post=141402"},{"taxonomy":"product_tag","embeddable":true,"href":"https:\/\/staging.nbg.eu\/sk\/wp-json\/wp\/v2\/product_tag?post=141402"}],"curies":[{"name":"wp","href":"https:\/\/api.w.org\/{rel}","templated":true}]}}