{"id":140990,"date":"2025-01-04T08:28:27","date_gmt":"2025-01-04T08:28:27","guid":{"rendered":"https:\/\/staging.nbg.eu\/product\/area-419-arcalock-dual-clamp-with-picatinny\/"},"modified":"2025-01-10T19:10:31","modified_gmt":"2025-01-10T19:10:31","slug":"area-419-arcalock-dualna-svorka-s-picatinny","status":"publish","type":"product","link":"https:\/\/staging.nbg.eu\/sk\/produkt\/area-419-arcalock-dualna-svorka-s-picatinny\/","title":{"rendered":"Area 419 &#8211; ARCALOCK Du\u00e1lna Svorka s Picatinny"},"content":{"rendered":"<div class=\"product-description\">\n<h2>Area 419 &#8211; ARCALOCK Dvojit\u00e1 svorka s Picatinny<\/h2>\n<p>Svorka s dvojitou funk\u010dnos\u0165ou pre ARCALOCK a Picatinny li\u0161ty, vyroben\u00e1 v USA.<\/p>\n<ul>\n<li>Nastavite\u013en\u00e9 nap\u00e4tie pre oba povrchy<\/li>\n<li>Prep\u00edna\u010d ARCALOCK &#8222;Zap\/Vyp&#8220; pre kompatibilitu s r\u00f4znymi v\u00fdrobcami<\/li>\n<li>Komponenty z tvrdenej ocele pre Picatinny upevnenie<\/li>\n<li>ARMS 17S pripojenie pre pou\u017eitie s bipodmi<\/li>\n<\/ul>\n<p>Vyroben\u00e9 z hlin\u00edka 6061-T6 a nerezovej ocele, v\u00e1\u017ei 0,57 kg a meria 15,24 cm \u00d7 8,89 cm \u00d7 5,08 cm. Vhodn\u00e9 pre strelcov na stredn\u00e9 a\u017e dlh\u00e9 vzdialenosti.<\/p>\n<p><strong>Pozn\u00e1mka:<\/strong> Nie je kompatibiln\u00e9 so v\u0161etk\u00fdmi zariadeniami Area 419 ARCALOCK, vr\u00e1tane Garmin XERO Arms a RailChanger X.<\/p>\n<\/div>\n","protected":false},"excerpt":{"rendered":"<p>Univerz\u00e1lna svorka ARCALOCK\/Picatinny pre presn\u00e9 strie\u013eanie.<\/p>\n","protected":false},"featured_media":115961,"template":"","meta":{"_acf_changed":false},"product_brand":[11044],"product_cat":[13345,13397],"product_tag":[],"class_list":{"0":"post-140990","1":"product","2":"type-product","3":"status-publish","4":"has-post-thumbnail","6":"product_brand-area-419","7":"product_cat-listy","8":"product_cat-puska","10":"first","11":"outofstock","12":"taxable","13":"shipping-taxable","14":"purchasable","15":"product-type-simple"},"acf":[],"_links":{"self":[{"href":"https:\/\/staging.nbg.eu\/sk\/wp-json\/wp\/v2\/product\/140990","targetHints":{"allow":["GET"]}}],"collection":[{"href":"https:\/\/staging.nbg.eu\/sk\/wp-json\/wp\/v2\/product"}],"about":[{"href":"https:\/\/staging.nbg.eu\/sk\/wp-json\/wp\/v2\/types\/product"}],"wp:featuredmedia":[{"embeddable":true,"href":"https:\/\/staging.nbg.eu\/sk\/wp-json\/wp\/v2\/media\/115961"}],"wp:attachment":[{"href":"https:\/\/staging.nbg.eu\/sk\/wp-json\/wp\/v2\/media?parent=140990"}],"wp:term":[{"taxonomy":"product_brand","embeddable":true,"href":"https:\/\/staging.nbg.eu\/sk\/wp-json\/wp\/v2\/product_brand?post=140990"},{"taxonomy":"product_cat","embeddable":true,"href":"https:\/\/staging.nbg.eu\/sk\/wp-json\/wp\/v2\/product_cat?post=140990"},{"taxonomy":"product_tag","embeddable":true,"href":"https:\/\/staging.nbg.eu\/sk\/wp-json\/wp\/v2\/product_tag?post=140990"}],"curies":[{"name":"wp","href":"https:\/\/api.w.org\/{rel}","templated":true}]}}