{"id":140884,"date":"2025-01-04T07:33:44","date_gmt":"2025-01-10T19:02:13","guid":{"rendered":"https:\/\/staging.nbg.eu\/product\/area-419-arcalock-qd-clamp\/"},"modified":"2025-01-10T19:03:54","modified_gmt":"2025-01-10T19:03:54","slug":"area-419-arcalock-qd-svorka","status":"publish","type":"product","link":"https:\/\/staging.nbg.eu\/sk\/produkt\/area-419-arcalock-qd-svorka\/","title":{"rendered":"Area 419 &#8211; ARCALOCK QD Svorka"},"content":{"rendered":"<div class=\"product-description\">\n<h2>Area 419 &#8211; ARCALOCK QD Svorka<\/h2>\n<p>ARCALOCK QD svorka od Area 419 je ur\u010den\u00e1 pre presn\u00e9 pu\u0161ky. T\u00e1to svorka funguje na v\u0161etk\u00fdch \u0161tandardn\u00fdch ARCA\/1,5&#8243; ko\u013eajniciach a poskytuje mechanicky uzamknut\u00e9 rie\u0161enie pre lep\u0161iu stabilitu.<\/p>\n<ul>\n<li>Dvojstup\u0148ov\u00fd skrutkov\u00fd dizajn pre r\u00fdchly pohyb a extra kr\u00fatiaci moment<\/li>\n<li>Kompatibiln\u00e1 s Atlas bipodmi a prisp\u00f4sobite\u013en\u00e1 pre Harris bipody<\/li>\n<li>Sp\u00e4tne kompatibiln\u00e1 so \u0161tandardn\u00fdmi ARCA ko\u013eajnicami<\/li>\n<li>Vyroben\u00e1 z hlin\u00edka 6061-T6 s \u010diernou anodiz\u00e1ciou typu III<\/li>\n<li>Skrutka z nehrdzavej\u00facej ocele 303 pre odolnos\u0165<\/li>\n<li>Hmotnos\u0165 72,5 gramov<\/li>\n<\/ul>\n<p>ARCALOCK QD svorka je navrhnut\u00e1 a vyroben\u00e1 v USA spolo\u010dnos\u0165ou Area 419.<\/p>\n<\/div>\n","protected":false},"excerpt":{"rendered":"<p>R\u00fdchlo odpojite\u013en\u00e1 svorka ARCA s uzamykac\u00edm mechanizmom pre bezpe\u010dn\u00e9 upevnenie.<\/p>\n","protected":false},"featured_media":115504,"template":"","meta":{"_acf_changed":false},"product_brand":[11044],"product_cat":[13345,13397,390],"product_tag":[],"class_list":{"0":"post-140884","1":"product","2":"type-product","3":"status-publish","4":"has-post-thumbnail","6":"product_brand-area-419","7":"product_cat-listy","8":"product_cat-puska","9":"product_cat-aiming","11":"first","12":"instock","13":"taxable","14":"shipping-taxable","15":"purchasable","16":"product-type-simple"},"acf":[],"_links":{"self":[{"href":"https:\/\/staging.nbg.eu\/sk\/wp-json\/wp\/v2\/product\/140884","targetHints":{"allow":["GET"]}}],"collection":[{"href":"https:\/\/staging.nbg.eu\/sk\/wp-json\/wp\/v2\/product"}],"about":[{"href":"https:\/\/staging.nbg.eu\/sk\/wp-json\/wp\/v2\/types\/product"}],"wp:featuredmedia":[{"embeddable":true,"href":"https:\/\/staging.nbg.eu\/sk\/wp-json\/wp\/v2\/media\/115504"}],"wp:attachment":[{"href":"https:\/\/staging.nbg.eu\/sk\/wp-json\/wp\/v2\/media?parent=140884"}],"wp:term":[{"taxonomy":"product_brand","embeddable":true,"href":"https:\/\/staging.nbg.eu\/sk\/wp-json\/wp\/v2\/product_brand?post=140884"},{"taxonomy":"product_cat","embeddable":true,"href":"https:\/\/staging.nbg.eu\/sk\/wp-json\/wp\/v2\/product_cat?post=140884"},{"taxonomy":"product_tag","embeddable":true,"href":"https:\/\/staging.nbg.eu\/sk\/wp-json\/wp\/v2\/product_tag?post=140884"}],"curies":[{"name":"wp","href":"https:\/\/api.w.org\/{rel}","templated":true}]}}