{"id":140607,"date":"2025-01-04T07:09:46","date_gmt":"2025-01-10T17:49:32","guid":{"rendered":"https:\/\/staging.nbg.eu\/product\/area-419-arcalock-arm-for-garmin-xero\/"},"modified":"2025-01-10T17:51:22","modified_gmt":"2025-01-10T17:51:22","slug":"area-419-arcalock-rameno-pre-garmin-xero","status":"publish","type":"product","link":"https:\/\/staging.nbg.eu\/sk\/produkt\/area-419-arcalock-rameno-pre-garmin-xero\/","title":{"rendered":"Area 419 &#8211; ARCALOCK Rameno pre Garmin Xero"},"content":{"rendered":"<div class=\"product-description\">\n<h2>Area 419 &#8211; ARCALOCK rameno pre Garmin Xero C1<\/h2>\n<p>ARCALOCK rameno roz\u0161iruje mo\u017enosti upevnenia v\u00e1\u0161ho Garmin Xero C1. Tento doplnok umo\u017e\u0148uje viacero sp\u00f4sobov mont\u00e1\u017ee:<\/p>\n<ul>\n<li>V l\u00ednii s hlav\u0148ou (ako odrazov\u00fd most\u00edk alebo bo\u010dn\u00e1 mont\u00e1\u017e)<\/li>\n<li>S posunom pomocou ARCA li\u0161ty alebo pred\u013a\u017eenej picatinny li\u0161ty<\/li>\n<li>Odn\u00edmate\u013en\u00e9 pre pou\u017eitie na akomko\u013evek stat\u00edve kompatibilnom s ARCA<\/li>\n<\/ul>\n<p>Toto rameno je vyroben\u00e9 z hlin\u00edkov\u00e9ho bloku a m\u00e1 17S mont\u00e1\u017eny vzor kompatibiln\u00fd s na\u0161imi Arcalock svorkami alebo QD picatinny p\u00e1kov\u00fdmi svorkami. Je doplnkom ku Garmin Xero C1 Chronografu.<\/p>\n<h3>\u0160pecifik\u00e1cie:<\/h3>\n<ul>\n<li>Hmotnos\u0165: 0,45 kg<\/li>\n<li>Rozmery: 15,24 cm \u00d7 10,16 cm \u00d7 2,54 cm<\/li>\n<\/ul>\n<\/div>\n","protected":false},"excerpt":{"rendered":"<p>Univerz\u00e1lny dr\u017eiak pre Garmin Xero C1: Kompatibiln\u00fd s hlav\u0148ou, li\u0161tou alebo stat\u00edvom.<\/p>\n","protected":false},"featured_media":114892,"template":"","meta":{"_acf_changed":false},"product_brand":[11044],"product_cat":[13345,13397],"product_tag":[],"class_list":{"0":"post-140607","1":"product","2":"type-product","3":"status-publish","4":"has-post-thumbnail","6":"product_brand-area-419","7":"product_cat-listy","8":"product_cat-puska","10":"first","11":"instock","12":"taxable","13":"shipping-taxable","14":"purchasable","15":"product-type-variable","16":"wvs-archive-product-wrapper"},"acf":[],"_links":{"self":[{"href":"https:\/\/staging.nbg.eu\/sk\/wp-json\/wp\/v2\/product\/140607","targetHints":{"allow":["GET"]}}],"collection":[{"href":"https:\/\/staging.nbg.eu\/sk\/wp-json\/wp\/v2\/product"}],"about":[{"href":"https:\/\/staging.nbg.eu\/sk\/wp-json\/wp\/v2\/types\/product"}],"wp:featuredmedia":[{"embeddable":true,"href":"https:\/\/staging.nbg.eu\/sk\/wp-json\/wp\/v2\/media\/114892"}],"wp:attachment":[{"href":"https:\/\/staging.nbg.eu\/sk\/wp-json\/wp\/v2\/media?parent=140607"}],"wp:term":[{"taxonomy":"product_brand","embeddable":true,"href":"https:\/\/staging.nbg.eu\/sk\/wp-json\/wp\/v2\/product_brand?post=140607"},{"taxonomy":"product_cat","embeddable":true,"href":"https:\/\/staging.nbg.eu\/sk\/wp-json\/wp\/v2\/product_cat?post=140607"},{"taxonomy":"product_tag","embeddable":true,"href":"https:\/\/staging.nbg.eu\/sk\/wp-json\/wp\/v2\/product_tag?post=140607"}],"curies":[{"name":"wp","href":"https:\/\/api.w.org\/{rel}","templated":true}]}}