{"id":140343,"date":"2025-01-04T04:41:18","date_gmt":"2025-01-10T15:17:05","guid":{"rendered":"https:\/\/staging.nbg.eu\/product\/area-419-arcalock-12-m-lok-dovetail-rail\/"},"modified":"2025-01-10T15:18:55","modified_gmt":"2025-01-10T15:18:55","slug":"area-419-arcalock-12-m-lok-dovetail-rail","status":"publish","type":"product","link":"https:\/\/staging.nbg.eu\/sk\/produkt\/area-419-arcalock-12-m-lok-dovetail-rail\/","title":{"rendered":"Area 419 &#8211; ARCALOCK 12&#8243; M-LOK Dovetail Rail"},"content":{"rendered":"<div class=\"product-description\">\n<h2>Area 419 &#8211; ARCALOCK 12&#8243; M-LOK Dovetailov\u00e1 li\u0161ta<\/h2>\n<p>ARCALOCK 12&#8243; M-LOK Dovetailov\u00e1 li\u0161ta od Area 419 m\u00e1 tieto vlastnosti:<\/p>\n<ul>\n<li>Vr\u00fabkovan\u00e9 strany li\u0161ty pre mechanick\u00e9 uzamykanie so svorkami Area 419<\/li>\n<li>Sp\u00e4tn\u00e1 kompatibilita so \u0161tandardn\u00fdm pr\u00edslu\u0161enstvom Arca<\/li>\n<li>D\u013a\u017eka 12 palcov<\/li>\n<li>Hmotnos\u0165 4,1 unce<\/li>\n<li>Kompatibilita s RRS 1,5&#8243; dovetailov\u00fdm \u0161tandardom<\/li>\n<li>Skosen\u00e9 hrany a zaoblen\u00e9 rohy<\/li>\n<li>Povrchov\u00e1 \u00faprava tvrd\u00fdm eloxovan\u00edm typu 3<\/li>\n<li>Vyroben\u00e9 v USA z hlin\u00edka 6061-T6<\/li>\n<li>M-LOK sloty na spodnej strane pre \u010fal\u0161ie pr\u00edslu\u0161enstvo<\/li>\n<\/ul>\n<p>ARCALOCK li\u0161ta je navrhnut\u00e1 tak, aby sa zabr\u00e1nilo k\u013azaniu pod tlakom. Obsahuje v\u0161etok potrebn\u00fd mont\u00e1\u017eny hardv\u00e9r M-LOK.<\/p>\n<p><strong>Pozn\u00e1mka:<\/strong> Vy\u017eaduje 6 po sebe id\u00facich MLOK slotov pre pripevnenie. Zadn\u00e1 naklonen\u00e1 barik\u00e1dov\u00e1 zar\u00e1\u017eka sa pred\u00e1va samostatne.<\/p>\n<\/div>\n","protected":false},"excerpt":{"rendered":"<p>Uzamykate\u013en\u00e1 12&#8243; ARCA li\u0161ta s M-LOK slotmi. Vr\u00fabkovan\u00e9 boky, \u013eahk\u00e1, odoln\u00e1.<\/p>\n","protected":false},"featured_media":112421,"template":"","meta":{"_acf_changed":false},"product_brand":[11044],"product_cat":[13345,13397,390],"product_tag":[],"class_list":{"0":"post-140343","1":"product","2":"type-product","3":"status-publish","4":"has-post-thumbnail","6":"product_brand-area-419","7":"product_cat-listy","8":"product_cat-puska","9":"product_cat-aiming","11":"first","12":"instock","13":"taxable","14":"shipping-taxable","15":"purchasable","16":"product-type-variable","17":"wvs-archive-product-wrapper"},"acf":[],"_links":{"self":[{"href":"https:\/\/staging.nbg.eu\/sk\/wp-json\/wp\/v2\/product\/140343","targetHints":{"allow":["GET"]}}],"collection":[{"href":"https:\/\/staging.nbg.eu\/sk\/wp-json\/wp\/v2\/product"}],"about":[{"href":"https:\/\/staging.nbg.eu\/sk\/wp-json\/wp\/v2\/types\/product"}],"wp:featuredmedia":[{"embeddable":true,"href":"https:\/\/staging.nbg.eu\/sk\/wp-json\/wp\/v2\/media\/112421"}],"wp:attachment":[{"href":"https:\/\/staging.nbg.eu\/sk\/wp-json\/wp\/v2\/media?parent=140343"}],"wp:term":[{"taxonomy":"product_brand","embeddable":true,"href":"https:\/\/staging.nbg.eu\/sk\/wp-json\/wp\/v2\/product_brand?post=140343"},{"taxonomy":"product_cat","embeddable":true,"href":"https:\/\/staging.nbg.eu\/sk\/wp-json\/wp\/v2\/product_cat?post=140343"},{"taxonomy":"product_tag","embeddable":true,"href":"https:\/\/staging.nbg.eu\/sk\/wp-json\/wp\/v2\/product_tag?post=140343"}],"curies":[{"name":"wp","href":"https:\/\/api.w.org\/{rel}","templated":true}]}}