{"id":139439,"date":"2025-01-04T07:39:43","date_gmt":"2025-01-10T10:50:17","guid":{"rendered":"https:\/\/staging.nbg.eu\/product\/area-419-arcalock-fixed-barricade-block\/"},"modified":"2025-01-10T10:51:55","modified_gmt":"2025-01-10T10:51:55","slug":"area-419-arcalock-pevny-barikadovy-blok","status":"publish","type":"product","link":"https:\/\/staging.nbg.eu\/sk\/produkt\/area-419-arcalock-pevny-barikadovy-blok\/","title":{"rendered":"Area 419 &#8211; ARCALOCK pevn\u00fd barik\u00e1dov\u00fd blok"},"content":{"rendered":"<div class=\"product-description\">\n<h2>Area 419 &#8211; ARCALOCK Pevn\u00fd Blok Barik\u00e1dy<\/h2>\n<p>ARCALOCK Pevn\u00fd Blok Barik\u00e1dy je navrhnut\u00fd pre ploch\u00e9 ARCALOCK ko\u013eajnice. Toto pr\u00edslu\u0161enstvo sa nas\u00fava na 12&#8243; univerz\u00e1lne, M-LOK, Keymod a MPA ko\u013eajnice, poskytuj\u00fac bezpe\u010dn\u00fa a prisp\u00f4sobite\u013en\u00fa zar\u00e1\u017eku.<\/p>\n<ul>\n<li>1-1\/8&#8243; vysok\u00fd od spodku ko\u013eajnice<\/li>\n<li>Dr\u00e1\u017ekovan\u00fd povrch pre lep\u0161ie uchopenie<\/li>\n<li>Dizajn so svorkou a nastavovacou skrutkou pre zaru\u010den\u00fa stabilitu<\/li>\n<li>Vyroben\u00fd z hlin\u00edka 6061-T6<\/li>\n<li>Povrchov\u00e1 \u00faprava \u010diernym tvrd\u00fdm eloxovan\u00edm typu III<\/li>\n<li>Obsahuje 3\/32&#8243; k\u013e\u00fa\u010d na nastavenie<\/li>\n<\/ul>\n<p>S hmotnos\u0165ou 0,2 libry a rozmermi 2&#8243; x 1,5&#8243; x 1,5&#8243; tento kompaktn\u00fd blok pon\u00faka odolnos\u0165 a presnos\u0165 pre strelcov.<\/p>\n<\/div>\n","protected":false},"excerpt":{"rendered":"<p>Bezpe\u010dn\u00e1, nastavite\u013en\u00e1 zar\u00e1\u017eka pre ko\u013eajnice ARCALOCK. Hlin\u00edkov\u00e1, s dr\u00e1\u017ekovan\u00fdm \u00fachopom.<\/p>\n","protected":false},"featured_media":115554,"template":"","meta":{"_acf_changed":false},"product_brand":[11044],"product_cat":[13345,13397,390],"product_tag":[],"class_list":{"0":"post-139439","1":"product","2":"type-product","3":"status-publish","4":"has-post-thumbnail","6":"product_brand-area-419","7":"product_cat-listy","8":"product_cat-puska","9":"product_cat-aiming","11":"first","12":"instock","13":"taxable","14":"shipping-taxable","15":"purchasable","16":"product-type-simple"},"acf":[],"_links":{"self":[{"href":"https:\/\/staging.nbg.eu\/sk\/wp-json\/wp\/v2\/product\/139439","targetHints":{"allow":["GET"]}}],"collection":[{"href":"https:\/\/staging.nbg.eu\/sk\/wp-json\/wp\/v2\/product"}],"about":[{"href":"https:\/\/staging.nbg.eu\/sk\/wp-json\/wp\/v2\/types\/product"}],"wp:featuredmedia":[{"embeddable":true,"href":"https:\/\/staging.nbg.eu\/sk\/wp-json\/wp\/v2\/media\/115554"}],"wp:attachment":[{"href":"https:\/\/staging.nbg.eu\/sk\/wp-json\/wp\/v2\/media?parent=139439"}],"wp:term":[{"taxonomy":"product_brand","embeddable":true,"href":"https:\/\/staging.nbg.eu\/sk\/wp-json\/wp\/v2\/product_brand?post=139439"},{"taxonomy":"product_cat","embeddable":true,"href":"https:\/\/staging.nbg.eu\/sk\/wp-json\/wp\/v2\/product_cat?post=139439"},{"taxonomy":"product_tag","embeddable":true,"href":"https:\/\/staging.nbg.eu\/sk\/wp-json\/wp\/v2\/product_tag?post=139439"}],"curies":[{"name":"wp","href":"https:\/\/api.w.org\/{rel}","templated":true}]}}