{"id":139329,"date":"2025-01-04T11:28:41","date_gmt":"2025-01-04T11:28:41","guid":{"rendered":"https:\/\/staging.nbg.eu\/product\/area-419-3-inch-stackable-drop-tube\/"},"modified":"2025-01-10T10:36:51","modified_gmt":"2025-01-10T10:36:51","slug":"area-419-3-palcova-stohovatelna-nasypka","status":"publish","type":"product","link":"https:\/\/staging.nbg.eu\/sk\/produkt\/area-419-3-palcova-stohovatelna-nasypka\/","title":{"rendered":"Area 419 &#8211; 3 palcov\u00e1 stohovate\u013en\u00e1 n\u00e1sypka"},"content":{"rendered":"<h2>Area 419 &#8211; 7,62 cm stohovate\u013en\u00e1 n\u00e1sypka<\/h2>\n<p>N\u00e1sypka Area 419 s d\u013a\u017ekou 7,62 cm je ur\u010den\u00e1 na pou\u017eitie s extrudovan\u00fdmi prachmi a umo\u017e\u0148uje pln\u0161ie plnenie n\u00e1bojn\u00edc.<\/p>\n<h2>Hlavn\u00e9 vlastnosti:<\/h2>\n<ul>\n<li>Kompatibiln\u00e1 so syst\u00e9mom v\u00fdmenn\u00fdch hlav\u00edc Area 419<\/li>\n<li>D\u013a\u017eka 7,62 cm, stohovate\u013en\u00e1 pre vlastn\u00e9 v\u00fd\u0161ky<\/li>\n<li>Prij\u00edma hlavice \u0161pecifick\u00e9 pre jednotliv\u00e9 kalibry<\/li>\n<li>Vyroben\u00e1 z hlin\u00edka 6061-T6<\/li>\n<li>Povrchov\u00e1 \u00faprava anodizovan\u00edm typu II<\/li>\n<\/ul>\n<h2>\u0160pecifik\u00e1cie:<\/h2>\n<ul>\n<li>Hmotnos\u0165: 90,7 g<\/li>\n<li>Rozmery: 7,62 cm \u00d7 2,03 cm \u00d7 2,03 cm<\/li>\n<li>V\u00fdrobca: Area 419<\/li>\n<\/ul>\n<p>T\u00e1to n\u00e1sypka je ur\u010den\u00e1 na presn\u00e9 preb\u00edjanie.<\/p>\n","protected":false},"excerpt":{"rendered":"<p>Stohovate\u013en\u00e1 7,62 cm (3-palcov\u00e1) trubica na pr\u00e1\u0161ok pre efekt\u00edvne plnenie n\u00e1bojn\u00edc. Hlin\u00edkov\u00e1.<\/p>\n","protected":false},"featured_media":119172,"template":"","meta":{"_acf_changed":false},"product_brand":[11044],"product_cat":[13393,13347],"product_tag":[],"class_list":{"0":"post-139329","1":"product","2":"type-product","3":"status-publish","4":"has-post-thumbnail","6":"product_brand-area-419","7":"product_cat-nabijanie-nabojov","8":"product_cat-prislusenstvo-na-nabijanie","10":"first","11":"outofstock","12":"taxable","13":"shipping-taxable","14":"purchasable","15":"product-type-simple"},"acf":[],"_links":{"self":[{"href":"https:\/\/staging.nbg.eu\/sk\/wp-json\/wp\/v2\/product\/139329","targetHints":{"allow":["GET"]}}],"collection":[{"href":"https:\/\/staging.nbg.eu\/sk\/wp-json\/wp\/v2\/product"}],"about":[{"href":"https:\/\/staging.nbg.eu\/sk\/wp-json\/wp\/v2\/types\/product"}],"wp:featuredmedia":[{"embeddable":true,"href":"https:\/\/staging.nbg.eu\/sk\/wp-json\/wp\/v2\/media\/119172"}],"wp:attachment":[{"href":"https:\/\/staging.nbg.eu\/sk\/wp-json\/wp\/v2\/media?parent=139329"}],"wp:term":[{"taxonomy":"product_brand","embeddable":true,"href":"https:\/\/staging.nbg.eu\/sk\/wp-json\/wp\/v2\/product_brand?post=139329"},{"taxonomy":"product_cat","embeddable":true,"href":"https:\/\/staging.nbg.eu\/sk\/wp-json\/wp\/v2\/product_cat?post=139329"},{"taxonomy":"product_tag","embeddable":true,"href":"https:\/\/staging.nbg.eu\/sk\/wp-json\/wp\/v2\/product_tag?post=139329"}],"curies":[{"name":"wp","href":"https:\/\/api.w.org\/{rel}","templated":true}]}}