{"id":139202,"date":"2025-01-04T11:14:34","date_gmt":"2025-01-04T11:14:34","guid":{"rendered":"https:\/\/staging.nbg.eu\/product\/fixed-scope-level-for-area-419-rings-and-mounts\/"},"modified":"2025-01-10T10:28:32","modified_gmt":"2025-01-10T10:28:32","slug":"pevna-vodovaha-na-optiku-pre-area-419-kruzky-a-montaze","status":"publish","type":"product","link":"https:\/\/staging.nbg.eu\/sk\/produkt\/pevna-vodovaha-na-optiku-pre-area-419-kruzky-a-montaze\/","title":{"rendered":"Pevn\u00e1 vodov\u00e1ha na optiku pre Area 419 kr\u00fa\u017eky a mont\u00e1\u017ee"},"content":{"rendered":"<div class=\"product-description\">\n<h2>Pevn\u00e1 vodov\u00e1ha pre kr\u00fa\u017eky a mont\u00e1\u017ee Area 419<\/h2>\n<p>Na\u0161a pevn\u00e1 vodov\u00e1ha pre pu\u0161koh\u013ead. T\u00e1to vodov\u00e1ha m\u00e1 tieto vlastnosti:<\/p>\n<ul>\n<li>Dobre vidite\u013en\u00e1 libela pre jednoduch\u00e9 od\u010d\u00edtanie<\/li>\n<li>Dizajn kompatibiln\u00fd s viacer\u00fdmi mont\u00e1\u017enymi bodmi<\/li>\n<li>Vyroben\u00e1 z hlin\u00edka 6061<\/li>\n<li>Vyroben\u00e9 v Amerike<\/li>\n<\/ul>\n<p>Pre strelcov, ktor\u00ed vy\u017eaduj\u00fa presnos\u0165. M\u00f4\u017ee sa namontova\u0165 na na\u0161e kr\u00fa\u017eky a mont\u00e1\u017ee pod\u013ea v\u00e1\u0161ho v\u00fdberu.<\/p>\n<h3>\u0160pecifik\u00e1cie:<\/h3>\n<ul>\n<li>Hmotnos\u0165: 0,23 kg<\/li>\n<li>Rozmery: 15,24 \u00d7 10,16 \u00d7 2,54 cm<\/li>\n<\/ul>\n<p>Pevn\u00e1 vodov\u00e1ha pre pu\u0161koh\u013ead &#8211; jednoduchos\u0165 a presnos\u0165.<\/p>\n<\/div>\n","protected":false},"excerpt":{"rendered":"<p>\u201eVidite\u013en\u00e1, opakovate\u013en\u00e1 \u00farove\u0148 pu\u0161koh\u013eadu. Hlin\u00edk vyroben\u00fd v USA. V\u0161estrann\u00e9 upevnenie.&#8220;<\/p>\n","protected":false},"featured_media":118930,"template":"","meta":{"_acf_changed":false},"product_brand":[11044],"product_cat":[13373,13330],"product_tag":[],"class_list":{"0":"post-139202","1":"product","2":"type-product","3":"status-publish","4":"has-post-thumbnail","6":"product_brand-area-419","7":"product_cat-mierenie","8":"product_cat-mierenske-prislusenstvo","10":"first","11":"instock","12":"taxable","13":"shipping-taxable","14":"purchasable","15":"product-type-simple"},"acf":[],"_links":{"self":[{"href":"https:\/\/staging.nbg.eu\/sk\/wp-json\/wp\/v2\/product\/139202","targetHints":{"allow":["GET"]}}],"collection":[{"href":"https:\/\/staging.nbg.eu\/sk\/wp-json\/wp\/v2\/product"}],"about":[{"href":"https:\/\/staging.nbg.eu\/sk\/wp-json\/wp\/v2\/types\/product"}],"wp:featuredmedia":[{"embeddable":true,"href":"https:\/\/staging.nbg.eu\/sk\/wp-json\/wp\/v2\/media\/118930"}],"wp:attachment":[{"href":"https:\/\/staging.nbg.eu\/sk\/wp-json\/wp\/v2\/media?parent=139202"}],"wp:term":[{"taxonomy":"product_brand","embeddable":true,"href":"https:\/\/staging.nbg.eu\/sk\/wp-json\/wp\/v2\/product_brand?post=139202"},{"taxonomy":"product_cat","embeddable":true,"href":"https:\/\/staging.nbg.eu\/sk\/wp-json\/wp\/v2\/product_cat?post=139202"},{"taxonomy":"product_tag","embeddable":true,"href":"https:\/\/staging.nbg.eu\/sk\/wp-json\/wp\/v2\/product_tag?post=139202"}],"curies":[{"name":"wp","href":"https:\/\/api.w.org\/{rel}","templated":true}]}}