{"id":139095,"date":"2025-01-04T11:21:50","date_gmt":"2025-01-04T11:21:50","guid":{"rendered":"https:\/\/staging.nbg.eu\/product\/area-419-master-funnel-kit\/"},"modified":"2025-01-10T10:23:12","modified_gmt":"2025-01-10T10:23:12","slug":"area-419-master-suprava-lievik","status":"publish","type":"product","link":"https:\/\/staging.nbg.eu\/sk\/produkt\/area-419-master-suprava-lievik\/","title":{"rendered":"Area 419 &#8211; Master s\u00faprava lievik"},"content":{"rendered":"<h2>Area 419 &#8211; S\u00faprava hlavn\u00fdch lievikov<\/h2>\n<p>S\u00faprava Area 419 hlavn\u00fdch lievikov obsahuje:<\/p>\n<ul>\n<li>1 telo lievika<\/li>\n<li>6 farebne ozna\u010den\u00fdch hl\u00e1v pre \u0161pecifick\u00e9 kalibre (22 cal, 6mm\/243, 6.5mm\/264, 7mm\/284, 30 cal, 338 cal)<\/li>\n<li>1 \u00falo\u017en\u00fd blok<\/li>\n<\/ul>\n<p>Vyroben\u00e9 z hlin\u00edka 6061-T6, tento lievik zni\u017euje statick\u00fd n\u00e1boj a zlep\u0161uje tok prachu. Vymenite\u013en\u00e9 hlavy poskytuj\u00fa presn\u00e9 prisp\u00f4sobenie pre ka\u017ed\u00fd kaliber. Dizajn zah\u0155\u0148a:<\/p>\n<ul>\n<li>Dr\u00e1\u017ekovan\u00fd interi\u00e9r pre lep\u0161\u00ed tok prachu<\/li>\n<li>Rukov\u00e4te pre \u013eahk\u00e9 uchopenie<\/li>\n<li>Hladk\u00e9 povrchy na zabr\u00e1nenie pri\u013enutiu prachu<\/li>\n<\/ul>\n<p>Vyroben\u00e9 v USA, t\u00e1to s\u00faprava je ur\u010den\u00e1 pre presn\u00e9 preb\u00edjanie.<\/p>\n","protected":false},"excerpt":{"rendered":"<p>S\u00faprava Area 419 Master Funnel Kit: Presn\u00e9 preb\u00edjanie so 6 kalibrov\u00fdmi hlavicami.<\/p>\n","protected":false},"featured_media":119074,"template":"","meta":{"_acf_changed":false},"product_brand":[11044],"product_cat":[13393,13347],"product_tag":[],"class_list":{"0":"post-139095","1":"product","2":"type-product","3":"status-publish","4":"has-post-thumbnail","6":"product_brand-area-419","7":"product_cat-nabijanie-nabojov","8":"product_cat-prislusenstvo-na-nabijanie","10":"first","11":"instock","12":"taxable","13":"shipping-taxable","14":"purchasable","15":"product-type-simple"},"acf":[],"_links":{"self":[{"href":"https:\/\/staging.nbg.eu\/sk\/wp-json\/wp\/v2\/product\/139095","targetHints":{"allow":["GET"]}}],"collection":[{"href":"https:\/\/staging.nbg.eu\/sk\/wp-json\/wp\/v2\/product"}],"about":[{"href":"https:\/\/staging.nbg.eu\/sk\/wp-json\/wp\/v2\/types\/product"}],"wp:featuredmedia":[{"embeddable":true,"href":"https:\/\/staging.nbg.eu\/sk\/wp-json\/wp\/v2\/media\/119074"}],"wp:attachment":[{"href":"https:\/\/staging.nbg.eu\/sk\/wp-json\/wp\/v2\/media?parent=139095"}],"wp:term":[{"taxonomy":"product_brand","embeddable":true,"href":"https:\/\/staging.nbg.eu\/sk\/wp-json\/wp\/v2\/product_brand?post=139095"},{"taxonomy":"product_cat","embeddable":true,"href":"https:\/\/staging.nbg.eu\/sk\/wp-json\/wp\/v2\/product_cat?post=139095"},{"taxonomy":"product_tag","embeddable":true,"href":"https:\/\/staging.nbg.eu\/sk\/wp-json\/wp\/v2\/product_tag?post=139095"}],"curies":[{"name":"wp","href":"https:\/\/api.w.org\/{rel}","templated":true}]}}