{"id":137809,"date":"2025-01-04T10:53:28","date_gmt":"2025-01-04T10:53:28","guid":{"rendered":"https:\/\/staging.nbg.eu\/product\/area-419-harris-bipod-adapter\/"},"modified":"2025-01-09T15:58:41","modified_gmt":"2025-01-09T15:58:41","slug":"area-419-harris-adapter-pre-dvojnozku","status":"publish","type":"product","link":"https:\/\/staging.nbg.eu\/sk\/produkt\/area-419-harris-adapter-pre-dvojnozku\/","title":{"rendered":"Area 419 &#8211; Harris adapt\u00e9r pre dvojno\u017eku"},"content":{"rendered":"<div class=\"product-description\">\n<h2>Area 419 &#8211; Adapt\u00e9r pre dvojno\u017eku Harris<\/h2>\n<p>Adapt\u00e9r Area 419 je navrhnut\u00fd pre oto\u010dn\u00e9 dvojno\u017eky Harris typu &#8222;S&#8220;. Tento adapt\u00e9r umo\u017e\u0148uje pripevnenie dvojno\u017eky na z\u00e1kladne ARCALOCK Clamp alebo adapt\u00e9ry Atlas Bipod.<\/p>\n<ul>\n<li>Nahr\u00e1dza p\u00f4vodn\u00fa oto\u010dn\u00fa mont\u00e1\u017enu platformu<\/li>\n<li>Kompatibiln\u00fd s tov\u00e1renskou nap\u00ednacou skrutkou alebo KMW Pod Loc<\/li>\n<li>Vyroben\u00fd z hlin\u00edka 6061-T6<\/li>\n<li>Povrchov\u00e1 \u00faprava Type III Black Hardcoat Anodized<\/li>\n<li>Hmotnos\u0165 0,2 libry<\/li>\n<li>Rozmery: 1,5 \u00d7 1,5 \u00d7 1,5 palca<\/li>\n<\/ul>\n<p><strong>Pozn\u00e1mka:<\/strong> Dvojno\u017eka a svorka nie s\u00fa s\u00fa\u010das\u0165ou balenia. Nie je kompatibiln\u00fd s Barricade Stop.<\/p>\n<\/div>\n","protected":false},"excerpt":{"rendered":"<p>Prisp\u00f4sobte oto\u010dn\u00e9 dvojno\u017eky Harris syst\u00e9mom ARCALOCK alebo Atlas.<\/p>\n","protected":false},"featured_media":117902,"template":"","meta":{"_acf_changed":false},"product_brand":[11044],"product_cat":[13390,13345,13397],"product_tag":[],"class_list":{"0":"post-137809","1":"product","2":"type-product","3":"status-publish","4":"has-post-thumbnail","6":"product_brand-area-419","7":"product_cat-dvojnozky","8":"product_cat-listy","9":"product_cat-puska","11":"first","12":"outofstock","13":"taxable","14":"shipping-taxable","15":"purchasable","16":"product-type-simple"},"acf":[],"_links":{"self":[{"href":"https:\/\/staging.nbg.eu\/sk\/wp-json\/wp\/v2\/product\/137809","targetHints":{"allow":["GET"]}}],"collection":[{"href":"https:\/\/staging.nbg.eu\/sk\/wp-json\/wp\/v2\/product"}],"about":[{"href":"https:\/\/staging.nbg.eu\/sk\/wp-json\/wp\/v2\/types\/product"}],"wp:featuredmedia":[{"embeddable":true,"href":"https:\/\/staging.nbg.eu\/sk\/wp-json\/wp\/v2\/media\/117902"}],"wp:attachment":[{"href":"https:\/\/staging.nbg.eu\/sk\/wp-json\/wp\/v2\/media?parent=137809"}],"wp:term":[{"taxonomy":"product_brand","embeddable":true,"href":"https:\/\/staging.nbg.eu\/sk\/wp-json\/wp\/v2\/product_brand?post=137809"},{"taxonomy":"product_cat","embeddable":true,"href":"https:\/\/staging.nbg.eu\/sk\/wp-json\/wp\/v2\/product_cat?post=137809"},{"taxonomy":"product_tag","embeddable":true,"href":"https:\/\/staging.nbg.eu\/sk\/wp-json\/wp\/v2\/product_tag?post=137809"}],"curies":[{"name":"wp","href":"https:\/\/api.w.org\/{rel}","templated":true}]}}