{"id":137063,"date":"2024-01-30T18:18:15","date_gmt":"2024-01-30T18:18:15","guid":{"rendered":"https:\/\/staging.nbg.eu\/product\/geissele-gfr-6mm-arc-maritime-reconnaissance-18-rifle-ddc\/"},"modified":"2025-01-09T10:24:01","modified_gmt":"2025-01-09T10:24:01","slug":"geissele-gfr-6mm-arc-maritime-reconnaissance-18-puska-ddc","status":"publish","type":"product","link":"https:\/\/staging.nbg.eu\/sk\/produkt\/geissele-gfr-6mm-arc-maritime-reconnaissance-18-puska-ddc\/","title":{"rendered":"Geissele GFR 6MM ARC Maritime Reconnaissance, 18&#8243;, pu\u0161ka &#8211; DDC"},"content":{"rendered":"<div class=\"product-description\">\n<h2>Geissele GFR 6MM ARC N\u00e1morn\u00e1 prieskumn\u00e1 pu\u0161ka &#8211; DDC<\/h2>\n<p>Geissele Freedom Rifle (GFR) 18&#8243; N\u00e1morn\u00e1 prieskumn\u00e1 pu\u0161ka je AR15 streln\u00e1 zbra\u0148 kombinuj\u00faca presn\u00e9 in\u017einierstvo a pokro\u010dil\u00fa technol\u00f3giu.<\/p>\n<h2>Hlavn\u00e9 vlastnosti:<\/h2>\n<ul>\n<li>18&#8243; hlave\u0148 pokryt\u00e1 chr\u00f3mom, kovan\u00e1 za studena (1:7.5 st\u00fapanie)<\/li>\n<li>Kaliber 6MM ARC pre presnos\u0165 na dlh\u00e9 vzdialenosti<\/li>\n<li>GFR-E sp\u00fa\u0161\u0165 s Nanoweapon povrchovou \u00fapravou<\/li>\n<li>Spo\u013eahlivos\u0165ou vylep\u0161en\u00e1 zostava nosi\u010da z\u00e1veru (REBCG) s Nanoweapon povrchovou \u00fapravou<\/li>\n<li>16.5&#8243; MK16 Super modul\u00e1rna li\u0161ta so stredov\u00fdm zarovn\u00e1vac\u00edm v\u00fdstupkom<\/li>\n<li>HUXWRX tlmi\u010d v\u00fd\u0161\u013eahu-QD 6MM ARC \u00fastrojenstvo pripraven\u00e9 na tlmi\u010d<\/li>\n<li>Geissele Super nab\u00edjacia rukov\u00e4\u0165 a n\u00e1morn\u00fd zachyt\u00e1va\u010d z\u00e1veru<\/li>\n<li>Geissele SBS pa\u017eba so \u0161tyrmi QD otvormi na popruh<\/li>\n<li>Super 42 pufrovac\u00ed syst\u00e9m<\/li>\n<li>Povrchov\u00e1 \u00faprava Desert Dirt Color (DDC)<\/li>\n<\/ul>\n<h2>Technick\u00e9 \u0161pecifik\u00e1cie:<\/h2>\n<ul>\n<li>D\u013a\u017eka (zlo\u017een\u00e1): 36 1\/8&#8243;<\/li>\n<li>D\u013a\u017eka (rozlo\u017een\u00e1): 39 3\/8&#8243;<\/li>\n<li>Hmotnos\u0165: Pribli\u017ene 7.8 lbs<\/li>\n<li>Plynov\u00fd syst\u00e9m: Pu\u0161kov\u00fd d\u013a\u017eka +1<\/li>\n<li>Plynov\u00fd blok: Antistrike Super kompaktn\u00fd plynov\u00fd blok<\/li>\n<\/ul>\n<p>GFR N\u00e1morn\u00e1 prieskumn\u00e1 pu\u0161ka m\u00e1 Geissele Nanoweapon povrchov\u00fa \u00fapravu, ktor\u00e1 poskytuje odolnos\u0165 vo\u010di kor\u00f3zii, opotrebovaniu a oderu. Tento povrch zabezpe\u010duje \u013eahk\u00e9 \u010distenie a spo\u013eahliv\u00fa prev\u00e1dzku s minim\u00e1lnym mazan\u00edm.<\/p>\n<p>Geissele GFR 6MM ARC N\u00e1morn\u00e1 prieskumn\u00e1 pu\u0161ka je kombin\u00e1ciou inov\u00e1cie a presnosti.<\/p>\n<\/div>\n","protected":false},"excerpt":{"rendered":"<p>Presne skon\u0161truovan\u00e1 18-palcov\u00e1 pu\u0161ka kalibru 6 MM ARC s pokro\u010dil\u00fdmi funkciami pre n\u00e1morn\u00e9 pou\u017eitie.<\/p>\n","protected":false},"featured_media":81529,"template":"","meta":{"_acf_changed":false},"product_brand":[11391],"product_cat":[13394,13397],"product_tag":[],"class_list":{"0":"post-137063","1":"product","2":"type-product","3":"status-publish","4":"has-post-thumbnail","6":"product_brand-geissele","7":"product_cat-karabiny","8":"product_cat-puska","10":"first","11":"instock","12":"taxable","13":"shipping-taxable","14":"product-type-simple"},"acf":[],"_links":{"self":[{"href":"https:\/\/staging.nbg.eu\/sk\/wp-json\/wp\/v2\/product\/137063","targetHints":{"allow":["GET"]}}],"collection":[{"href":"https:\/\/staging.nbg.eu\/sk\/wp-json\/wp\/v2\/product"}],"about":[{"href":"https:\/\/staging.nbg.eu\/sk\/wp-json\/wp\/v2\/types\/product"}],"wp:featuredmedia":[{"embeddable":true,"href":"https:\/\/staging.nbg.eu\/sk\/wp-json\/wp\/v2\/media\/81529"}],"wp:attachment":[{"href":"https:\/\/staging.nbg.eu\/sk\/wp-json\/wp\/v2\/media?parent=137063"}],"wp:term":[{"taxonomy":"product_brand","embeddable":true,"href":"https:\/\/staging.nbg.eu\/sk\/wp-json\/wp\/v2\/product_brand?post=137063"},{"taxonomy":"product_cat","embeddable":true,"href":"https:\/\/staging.nbg.eu\/sk\/wp-json\/wp\/v2\/product_cat?post=137063"},{"taxonomy":"product_tag","embeddable":true,"href":"https:\/\/staging.nbg.eu\/sk\/wp-json\/wp\/v2\/product_tag?post=137063"}],"curies":[{"name":"wp","href":"https:\/\/api.w.org\/{rel}","templated":true}]}}