{"id":136592,"date":"2024-11-26T10:16:42","date_gmt":"2024-11-26T10:16:42","guid":{"rendered":"https:\/\/staging.nbg.eu\/product\/geissele-alg-defense-barrel-nut-wrench\/"},"modified":"2025-01-09T09:21:27","modified_gmt":"2025-01-09T09:21:27","slug":"geissele-alg-defense-kluc-na-maticu-hlavne","status":"publish","type":"product","link":"https:\/\/staging.nbg.eu\/sk\/produkt\/geissele-alg-defense-kluc-na-maticu-hlavne\/","title":{"rendered":"Geissele ALG Defense k\u013e\u00fa\u010d na maticu hlavne"},"content":{"rendered":"<div class=\"product-description\">\n<h2>K\u013e\u00fa\u010d na maticu hlavne ALG Defense<\/h2>\n<p>K\u013e\u00fa\u010d na maticu hlavne ALG Defense je n\u00e1stroj pre nad\u0161encov streln\u00fdch zbran\u00ed a pu\u0161k\u00e1rov. Tento k\u013e\u00fa\u010d v\u00e1m umo\u017e\u0148uje:<\/p>\n<ul>\n<li>Aplikova\u0165 spr\u00e1vny kr\u00fatiaci moment na maticu hlavne<\/li>\n<li>Indexova\u0165 maticu hlavne k plynovej trubici s\u00fa\u010dasne<\/li>\n<li>Montova\u0165 ko\u013eajnicov\u00e9 syst\u00e9my ALG Defense bez momentov\u00e9ho k\u013e\u00fa\u010da<\/li>\n<\/ul>\n<p>Tento k\u013e\u00fa\u010d zjednodu\u0161uje proces in\u0161tal\u00e1cie. Jeho dizajn zais\u0165uje konzistentn\u00e9 v\u00fdsledky pri ka\u017edom pou\u017eit\u00ed.<\/p>\n<p>K\u013e\u00fa\u010d na maticu hlavne ALG Defense je rie\u0161enie pre mont\u00e1\u017e a \u00fadr\u017ebu streln\u00fdch zbran\u00ed.<\/p>\n<\/div>\n","protected":false},"excerpt":{"rendered":"<p>K\u013e\u00fa\u010d na maticu hlavne ALG Defense: Jednoduch\u00e9 dotiahnutie a indexovanie, bez potreby \u010fal\u0161ieho pr\u00edslu\u0161enstva.<\/p>\n","protected":false},"featured_media":81249,"template":"","meta":{"_acf_changed":false},"product_brand":[11391],"product_cat":[13346],"product_tag":[],"class_list":{"0":"post-136592","1":"product","2":"type-product","3":"status-publish","4":"has-post-thumbnail","6":"product_brand-geissele","7":"product_cat-rifle-tuning","9":"first","10":"instock","11":"taxable","12":"shipping-taxable","13":"product-type-simple"},"acf":[],"_links":{"self":[{"href":"https:\/\/staging.nbg.eu\/sk\/wp-json\/wp\/v2\/product\/136592","targetHints":{"allow":["GET"]}}],"collection":[{"href":"https:\/\/staging.nbg.eu\/sk\/wp-json\/wp\/v2\/product"}],"about":[{"href":"https:\/\/staging.nbg.eu\/sk\/wp-json\/wp\/v2\/types\/product"}],"wp:featuredmedia":[{"embeddable":true,"href":"https:\/\/staging.nbg.eu\/sk\/wp-json\/wp\/v2\/media\/81249"}],"wp:attachment":[{"href":"https:\/\/staging.nbg.eu\/sk\/wp-json\/wp\/v2\/media?parent=136592"}],"wp:term":[{"taxonomy":"product_brand","embeddable":true,"href":"https:\/\/staging.nbg.eu\/sk\/wp-json\/wp\/v2\/product_brand?post=136592"},{"taxonomy":"product_cat","embeddable":true,"href":"https:\/\/staging.nbg.eu\/sk\/wp-json\/wp\/v2\/product_cat?post=136592"},{"taxonomy":"product_tag","embeddable":true,"href":"https:\/\/staging.nbg.eu\/sk\/wp-json\/wp\/v2\/product_tag?post=136592"}],"curies":[{"name":"wp","href":"https:\/\/api.w.org\/{rel}","templated":true}]}}