{"id":134795,"date":"2024-11-26T10:13:16","date_gmt":"2024-11-26T10:13:16","guid":{"rendered":"https:\/\/staging.nbg.eu\/product\/geissele-ak-high-energy-main-spring\/"},"modified":"2025-01-08T19:00:56","modified_gmt":"2025-01-08T19:00:56","slug":"geissele-ak-hlavna-pruzina-s-vysokou-energiou","status":"publish","type":"product","link":"https:\/\/staging.nbg.eu\/sk\/produkt\/geissele-ak-hlavna-pruzina-s-vysokou-energiou\/","title":{"rendered":"Geissele AK hlavn\u00e1 pru\u017eina s vysokou energiou"},"content":{"rendered":"<div class=\"product-description\">\n<h2>Hlavn\u00e1 pru\u017eina Geissele AK s vysokou energiou<\/h2>\n<p>Hlavn\u00e1 pru\u017eina Geissele AK s vysokou energiou pre pu\u0161ky typu AK47\/74 pon\u00faka:<\/p>\n<ul>\n<li>Kon\u0161trukcia z jedn\u00e9ho dr\u00f4tu z chr\u00f3movej ocele<\/li>\n<li>Vyroben\u00e1 pod\u013ea \u0161pecifik\u00e1ci\u00ed ASTM A401<\/li>\n<li>O 25% vy\u0161\u0161\u00ed kr\u00fatiaci moment ako \u0161tandardn\u00e9 tov\u00e1rensk\u00e9 hlavn\u00e9 pru\u017einy<\/li>\n<li>Zn\u00ed\u017een\u00fd \u010das uzamknutia pre zlep\u0161enie r\u00fdchlosti stre\u013eby<\/li>\n<li>Zv\u00fd\u0161en\u00e1 konzistencia pri zapa\u013eovan\u00ed z\u00e1palky<\/li>\n<\/ul>\n<p>T\u00e1to pru\u017eina je navrhnut\u00e1 pre zlep\u0161enie spo\u013eahlivosti a odozvy AK. Hlavn\u00e1 pru\u017eina Geissele AK s vysokou energiou poskytuje konzistentn\u00fd v\u00fdkon pri ka\u017edom v\u00fdstrele.<\/p>\n<\/div>\n","protected":false},"excerpt":{"rendered":"<p>Zv\u00fd\u0161te v\u00fdkon AK47\/74 pomocou tejto vysoko energetickej n\u00e1hradnej pru\u017einy.<\/p>\n","protected":false},"featured_media":81156,"template":"","meta":{"_acf_changed":false},"product_brand":[11391],"product_cat":[13331],"product_tag":[],"class_list":{"0":"post-134795","1":"product","2":"type-product","3":"status-publish","4":"has-post-thumbnail","6":"product_brand-geissele","7":"product_cat-ak-tuning","9":"first","10":"instock","11":"taxable","12":"shipping-taxable","13":"product-type-simple"},"acf":[],"_links":{"self":[{"href":"https:\/\/staging.nbg.eu\/sk\/wp-json\/wp\/v2\/product\/134795","targetHints":{"allow":["GET"]}}],"collection":[{"href":"https:\/\/staging.nbg.eu\/sk\/wp-json\/wp\/v2\/product"}],"about":[{"href":"https:\/\/staging.nbg.eu\/sk\/wp-json\/wp\/v2\/types\/product"}],"wp:featuredmedia":[{"embeddable":true,"href":"https:\/\/staging.nbg.eu\/sk\/wp-json\/wp\/v2\/media\/81156"}],"wp:attachment":[{"href":"https:\/\/staging.nbg.eu\/sk\/wp-json\/wp\/v2\/media?parent=134795"}],"wp:term":[{"taxonomy":"product_brand","embeddable":true,"href":"https:\/\/staging.nbg.eu\/sk\/wp-json\/wp\/v2\/product_brand?post=134795"},{"taxonomy":"product_cat","embeddable":true,"href":"https:\/\/staging.nbg.eu\/sk\/wp-json\/wp\/v2\/product_cat?post=134795"},{"taxonomy":"product_tag","embeddable":true,"href":"https:\/\/staging.nbg.eu\/sk\/wp-json\/wp\/v2\/product_tag?post=134795"}],"curies":[{"name":"wp","href":"https:\/\/api.w.org\/{rel}","templated":true}]}}