{"id":134250,"date":"2024-11-17T08:22:03","date_gmt":"2025-01-08T17:29:48","guid":{"rendered":"https:\/\/staging.nbg.eu\/product\/geissele-ak-recoil-spring\/"},"modified":"2025-01-08T17:31:36","modified_gmt":"2025-01-08T17:31:36","slug":"geissele-ak-vratna-pruzina","status":"publish","type":"product","link":"https:\/\/staging.nbg.eu\/sk\/produkt\/geissele-ak-vratna-pruzina\/","title":{"rendered":"Geissele AK vratn\u00e1 pru\u017eina"},"content":{"rendered":"<div class=\"product-description\">\n<h2>Geissele AK Vratn\u00e1 Pru\u017eina<\/h2>\n<p>ALG AK vratn\u00e1 pru\u017eina zlep\u0161uje v\u00fdkon va\u0161ej AK. Tento dizajn pon\u00faka trvanlivos\u0165 a spo\u013eahlivos\u0165 pre va\u0161u streln\u00fa zbra\u0148.<\/p>\n<ul>\n<li>Vyroben\u00e1 z chr\u00f3m-krem\u00edkovej ocele<\/li>\n<li>Odolnos\u0165 vo\u010di n\u00e1razom a relax\u00e1cii<\/li>\n<li>Dizajn s 2-3 m\u0155tvymi z\u00e1vitmi v strede<\/li>\n<li>Zabra\u0148uje po\u0161kodeniu harmonikami a udr\u017eiava vo\u013en\u00fa d\u013a\u017eku<\/li>\n<\/ul>\n<p>T\u00e1to pru\u017eina je navrhnut\u00e1 pre dlh\u00fa \u017eivotnos\u0165 a m\u00e1 dizajn, ktor\u00fd men\u00ed jej prirodzen\u00fa frekvenciu, \u010d\u00edm zabezpe\u010duje konzistentn\u00fd v\u00fdkon a pred\u013a\u017een\u00fa \u017eivotnos\u0165. T\u00e1to vratn\u00e1 pru\u017eina zlep\u0161uje stabilitu stre\u013eby a zni\u017euje opotrebenie va\u0161ej strelnej zbrane.<\/p>\n<\/div>\n","protected":false},"excerpt":{"rendered":"<p>Vratn\u00e1 pru\u017eina Geissele AK: Odoln\u00e1, n\u00e1razuvzdorn\u00e1, redukuj\u00faca vibr\u00e1cie.<\/p>\n","protected":false},"featured_media":81062,"template":"","meta":{"_acf_changed":false},"product_brand":[11391],"product_cat":[13331],"product_tag":[],"class_list":{"0":"post-134250","1":"product","2":"type-product","3":"status-publish","4":"has-post-thumbnail","6":"product_brand-geissele","7":"product_cat-ak-tuning","9":"first","10":"instock","11":"taxable","12":"shipping-taxable","13":"product-type-simple"},"acf":[],"_links":{"self":[{"href":"https:\/\/staging.nbg.eu\/sk\/wp-json\/wp\/v2\/product\/134250","targetHints":{"allow":["GET"]}}],"collection":[{"href":"https:\/\/staging.nbg.eu\/sk\/wp-json\/wp\/v2\/product"}],"about":[{"href":"https:\/\/staging.nbg.eu\/sk\/wp-json\/wp\/v2\/types\/product"}],"wp:featuredmedia":[{"embeddable":true,"href":"https:\/\/staging.nbg.eu\/sk\/wp-json\/wp\/v2\/media\/81062"}],"wp:attachment":[{"href":"https:\/\/staging.nbg.eu\/sk\/wp-json\/wp\/v2\/media?parent=134250"}],"wp:term":[{"taxonomy":"product_brand","embeddable":true,"href":"https:\/\/staging.nbg.eu\/sk\/wp-json\/wp\/v2\/product_brand?post=134250"},{"taxonomy":"product_cat","embeddable":true,"href":"https:\/\/staging.nbg.eu\/sk\/wp-json\/wp\/v2\/product_cat?post=134250"},{"taxonomy":"product_tag","embeddable":true,"href":"https:\/\/staging.nbg.eu\/sk\/wp-json\/wp\/v2\/product_tag?post=134250"}],"curies":[{"name":"wp","href":"https:\/\/api.w.org\/{rel}","templated":true}]}}