{"id":133734,"date":"2024-11-02T08:42:18","date_gmt":"2025-01-08T16:50:49","guid":{"rendered":"https:\/\/staging.nbg.eu\/product\/sprinco-usa-spring-kit-xp-buffer-spring-dual-extractor-spring\/"},"modified":"2025-01-08T16:52:27","modified_gmt":"2025-01-08T16:52:27","slug":"sprinco-usa-spring-kit-xp-tlmicova-pruzina-dvojita-vytahovacia-pruzina","status":"publish","type":"product","link":"https:\/\/staging.nbg.eu\/sk\/produkt\/sprinco-usa-spring-kit-xp-tlmicova-pruzina-dvojita-vytahovacia-pruzina\/","title":{"rendered":"SPRINCO USA Spring Kit-XP tlmi\u010dov\u00e1 pru\u017eina \/ dvojit\u00e1 vy\u0165ahovacia pru\u017eina"},"content":{"rendered":"<div class=\"product-description\">\n<h2>SPRINCO USA S\u00faprava pru\u017e\u00edn &#8211; XP n\u00e1razn\u00edkov\u00e1 pru\u017eina \/ Dvojit\u00e1 extrak\u010dn\u00e1 pru\u017eina<\/h2>\n<p>SPRINCO USA Extra Power n\u00e1razn\u00edkov\u00e1 pru\u017eina bola navrhnut\u00e1 v roku 2006 pre t\u00edm moderniz\u00e1cie s\u00edl a rie\u0161i probl\u00e9my s fungovan\u00edm karab\u00edny M4 v n\u00e1ro\u010dn\u00fdch prostrediach.<\/p>\n<ul>\n<li>O 25% v\u00e4\u010d\u0161ie kon\u0161truk\u010dn\u00e9 za\u0165a\u017eenie v porovnan\u00ed s bielou pru\u017einou<\/li>\n<li>Vhodn\u00e1 pre 9mm, 6.8 SPC, 6.5 Grendel, .450 BM, .450 SOCOM, .500 Beowulf a Colt LE6920<\/li>\n<li>S\u00fa\u010das\u0165ou s\u00fa dokumenty s postupom ladenia pre optim\u00e1lny v\u00fdkon<\/li>\n<\/ul>\n<p>Pozn\u00e1mka: V\u00fdkon sa m\u00f4\u017ee l\u00ed\u0161i\u0165 v z\u00e1vislosti od hodn\u00f4t portu a n\u00e1bojov. Pred pou\u017eit\u00edm si pre\u010d\u00edtajte prilo\u017een\u00fa dokument\u00e1ciu.<\/p>\n<\/div>\n","protected":false},"excerpt":{"rendered":"<p>Vylep\u0161en\u00e1 AR pru\u017eina z\u00e1sobn\u00edka pre zv\u00fd\u0161en\u00fa spo\u013eahlivos\u0165 v n\u00e1ro\u010dn\u00fdch podmienkach.<\/p>\n","protected":false},"featured_media":76566,"template":"","meta":{"_acf_changed":false},"product_brand":[],"product_cat":[13346],"product_tag":[],"class_list":{"0":"post-133734","1":"product","2":"type-product","3":"status-publish","4":"has-post-thumbnail","6":"product_cat-rifle-tuning","8":"first","9":"instock","10":"taxable","11":"shipping-taxable","12":"purchasable","13":"product-type-simple"},"acf":[],"_links":{"self":[{"href":"https:\/\/staging.nbg.eu\/sk\/wp-json\/wp\/v2\/product\/133734","targetHints":{"allow":["GET"]}}],"collection":[{"href":"https:\/\/staging.nbg.eu\/sk\/wp-json\/wp\/v2\/product"}],"about":[{"href":"https:\/\/staging.nbg.eu\/sk\/wp-json\/wp\/v2\/types\/product"}],"wp:featuredmedia":[{"embeddable":true,"href":"https:\/\/staging.nbg.eu\/sk\/wp-json\/wp\/v2\/media\/76566"}],"wp:attachment":[{"href":"https:\/\/staging.nbg.eu\/sk\/wp-json\/wp\/v2\/media?parent=133734"}],"wp:term":[{"taxonomy":"product_brand","embeddable":true,"href":"https:\/\/staging.nbg.eu\/sk\/wp-json\/wp\/v2\/product_brand?post=133734"},{"taxonomy":"product_cat","embeddable":true,"href":"https:\/\/staging.nbg.eu\/sk\/wp-json\/wp\/v2\/product_cat?post=133734"},{"taxonomy":"product_tag","embeddable":true,"href":"https:\/\/staging.nbg.eu\/sk\/wp-json\/wp\/v2\/product_tag?post=133734"}],"curies":[{"name":"wp","href":"https:\/\/api.w.org\/{rel}","templated":true}]}}