{"id":132004,"date":"2025-01-01T20:52:41","date_gmt":"2025-01-07T16:59:50","guid":{"rendered":"https:\/\/staging.nbg.eu\/product\/area-419-match-scope-rings\/"},"modified":"2025-01-07T17:01:47","modified_gmt":"2025-01-07T17:01:47","slug":"area-419-match-kruzky-pre-optiku","status":"publish","type":"product","link":"https:\/\/staging.nbg.eu\/sk\/produkt\/area-419-match-kruzky-pre-optiku\/","title":{"rendered":"Area 419 MATCH kr\u00fa\u017eky pre optiku"},"content":{"rendered":"<div class=\"product-description\">\n<h2>Kr\u00fa\u017eky na pu\u0161koh\u013ead Area 419 MATCH<\/h2>\n<p>Kr\u00fa\u017eky Area 419 MATCH s\u00fa vyroben\u00e9 pre presn\u00e9 uchytenie optiky, prekon\u00e1vaj\u00fac \u0161tandardy trhu.<\/p>\n<ul>\n<li>S\u00e9riovo \u010d\u00edslovan\u00e9 kr\u00fa\u017eky s prisp\u00f4soben\u00fdm vn\u00fatorn\u00fdm priemerom pre presnos\u0165<\/li>\n<li>Vn\u00fatro zo surov\u00e9ho hlin\u00edka pre lep\u0161ie uchytenie optiky<\/li>\n<li>Presne vyv\u0155tan\u00e9 ako sady v \u0161pi\u010dkov\u00fdch obr\u00e1bac\u00edch centr\u00e1ch<\/li>\n<li>Laserov\u00e9 ozna\u010denie ako sp\u00e1rovan\u00e9 sady<\/li>\n<li>Vyroben\u00e9 zo 7075 leteck\u00e9ho hlin\u00edka<\/li>\n<li>Povrchov\u00e1 \u00faprava tvrd\u00fdm eloxovan\u00edm typu 3 (vn\u00fatorn\u00fd otvor zo surov\u00e9ho hlin\u00edka)<\/li>\n<li>Dostupn\u00e9 pre priemery tubusu 30mm, 34mm, 35mm a 36mm<\/li>\n<li>N\u00edzka (24mm), stredn\u00e1 (28mm) a vysok\u00e1 (32mm) mont\u00e1\u017ena v\u00fd\u0161ka<\/li>\n<\/ul>\n<p>Kr\u00fa\u017eky na pu\u0161koh\u013ead Area 419 MATCH s\u00fa vrcholom technol\u00f3gie mont\u00e1\u017ee optiky.<\/p>\n<\/div>\n","protected":false},"excerpt":{"rendered":"<p>Presne zladen\u00e9, s\u00e9riovo vyr\u00e1ban\u00e9 kr\u00fa\u017eky na pu\u0161koh\u013ead pre maxim\u00e1lnu stabilitu optiky.<\/p>\n","protected":false},"featured_media":109100,"template":"","meta":{"_acf_changed":false},"product_brand":[11044],"product_cat":[13373],"product_tag":[],"class_list":{"0":"post-132004","1":"product","2":"type-product","3":"status-publish","4":"has-post-thumbnail","6":"product_brand-area-419","7":"product_cat-mierenie","9":"first","10":"instock","11":"taxable","12":"shipping-taxable","13":"purchasable","14":"product-type-variable","15":"wvs-archive-product-wrapper"},"acf":[],"_links":{"self":[{"href":"https:\/\/staging.nbg.eu\/sk\/wp-json\/wp\/v2\/product\/132004","targetHints":{"allow":["GET"]}}],"collection":[{"href":"https:\/\/staging.nbg.eu\/sk\/wp-json\/wp\/v2\/product"}],"about":[{"href":"https:\/\/staging.nbg.eu\/sk\/wp-json\/wp\/v2\/types\/product"}],"wp:featuredmedia":[{"embeddable":true,"href":"https:\/\/staging.nbg.eu\/sk\/wp-json\/wp\/v2\/media\/109100"}],"wp:attachment":[{"href":"https:\/\/staging.nbg.eu\/sk\/wp-json\/wp\/v2\/media?parent=132004"}],"wp:term":[{"taxonomy":"product_brand","embeddable":true,"href":"https:\/\/staging.nbg.eu\/sk\/wp-json\/wp\/v2\/product_brand?post=132004"},{"taxonomy":"product_cat","embeddable":true,"href":"https:\/\/staging.nbg.eu\/sk\/wp-json\/wp\/v2\/product_cat?post=132004"},{"taxonomy":"product_tag","embeddable":true,"href":"https:\/\/staging.nbg.eu\/sk\/wp-json\/wp\/v2\/product_tag?post=132004"}],"curies":[{"name":"wp","href":"https:\/\/api.w.org\/{rel}","templated":true}]}}