{"id":130867,"date":"2025-01-01T20:50:51","date_gmt":"2025-01-07T14:17:12","guid":{"rendered":"https:\/\/staging.nbg.eu\/product\/low-profile-red-dot-plates-for-area-419-tactical-mounts\/"},"modified":"2025-01-07T14:19:06","modified_gmt":"2025-01-07T14:19:06","slug":"nizkoprofilove-platnicky-pre-cerveny-bod-pre-area-419-tactical-montaze","status":"publish","type":"product","link":"https:\/\/staging.nbg.eu\/sk\/produkt\/nizkoprofilove-platnicky-pre-cerveny-bod-pre-area-419-tactical-montaze\/","title":{"rendered":"N\u00edzkoprofilov\u00e9 platni\u010dky pre \u010derven\u00fd bod pre Area 419 Tactical mont\u00e1\u017ee"},"content":{"rendered":"<div class=\"product-description\">\n<h2>N\u00edzkoprofilov\u00e9 platne pre \u010derven\u00e9 bodky pre taktick\u00e9 dr\u017eiaky Area 419<\/h2>\n<p>N\u00edzkoprofilov\u00e9 platne pre \u010derven\u00e9 bodky, navrhnut\u00e9 pre funk\u010dnos\u0165 a presnos\u0165. Tieto CNC fr\u00e9zovan\u00e9 platne maj\u00fa:<\/p>\n<ul>\n<li>Typ III tvrd\u00fd eloxovan\u00fd \u010dierny povrch<\/li>\n<li>Upev\u0148ovacie skrutky pre jednoduch\u00fa in\u0161tal\u00e1ciu<\/li>\n<li>Vyroben\u00e9 v USA zo zliatiny hlin\u00edka 7075<\/li>\n<li>Patentovan\u00fd dvojit\u00fd ku\u017ee\u013eov\u00fd mont\u00e1\u017eny syst\u00e9m pre bezpe\u010dnos\u0165<\/li>\n<li>Odolnos\u0165 a tuhos\u0165 pre lep\u0161\u00ed n\u00e1vrat do nulovej polohy<\/li>\n<\/ul>\n<p>Dostupn\u00e9 vo verzi\u00e1ch RMR, ACRO a DPP, kompatibiln\u00e9 s r\u00f4znymi popul\u00e1rnymi optikami. S hmotnos\u0165ou 0,11 kg a rozmermi 15,24 cm \u00d7 10,16 cm \u00d7 2,54 cm tieto platne pon\u00fakaj\u00fa kombin\u00e1ciu pevnosti a \u013eahkej kon\u0161trukcie.<\/p>\n<p>Platne pre \u010derven\u00e9 bodky Area 419 pre taktick\u00e9 dr\u017eiaky.<\/p>\n<\/div>\n","protected":false},"excerpt":{"rendered":"<p>Bezpe\u010dn\u00e9, v\u0161estrann\u00e9 mont\u00e1\u017ene platni\u010dky s \u010dervenou bodkou pre taktick\u00e9 mont\u00e1\u017ee Area 419.<\/p>\n","protected":false},"featured_media":109007,"template":"","meta":{"_acf_changed":false},"product_brand":[11044],"product_cat":[13373,13330],"product_tag":[],"class_list":{"0":"post-130867","1":"product","2":"type-product","3":"status-publish","4":"has-post-thumbnail","6":"product_brand-area-419","7":"product_cat-mierenie","8":"product_cat-mierenske-prislusenstvo","10":"first","11":"instock","12":"taxable","13":"shipping-taxable","14":"purchasable","15":"product-type-variable","16":"wvs-archive-product-wrapper"},"acf":[],"_links":{"self":[{"href":"https:\/\/staging.nbg.eu\/sk\/wp-json\/wp\/v2\/product\/130867","targetHints":{"allow":["GET"]}}],"collection":[{"href":"https:\/\/staging.nbg.eu\/sk\/wp-json\/wp\/v2\/product"}],"about":[{"href":"https:\/\/staging.nbg.eu\/sk\/wp-json\/wp\/v2\/types\/product"}],"wp:featuredmedia":[{"embeddable":true,"href":"https:\/\/staging.nbg.eu\/sk\/wp-json\/wp\/v2\/media\/109007"}],"wp:attachment":[{"href":"https:\/\/staging.nbg.eu\/sk\/wp-json\/wp\/v2\/media?parent=130867"}],"wp:term":[{"taxonomy":"product_brand","embeddable":true,"href":"https:\/\/staging.nbg.eu\/sk\/wp-json\/wp\/v2\/product_brand?post=130867"},{"taxonomy":"product_cat","embeddable":true,"href":"https:\/\/staging.nbg.eu\/sk\/wp-json\/wp\/v2\/product_cat?post=130867"},{"taxonomy":"product_tag","embeddable":true,"href":"https:\/\/staging.nbg.eu\/sk\/wp-json\/wp\/v2\/product_tag?post=130867"}],"curies":[{"name":"wp","href":"https:\/\/api.w.org\/{rel}","templated":true}]}}