{"id":130244,"date":"2024-01-30T18:12:20","date_gmt":"2025-01-07T13:16:20","guid":{"rendered":"https:\/\/staging.nbg.eu\/product\/area-419-cantilevered-tactical-one-piece-scope-mount\/"},"modified":"2025-01-07T13:18:16","modified_gmt":"2025-01-07T13:18:16","slug":"area-419-cantilevered-tactical-jednodielnova-montaz-pre-optiku","status":"publish","type":"product","link":"https:\/\/staging.nbg.eu\/sk\/produkt\/area-419-cantilevered-tactical-jednodielnova-montaz-pre-optiku\/","title":{"rendered":"Area 419 Cantilevered Tactical jednodielnov\u00e1 mont\u00e1\u017e pre optiku"},"content":{"rendered":"<div class=\"product-description\">\n<h2>Area 419 Konzolov\u00fd taktick\u00fd jednodielny dr\u017eiak pu\u0161koh\u013eadu<\/h2>\n<p>Area 419 Konzolov\u00fd taktick\u00fd jednodielny dr\u017eiak pu\u0161koh\u013eadu pon\u00faka spo\u013eahlivos\u0165 a konzistenciu. Tento dr\u017eiak poskytuje pevn\u00e9 uchytenie optiky.<\/p>\n<h2>V\u00fdrobn\u00fd proces<\/h2>\n<ul>\n<li>CNC fr\u00e9zovan\u00fd v Amerike z hlin\u00edka 7075<\/li>\n<li>Fin\u00e1lne v\u0155tanie v s\u00faprav\u00e1ch pre presn\u00e9 zarovnanie<\/li>\n<li>Surov\u00e9 hlin\u00edkov\u00e9, presne v\u0155tan\u00e9 kontaktn\u00e9 plochy pre pu\u0161koh\u013ead<\/li>\n<li>Po v\u0155tan\u00ed nie je \u00faplne rozobran\u00fd pre zaistenie presn\u00e9ho uchytenia<\/li>\n<\/ul>\n<h2>K\u013e\u00fa\u010dov\u00e9 vlastnosti<\/h2>\n<ul>\n<li>\u013dahk\u00fd dizajn: 8-9 oz na dr\u017eiak<\/li>\n<li>Viacero bodov na upevnenie pr\u00edslu\u0161enstva<\/li>\n<li>Samostatn\u00e9 up\u00ednacie li\u0161ty pre maxim\u00e1lne uchytenie na picatinny li\u0161tu<\/li>\n<li>Zapusten\u00e9 up\u00ednacie p\u00e4tky umo\u017e\u0148uj\u00face maxim\u00e1lne nastavenie mont\u00e1\u017ee<\/li>\n<li>Oce\u013eov\u00e9 vodiace kol\u00edky medzi z\u00e1klad\u0148ou a krytmi pre presn\u00e9 zarovnanie<\/li>\n<li>Nerezov\u00fd hardware s nitridovou \u00fapravou<\/li>\n<li>Patentom chr\u00e1nen\u00e9 ve\u013emi pevn\u00e9 a opakovate\u013en\u00e9 upevnenie pr\u00edslu\u0161enstva na vrchu<\/li>\n<\/ul>\n<h2>\u0160pecifik\u00e1cie<\/h2>\n<ul>\n<li>Hmotnos\u0165: 1.5 lbs<\/li>\n<li>Rozmery: 9.5 \u00d7 5.8 \u00d7 2.8 in<\/li>\n<li>Mo\u017enosti priemeru tubusu: 30mm, 34mm, 35mm, 36mm<\/li>\n<li>Mo\u017enosti v\u00fd\u0161ky: 34mm (1.34&#8243;), 39mm (1.54&#8243;)<\/li>\n<li>Mo\u017enosti sklonu: 0 MOA, 20 MOA (5.8 MIL)<\/li>\n<\/ul>\n<p>N\u00e1\u0161 v\u00fdrobn\u00fd proces vytv\u00e1ra dr\u017eiak pu\u0161koh\u013eadu, ktor\u00fd sp\u013a\u0148a vysok\u00e9 \u0161tandardy kvality a v\u00fdkonu.<\/p>\n<\/div>\n","protected":false},"excerpt":{"rendered":"<p>Presne skon\u0161truovan\u00fd dr\u017eiak \u010falekoh\u013eadu: robustn\u00fd, \u013eahk\u00fd, s kr\u00fa\u017ekami dokonale prisp\u00f4soben\u00fdmi v\u0155taniu pre maxim\u00e1lnu presnos\u0165.<\/p>\n","protected":false},"featured_media":108747,"template":"","meta":{"_acf_changed":false},"product_brand":[11044],"product_cat":[13373],"product_tag":[],"class_list":{"0":"post-130244","1":"product","2":"type-product","3":"status-publish","4":"has-post-thumbnail","6":"product_brand-area-419","7":"product_cat-mierenie","9":"first","10":"instock","11":"taxable","12":"shipping-taxable","13":"purchasable","14":"product-type-variable","15":"wvs-archive-product-wrapper"},"acf":[],"_links":{"self":[{"href":"https:\/\/staging.nbg.eu\/sk\/wp-json\/wp\/v2\/product\/130244","targetHints":{"allow":["GET"]}}],"collection":[{"href":"https:\/\/staging.nbg.eu\/sk\/wp-json\/wp\/v2\/product"}],"about":[{"href":"https:\/\/staging.nbg.eu\/sk\/wp-json\/wp\/v2\/types\/product"}],"wp:featuredmedia":[{"embeddable":true,"href":"https:\/\/staging.nbg.eu\/sk\/wp-json\/wp\/v2\/media\/108747"}],"wp:attachment":[{"href":"https:\/\/staging.nbg.eu\/sk\/wp-json\/wp\/v2\/media?parent=130244"}],"wp:term":[{"taxonomy":"product_brand","embeddable":true,"href":"https:\/\/staging.nbg.eu\/sk\/wp-json\/wp\/v2\/product_brand?post=130244"},{"taxonomy":"product_cat","embeddable":true,"href":"https:\/\/staging.nbg.eu\/sk\/wp-json\/wp\/v2\/product_cat?post=130244"},{"taxonomy":"product_tag","embeddable":true,"href":"https:\/\/staging.nbg.eu\/sk\/wp-json\/wp\/v2\/product_tag?post=130244"}],"curies":[{"name":"wp","href":"https:\/\/api.w.org\/{rel}","templated":true}]}}