{"id":129812,"date":"2024-01-30T18:11:57","date_gmt":"2025-01-07T12:21:20","guid":{"rendered":"https:\/\/staging.nbg.eu\/product\/area-419-tactical-one-piece-scope-mount\/"},"modified":"2025-01-07T12:23:14","modified_gmt":"2025-01-07T12:23:14","slug":"area-419-tactical-jednodielnova-montaz-pre-optiku","status":"publish","type":"product","link":"https:\/\/staging.nbg.eu\/sk\/produkt\/area-419-tactical-jednodielnova-montaz-pre-optiku\/","title":{"rendered":"Area 419 Tactical jednodielnov\u00e1 mont\u00e1\u017e pre optiku"},"content":{"rendered":"<div class=\"product-description\">\n<h2>Area 419 Taktick\u00fd jednodielny dr\u017eiak pu\u0161koh\u013eadu<\/h2>\n<p>Dr\u017eiak pu\u0161koh\u013eadu s presn\u00fdmi kr\u00fa\u017ekami a vn\u00fatorn\u00fdmi \u010das\u0165ami z neo\u0161etren\u00e9ho hlin\u00edka poskytuje pevn\u00e9 uchytenie optiky bez zbyto\u010dnej hmotnosti.<\/p>\n<ul>\n<li>CNC fr\u00e9zovan\u00fd v Amerike zo 7075 hlin\u00edka<\/li>\n<li>Neo\u0161etren\u00e9 hlin\u00edkov\u00e9, presne vyv\u0155tan\u00e9 kontaktn\u00e9 plochy pre pu\u0161koh\u013ead<\/li>\n<li>Viacero mont\u00e1\u017enych bodov pre pr\u00edslu\u0161enstvo<\/li>\n<li>Samostatn\u00e9 up\u00ednacie li\u0161ty pre maxim\u00e1lny \u00fachop<\/li>\n<li>Oce\u013eov\u00e9 vodiace kol\u00edky pre zarovnanie<\/li>\n<li>Nitridovan\u00e9 nerezov\u00e9 skrutky na z\u00e1kazku<\/li>\n<li>Patentom chr\u00e1nen\u00e9 ultra-pevn\u00e9 uchytenie pr\u00edslu\u0161enstva na vrchu<\/li>\n<\/ul>\n<p>K dispoz\u00edcii v r\u00f4znych priemeroch tubusu a v\u00fd\u0161kach, s mo\u017enos\u0165ami 0 MOA alebo 20 MOA sklonu. Hmotnos\u0165: 0,68 kg. Rozmery: 24,1 \u00d7 14,7 \u00d7 7,1 cm.<\/p>\n<\/div>\n","protected":false},"excerpt":{"rendered":"<p>Prec\u00edzne vyv\u0155tan\u00fd, ultra pevn\u00fd dr\u017eiak pu\u0161koh\u013eadu pre neprekonate\u013en\u00fa spo\u013eahlivos\u0165.<\/p>\n","protected":false},"featured_media":108375,"template":"","meta":{"_acf_changed":false},"product_brand":[11044],"product_cat":[13373],"product_tag":[],"class_list":{"0":"post-129812","1":"product","2":"type-product","3":"status-publish","4":"has-post-thumbnail","6":"product_brand-area-419","7":"product_cat-mierenie","9":"first","10":"instock","11":"taxable","12":"shipping-taxable","13":"purchasable","14":"product-type-variable","15":"wvs-archive-product-wrapper"},"acf":[],"_links":{"self":[{"href":"https:\/\/staging.nbg.eu\/sk\/wp-json\/wp\/v2\/product\/129812","targetHints":{"allow":["GET"]}}],"collection":[{"href":"https:\/\/staging.nbg.eu\/sk\/wp-json\/wp\/v2\/product"}],"about":[{"href":"https:\/\/staging.nbg.eu\/sk\/wp-json\/wp\/v2\/types\/product"}],"wp:featuredmedia":[{"embeddable":true,"href":"https:\/\/staging.nbg.eu\/sk\/wp-json\/wp\/v2\/media\/108375"}],"wp:attachment":[{"href":"https:\/\/staging.nbg.eu\/sk\/wp-json\/wp\/v2\/media?parent=129812"}],"wp:term":[{"taxonomy":"product_brand","embeddable":true,"href":"https:\/\/staging.nbg.eu\/sk\/wp-json\/wp\/v2\/product_brand?post=129812"},{"taxonomy":"product_cat","embeddable":true,"href":"https:\/\/staging.nbg.eu\/sk\/wp-json\/wp\/v2\/product_cat?post=129812"},{"taxonomy":"product_tag","embeddable":true,"href":"https:\/\/staging.nbg.eu\/sk\/wp-json\/wp\/v2\/product_tag?post=129812"}],"curies":[{"name":"wp","href":"https:\/\/api.w.org\/{rel}","templated":true}]}}