{"id":129196,"date":"2025-01-01T20:36:12","date_gmt":"2025-01-07T10:14:25","guid":{"rendered":"https:\/\/staging.nbg.eu\/product\/high-profile-red-dot-plates-for-area-419-tactical-mounts\/"},"modified":"2025-01-07T10:16:20","modified_gmt":"2025-01-07T10:16:20","slug":"vysokoprofilove-platnicky-pre-cerveny-bod-pre-area-419-tactical-montaze","status":"publish","type":"product","link":"https:\/\/staging.nbg.eu\/sk\/produkt\/vysokoprofilove-platnicky-pre-cerveny-bod-pre-area-419-tactical-montaze\/","title":{"rendered":"Vysokoprofilov\u00e9 platni\u010dky pre \u010derven\u00fd bod pre Area 419 Tactical mont\u00e1\u017ee"},"content":{"rendered":"<h2>Vysoko profilov\u00e9 do\u0161ti\u010dky pre \u010derven\u00e9 bodov\u00e9 zameriava\u010de pre taktick\u00e9 mont\u00e1\u017ee Area 419<\/h2>\n<p>Vysoko profilov\u00e9 do\u0161ti\u010dky pre \u010derven\u00e9 bodov\u00e9 zameriava\u010de s\u00fa navrhnut\u00e9 pre taktick\u00e9 jednodielne mont\u00e1\u017ee pu\u0161koh\u013eadov. Tieto do\u0161ti\u010dky pon\u00fakaj\u00fa funk\u010dnos\u0165 a odolnos\u0165.<\/p>\n<h2>Hlavn\u00e9 vlastnosti:<\/h2>\n<ul>\n<li>Patentovan\u00fd syst\u00e9m mont\u00e1\u017ee s dvojit\u00fdm sklonom pre bezpe\u010dn\u00e9 upevnenie<\/li>\n<li>Kompatibiln\u00e9 s vodov\u00e1hami, balistick\u00fdmi kartami, \u010derven\u00fdmi bodov\u00fdmi zameriava\u010dmi a laserov\u00fdmi dia\u013ekomermi<\/li>\n<li>Odolnos\u0165 a tuhos\u0165 pre n\u00e1vrat do nulovej polohy<\/li>\n<li>K dispoz\u00edcii v \u0161tandardnej a n\u00edzkej v\u00fd\u0161ke<\/li>\n<li>CNC fr\u00e9zovan\u00e9 v Amerike zo 7075 hlin\u00edka<\/li>\n<li>Povrchov\u00e1 \u00faprava \u010diernym tvrd\u00fdm eloxovan\u00edm typu III<\/li>\n<\/ul>\n<p>Vyberte si medzi \u0161tandardnou (1,11&#8243; vysokou) a n\u00edzkou (0,70&#8243; vysokou) v\u00fd\u0161kou pod\u013ea va\u0161ich potrieb. Obe maj\u00fa li\u0161ty pod\u013ea \u0161pecifik\u00e1cie MIL-STD-1913 a upev\u0148ovacie skrutky pre jednoduch\u00fa in\u0161tal\u00e1ciu.<\/p>\n<p>Hmotnos\u0165: 1 lbs<br \/>\nRozmery: 6 \u00d7 3,5 \u00d7 2 in<\/p>\n","protected":false},"excerpt":{"rendered":"<p>Bezpe\u010dn\u00e1, v\u0161estrann\u00e1 li\u0161ta pre \u010derven\u00e9 bodky a pr\u00edslu\u0161enstvo na taktick\u00e9 mont\u00e1\u017ee.<\/p>\n","protected":false},"featured_media":108723,"template":"","meta":{"_acf_changed":false},"product_brand":[11044],"product_cat":[13373,13330],"product_tag":[],"class_list":{"0":"post-129196","1":"product","2":"type-product","3":"status-publish","4":"has-post-thumbnail","6":"product_brand-area-419","7":"product_cat-mierenie","8":"product_cat-mierenske-prislusenstvo","10":"first","11":"instock","12":"taxable","13":"shipping-taxable","14":"purchasable","15":"product-type-variable","16":"wvs-archive-product-wrapper"},"acf":[],"_links":{"self":[{"href":"https:\/\/staging.nbg.eu\/sk\/wp-json\/wp\/v2\/product\/129196","targetHints":{"allow":["GET"]}}],"collection":[{"href":"https:\/\/staging.nbg.eu\/sk\/wp-json\/wp\/v2\/product"}],"about":[{"href":"https:\/\/staging.nbg.eu\/sk\/wp-json\/wp\/v2\/types\/product"}],"wp:featuredmedia":[{"embeddable":true,"href":"https:\/\/staging.nbg.eu\/sk\/wp-json\/wp\/v2\/media\/108723"}],"wp:attachment":[{"href":"https:\/\/staging.nbg.eu\/sk\/wp-json\/wp\/v2\/media?parent=129196"}],"wp:term":[{"taxonomy":"product_brand","embeddable":true,"href":"https:\/\/staging.nbg.eu\/sk\/wp-json\/wp\/v2\/product_brand?post=129196"},{"taxonomy":"product_cat","embeddable":true,"href":"https:\/\/staging.nbg.eu\/sk\/wp-json\/wp\/v2\/product_cat?post=129196"},{"taxonomy":"product_tag","embeddable":true,"href":"https:\/\/staging.nbg.eu\/sk\/wp-json\/wp\/v2\/product_tag?post=129196"}],"curies":[{"name":"wp","href":"https:\/\/api.w.org\/{rel}","templated":true}]}}