{"id":128724,"date":"2025-01-01T20:31:02","date_gmt":"2025-01-07T10:00:40","guid":{"rendered":"https:\/\/staging.nbg.eu\/product\/area-419-tactical-one-piece-mount-diving-board\/"},"modified":"2025-01-07T10:02:40","modified_gmt":"2025-01-07T10:02:40","slug":"area-419-tactical-jednodielnova-montaz-diving-board","status":"publish","type":"product","link":"https:\/\/staging.nbg.eu\/sk\/produkt\/area-419-tactical-jednodielnova-montaz-diving-board\/","title":{"rendered":"Area 419 &#8211; Tactical jednodielnov\u00e1 mont\u00e1\u017e Diving Board"},"content":{"rendered":"<div class=\"product-description\">\n<h2>Area 419 &#8211; Taktick\u00e1 jednodielna mont\u00e1\u017e Diving Board<\/h2>\n<p>Mont\u00e1\u017e pre optiku s dvojit\u00fdm ku\u017ee\u013eov\u00fdm upev\u0148ovac\u00edm bodom. Tento doplnok pon\u00faka bezpe\u010dnos\u0165 a v\u0161estrannos\u0165 pre va\u0161u optick\u00fa zostavu. Vhodn\u00fd na pripevnenie vodov\u00e1h, kariet s balistick\u00fdmi \u00fadajmi, kolim\u00e1torov a laserov\u00fdch dia\u013ekomerov.<\/p>\n<h3>Hlavn\u00e9 vlastnosti:<\/h3>\n<ul>\n<li>Dostupn\u00e9 v \u0161tandardnej a n\u00edzkej v\u00fd\u0161ke<\/li>\n<li>Li\u0161ta MIL-STD-1913 (10 dr\u00e1\u017eok pre \u0161tandardn\u00fa, 6 pre n\u00edzku)<\/li>\n<li>\u010cierny anodizovan\u00fd povrch typu III<\/li>\n<li>Upev\u0148ovacie skrutky pre jednoduch\u00e9 nasadenie<\/li>\n<li>CNC fr\u00e9zovan\u00e9 v Amerike zo 7075 hlin\u00edka<\/li>\n<li>Hmotnos\u0165: 70,9 g (\u0161tandardn\u00e1) alebo 42,5 g (n\u00edzka)<\/li>\n<\/ul>\n<p>Area 419 Taktick\u00e1 jednodielna mont\u00e1\u017e Diving Board &#8211; rie\u0161enie pre presnos\u0165 a stabilitu optick\u00e9ho syst\u00e9mu.<\/p>\n<\/div>\n","protected":false},"excerpt":{"rendered":"<p>Odoln\u00e1, v\u0161estrann\u00e1 li\u0161ta pre mont\u00e1\u017e pu\u0161koh\u013eadu. Bezpe\u010dn\u00e1, trvanliv\u00e1, vyroben\u00e1 v USA.<\/p>\n","protected":false},"featured_media":108400,"template":"","meta":{"_acf_changed":false},"product_brand":[11044],"product_cat":[13373,13330],"product_tag":[],"class_list":{"0":"post-128724","1":"product","2":"type-product","3":"status-publish","4":"has-post-thumbnail","6":"product_brand-area-419","7":"product_cat-mierenie","8":"product_cat-mierenske-prislusenstvo","10":"first","11":"instock","12":"taxable","13":"shipping-taxable","14":"purchasable","15":"product-type-variable","16":"wvs-archive-product-wrapper"},"acf":[],"_links":{"self":[{"href":"https:\/\/staging.nbg.eu\/sk\/wp-json\/wp\/v2\/product\/128724","targetHints":{"allow":["GET"]}}],"collection":[{"href":"https:\/\/staging.nbg.eu\/sk\/wp-json\/wp\/v2\/product"}],"about":[{"href":"https:\/\/staging.nbg.eu\/sk\/wp-json\/wp\/v2\/types\/product"}],"wp:featuredmedia":[{"embeddable":true,"href":"https:\/\/staging.nbg.eu\/sk\/wp-json\/wp\/v2\/media\/108400"}],"wp:attachment":[{"href":"https:\/\/staging.nbg.eu\/sk\/wp-json\/wp\/v2\/media?parent=128724"}],"wp:term":[{"taxonomy":"product_brand","embeddable":true,"href":"https:\/\/staging.nbg.eu\/sk\/wp-json\/wp\/v2\/product_brand?post=128724"},{"taxonomy":"product_cat","embeddable":true,"href":"https:\/\/staging.nbg.eu\/sk\/wp-json\/wp\/v2\/product_cat?post=128724"},{"taxonomy":"product_tag","embeddable":true,"href":"https:\/\/staging.nbg.eu\/sk\/wp-json\/wp\/v2\/product_tag?post=128724"}],"curies":[{"name":"wp","href":"https:\/\/api.w.org\/{rel}","templated":true}]}}