{"id":106839,"date":"2024-11-16T10:23:45","date_gmt":"2024-12-30T09:56:29","guid":{"rendered":"https:\/\/staging.nbg.eu\/product\/sai-optics-model-sai-6-1x-6x\/"},"modified":"2024-12-30T09:58:38","modified_gmt":"2024-12-30T09:58:38","slug":"sai-optics-model-sai-6-1x-6x","status":"publish","type":"product","link":"https:\/\/staging.nbg.eu\/sk\/produkt\/sai-optics-model-sai-6-1x-6x\/","title":{"rendered":"SAI Optics Model SAI 6 &#8211; 1x-6x"},"content":{"rendered":"<h2>SAI Optics\u2122 Model SAI 6\u2122 &#8211; 1x-6x<\/h2>\n<p>Optick\u00fd zameriava\u010d SAI\u2122 6 pon\u00faka odoln\u00e9 rie\u0161enie s variabiln\u00fdm zv\u00e4\u010d\u0161en\u00edm. Obsahuje LED podsvieten\u00fa zameriavaciu osnovu v prvej ohniskovej rovine, \u010do zabezpe\u010duje presn\u00e9 ur\u010dovanie vzdialenosti a balistick\u00fa korekciu pri akomko\u013evek zv\u00e4\u010d\u0161en\u00ed. Zameriavacia osnova a zorn\u00e9 pole zlep\u0161uj\u00fa efektivitu na kr\u00e1tke vzdialenosti.<\/p>\n<h2>Hlavn\u00e9 vlastnosti:<\/h2>\n<ul>\n<li>Zv\u00e4\u010d\u0161enie: 1x-6x<\/li>\n<li>Odoln\u00fd tubusov\u00fd dizajn pre modul\u00e1rne upevnenie<\/li>\n<li>LED podsvieten\u00e1 zameriavacia osnova s 10 nastaveniami<\/li>\n<li>Dostupn\u00e9 zameriavacie osnovy: 5.56 BDC, 6.8 BDC, 7.62 BDC<\/li>\n<li>Vodotesnos\u0165: 2 hodiny @ 3 metre<\/li>\n<li>Odolnos\u0165 vo\u010di n\u00e1razom: 1000g @ 10 000 cyklov<\/li>\n<\/ul>\n<h2>Zameriavacie osnovy:<\/h2>\n<ul>\n<li>5.56 BDC &#8211; Zameriavacia osnova<\/li>\n<li>6.8   BDC &#8211; Zameriavacia osnova<\/li>\n<li>7.62 BDC &#8211; Zameriavacia osnova<\/li>\n<\/ul>\n<h2>\u0160pecifik\u00e1cie:<\/h2>\n<ul>\n<li>D\u013a\u017eka: 256 mm<\/li>\n<li>Hmotnos\u0165: 510 g<\/li>\n<li>Priemer tubusu: 30 mm<\/li>\n<li>Zorn\u00e9 pole @ 1x: 22 stup\u0148ov (38,8 m @ 100 m)<\/li>\n<li>O\u010dn\u00e1 vzdialenos\u0165: 90 mm nomin\u00e1lna<\/li>\n<li>Typ bat\u00e9rie: CR2032 3v l\u00edtiov\u00e1<\/li>\n<\/ul>\n<h2>\u0160tandardn\u00e9 pr\u00edslu\u0161enstvo:<\/h2>\n<ul>\n<li>Kryty \u0161o\u0161oviek Tenebraex\u00ae<\/li>\n<li>Tenebraex\u00ae antireflexn\u00e9 zariadenie<\/li>\n<li>\u0160n\u00farka na prichytenie nastavovacieho krytu<\/li>\n<li>Disk na vybratie bat\u00e9rie<\/li>\n<\/ul>\n<p>S\u00e9ria SAI\u2122 6 je navrhnut\u00e1 pre optick\u00fd v\u00fdkon v n\u00e1ro\u010dn\u00fdch podmienkach a umo\u017e\u0148uje pou\u017eitie doplnkov ako s\u00fa sklopn\u00e9 kryty, laserov\u00e9 filtre a polariz\u00e1tory.<\/p>\n","protected":false},"excerpt":{"rendered":"<p>SAI 6\u2122: Odoln\u00fd 1x-6x LED zameriava\u010d s FFP zameriavacou osnovou a \u0161irok\u00fdm zorn\u00fdm po\u013eom.<\/p>\n","protected":false},"featured_media":79698,"template":"","meta":{"_acf_changed":false},"product_brand":[11715],"product_cat":[13373,13341],"product_tag":[],"class_list":{"0":"post-106839","1":"product","2":"type-product","3":"status-publish","4":"has-post-thumbnail","6":"product_brand-sai-optics","7":"product_cat-mierenie","8":"product_cat-zvaecsena-optika","10":"first","11":"instock","12":"taxable","13":"shipping-taxable","14":"purchasable","15":"product-type-variable","16":"wvs-archive-product-wrapper"},"acf":[],"_links":{"self":[{"href":"https:\/\/staging.nbg.eu\/sk\/wp-json\/wp\/v2\/product\/106839","targetHints":{"allow":["GET"]}}],"collection":[{"href":"https:\/\/staging.nbg.eu\/sk\/wp-json\/wp\/v2\/product"}],"about":[{"href":"https:\/\/staging.nbg.eu\/sk\/wp-json\/wp\/v2\/types\/product"}],"wp:featuredmedia":[{"embeddable":true,"href":"https:\/\/staging.nbg.eu\/sk\/wp-json\/wp\/v2\/media\/79698"}],"wp:attachment":[{"href":"https:\/\/staging.nbg.eu\/sk\/wp-json\/wp\/v2\/media?parent=106839"}],"wp:term":[{"taxonomy":"product_brand","embeddable":true,"href":"https:\/\/staging.nbg.eu\/sk\/wp-json\/wp\/v2\/product_brand?post=106839"},{"taxonomy":"product_cat","embeddable":true,"href":"https:\/\/staging.nbg.eu\/sk\/wp-json\/wp\/v2\/product_cat?post=106839"},{"taxonomy":"product_tag","embeddable":true,"href":"https:\/\/staging.nbg.eu\/sk\/wp-json\/wp\/v2\/product_tag?post=106839"}],"curies":[{"name":"wp","href":"https:\/\/api.w.org\/{rel}","templated":true}]}}