{"id":106659,"date":"2024-01-30T18:13:57","date_gmt":"2024-12-30T09:39:31","guid":{"rendered":"https:\/\/staging.nbg.eu\/product\/tangent-theta-tt735p-7-35x56mm-professional\/"},"modified":"2024-12-30T09:41:25","modified_gmt":"2024-12-30T09:41:25","slug":"tangent-theta-tt735p-7-35x56mm-professional","status":"publish","type":"product","link":"https:\/\/staging.nbg.eu\/sk\/produkt\/tangent-theta-tt735p-7-35x56mm-professional\/","title":{"rendered":"Tangent Theta TT735P (7-35x56mm Professional)"},"content":{"rendered":"<div class=\"product-description\">\n<p>Tangent Theta bola zalo\u017een\u00e1 v roku 2013 v Novom \u0160k\u00f3tsku v Kanade s cie\u013eom vyr\u00e1ba\u0165 najlep\u0161ie pu\u0161kohlady na svete. Pu\u0161kohlady s\u00fa ru\u010dne montovan\u00e9, individu\u00e1lne testovan\u00e9 a kontrolovan\u00e9 t\u00edmom optick\u00fdch dizajn\u00e9rov, strojn\u00fdch in\u017einierov a strelcov na ve\u013ek\u00e9 vzdialenosti medzin\u00e1rodnej triedy.<\/p>\n<h2>Tangent Theta TT735P 7-35x56mm Profesion\u00e1lny Pu\u0161koh\u013ead<\/h2>\n<p>Tangent Theta TT735P je 7-35x56mm pu\u0161koh\u013ead pre profesion\u00e1lnych strelcov. Tento pu\u0161koh\u013ead kombinuje modern\u00fa technol\u00f3giu s odolnos\u0165ou pre v\u00fdkon v n\u00e1ro\u010dn\u00fdch podmienkach.<\/p>\n<h2>Hlavn\u00e9 vlastnosti:<\/h2>\n<ul>\n<li>Rozsah zv\u00e4\u010d\u0161enia 7-35x<\/li>\n<li>56mm objekt\u00edv<\/li>\n<li>36mm hlavn\u00e1 trubica<\/li>\n<li>Nastavenie paralaxy od 10 metrov<\/li>\n<li>11 nastaven\u00ed osvetlenia z\u00e1mern\u00e9ho kr\u00ed\u017ea<\/li>\n<li>Funkcia TOOL-LESS RE-ZERO\u00ae (US Patent # 10,591,253)<\/li>\n<li>Netranslatuj\u00face ovl\u00e1dacie prvky s eleva\u010dnou zar\u00e1\u017ekou<\/li>\n<li>Dvojot\u00e1\u010dkov\u00e9 nastavenie elev\u00e1cie s indik\u00e1torom ot\u00e1\u010dok<\/li>\n<li>Uzamykate\u013en\u00e1 dioptrick\u00e1 korekcia<\/li>\n<\/ul>\n<h2>Kvalita:<\/h2>\n<p>Vyroben\u00e9 v Kanade, TT735P je testovan\u00e9 na odolnos\u0165 v n\u00e1ro\u010dn\u00fdch podmienkach. M\u00e1 anodizovan\u00fa matn\u00fa povrchov\u00fa \u00fapravu typu II, vodotesnos\u0165 4 hodiny v 10 metroch a odolnos\u0165 proti n\u00e1razu 700g pri 10 000 cykloch.<\/p>\n<\/div>\n<h2>Z\u00e1mern\u00e9 kr\u00ed\u017ee:<\/h2>\n<ol>\n<li data-line-height=\"xs\">Horus Tremor3<\/li>\n<li data-line-height=\"xs\">JTAC<\/li>\n<li data-line-height=\"xs\">Gen 3 XR Fine<\/li>\n<\/ol>\n<div class=\"product-description\">\n<h2>Optika:<\/h2>\n<p>Na v\u00fdber s\u00fa tri z\u00e1mern\u00e9 kr\u00ed\u017ee: Horus Tremor3, JTAC alebo Gen 3 XR Fine. TT735P m\u00e1 o\u010dn\u00fa vzdialenos\u0165 90mm a zorn\u00e9 pole od 5,41m na 100m (7x) do 1,08m na 100m (35x).<\/p>\n<h2>Nastavenia:<\/h2>\n<p>Rozl\u00ed\u0161enie nastavenia 0,1 mrad, celkov\u00fd rozsah elev\u00e1cie 30 mrad a celkov\u00fd rozsah odch\u00fdlky 14 mrad. Bo\u010dn\u00e9 nastavenie paralaxy a uzamykate\u013en\u00e1 dioptrick\u00e1 korekcia zabezpe\u010duj\u00fa ostr\u00fd obraz na ak\u00fako\u013evek vzdialenos\u0165.<\/p>\n<\/div>\n","protected":false},"excerpt":{"rendered":"<p>Tangent Theta 7-35x56mm Professional je pu\u0161koh\u013ead, ktor\u00fd si vyberiete pre stre\u013ebu na extr\u00e9mne ve\u013ek\u00e9 vzdialenosti.<\/p>\n","protected":false},"featured_media":81007,"template":"","meta":{"_acf_changed":false},"product_brand":[11902],"product_cat":[13373,13341],"product_tag":[],"class_list":{"0":"post-106659","1":"product","2":"type-product","3":"status-publish","4":"has-post-thumbnail","6":"product_brand-tangent-theta","7":"product_cat-mierenie","8":"product_cat-zvaecsena-optika","10":"first","11":"instock","12":"taxable","13":"shipping-taxable","14":"purchasable","15":"product-type-variable","16":"wvs-archive-product-wrapper"},"acf":[],"_links":{"self":[{"href":"https:\/\/staging.nbg.eu\/sk\/wp-json\/wp\/v2\/product\/106659","targetHints":{"allow":["GET"]}}],"collection":[{"href":"https:\/\/staging.nbg.eu\/sk\/wp-json\/wp\/v2\/product"}],"about":[{"href":"https:\/\/staging.nbg.eu\/sk\/wp-json\/wp\/v2\/types\/product"}],"wp:featuredmedia":[{"embeddable":true,"href":"https:\/\/staging.nbg.eu\/sk\/wp-json\/wp\/v2\/media\/81007"}],"wp:attachment":[{"href":"https:\/\/staging.nbg.eu\/sk\/wp-json\/wp\/v2\/media?parent=106659"}],"wp:term":[{"taxonomy":"product_brand","embeddable":true,"href":"https:\/\/staging.nbg.eu\/sk\/wp-json\/wp\/v2\/product_brand?post=106659"},{"taxonomy":"product_cat","embeddable":true,"href":"https:\/\/staging.nbg.eu\/sk\/wp-json\/wp\/v2\/product_cat?post=106659"},{"taxonomy":"product_tag","embeddable":true,"href":"https:\/\/staging.nbg.eu\/sk\/wp-json\/wp\/v2\/product_tag?post=106659"}],"curies":[{"name":"wp","href":"https:\/\/api.w.org\/{rel}","templated":true}]}}