{"id":106402,"date":"2024-11-17T08:06:47","date_gmt":"2024-12-30T09:21:45","guid":{"rendered":"https:\/\/staging.nbg.eu\/product\/tangent-theta-tt525p-5-25x56mm-professional\/"},"modified":"2024-12-30T09:24:01","modified_gmt":"2024-12-30T09:24:01","slug":"tangent-theta-tt525p-5-25x56mm-professional","status":"publish","type":"product","link":"https:\/\/staging.nbg.eu\/sk\/produkt\/tangent-theta-tt525p-5-25x56mm-professional\/","title":{"rendered":"Tangent Theta TT525P (5-25x56mm Professional)"},"content":{"rendered":"<h2>Tangent Theta TT525P 5-25x56mm Profesion\u00e1lny Pu\u0161kov\u00fd \u010ealekoh\u013ead<\/h2>\n<p>Tangent Theta TT525P je \u010falekoh\u013ead pre dlh\u00e9 vzdialenosti navrhnut\u00fd pre profesion\u00e1lnych strelcov. Vyroben\u00fd v Kanade, tento pu\u0161kov\u00fd \u010falekoh\u013ead kombinuje odolnos\u0165, mechanick\u00fa presnos\u0165 a vysok\u00fa optick\u00fa kvalitu.<\/p>\n<h2>Hlavn\u00e9 vlastnosti:<\/h2>\n<ul>\n<li>56mm objekt\u00edv pre zber svetla<\/li>\n<li>34mm hlavn\u00e1 trubica pre v\u00e4\u010d\u0161\u00ed rozsah nastavenia<\/li>\n<li>5-25x rozsah zv\u00e4\u010d\u0161enia<\/li>\n<li>Jeden\u00e1s\u0165 nastaven\u00ed podsvietenia z\u00e1mern\u00e9ho kr\u00ed\u017ea<\/li>\n<li>Bo\u010dn\u00e9 nastavenie paralaxy od 50m do nekone\u010dna<\/li>\n<li>Patentovan\u00e1 funkcia TOOL-LESS RE-ZERO\u00ae (US Patent # 10,591,253)<\/li>\n<li>Netranslatuj\u00face gomb\u00edky s eleva\u010dn\u00fdm zastaven\u00edm na nule<\/li>\n<li>Dvojot\u00e1\u010dkov\u00e9 nastavenie elev\u00e1cie s indik\u00e1torom ot\u00e1\u010dok<\/li>\n<li>Uzamykate\u013en\u00e1 r\u00fdchlo nastavite\u013en\u00e1 dioptrick\u00e1 korekcia (-3 a\u017e +2.5)<\/li>\n<\/ul>\n<h2>Z\u00e1mern\u00e9 kr\u00ed\u017ee:<\/h2>\n<ul>\n<li>Gen 2 XR z\u00e1mern\u00fd kr\u00ed\u017e<\/li>\n<li>MoA-ER<\/li>\n<li>Gen 3 XR z\u00e1mern\u00fd kr\u00ed\u017e<\/li>\n<li>Gen 2 MoA-ER<\/li>\n<li>Gen 3 XR Fine z\u00e1mern\u00fd kr\u00ed\u017e<\/li>\n<li>Horus H59 z\u00e1mern\u00fd kr\u00ed\u017e<\/li>\n<li>Horus Tremor3 z\u00e1mern\u00fd kr\u00ed\u017e<\/li>\n<li>JTAC z\u00e1mern\u00fd kr\u00ed\u017e<\/li>\n<li>Gen 2 XR z\u00e1mern\u00fd kr\u00ed\u017e, AIF<\/li>\n<li>Gen 3 XR z\u00e1mern\u00fd kr\u00ed\u017e, AIF<\/li>\n<li>Gen 3 XR Fine z\u00e1mern\u00fd kr\u00ed\u017e, AIF<\/li>\n<li>JTAC z\u00e1mern\u00fd kr\u00ed\u017e, AIF<\/li>\n<li>Horus Tremor3 z\u00e1mern\u00fd kr\u00ed\u017e, AIF<\/li>\n<\/ul>\n<h2>Presn\u00e9 in\u017einierstvo:<\/h2>\n<p>TT525P m\u00e1 celkov\u00fd rozsah nastavenia 30 mrad (103 MoA) pre elev\u00e1ciu a \u00b110 mrad (\u00b134 MoA) pre stranov\u00e9 nastavenie. S rozl\u00ed\u0161en\u00edm nastavenia 0,1 mrad alebo 1\/4 MoA m\u00f4\u017eete presne doladi\u0165 svoj cie\u013e.<\/p>\n<h2>Optick\u00e1 kvalita:<\/h2>\n<p>O\u010dn\u00fd reli\u00e9f 90mm a zorn\u00e9 pole od 7,6m na 100m (5x) do 1,6m na 100m (25x). 56mm objekt\u00edv zabezpe\u010duje prenos svetla aj pri slabom osvetlen\u00ed.<\/p>\n<h2>Odolnos\u0165:<\/h2>\n<p>TT525P je vodotesn\u00fd do 10 metrov po dobu 4 hod\u00edn a odoln\u00fd vo\u010di n\u00e1razom do 700g pri 10 000 cykloch. Matn\u00e1 povrchov\u00e1 \u00faprava Type II Anodized poskytuje dodato\u010dn\u00fa ochranu.<\/p>\n<h2>Mo\u017enosti z\u00e1mern\u00e9ho kr\u00ed\u017ea:<\/h2>\n<p>K dispoz\u00edcii s\u00fa mo\u017enosti z\u00e1mern\u00e9ho kr\u00ed\u017ea vr\u00e1tane Gen 2XR, MoA, Gen 3XR, H-59, Tremor3, JTAC, Gen 3 XR Fine a GEN2 MOA-ER.<\/p>\n<h2>\u010eal\u0161ie \u0161pecifik\u00e1cie:<\/h2>\n<ul>\n<li>D\u013a\u017eka: 425mm<\/li>\n<li>Hmotnos\u0165: 1150g<\/li>\n<li>Priemer objekt\u00edvu: 65mm<\/li>\n<li>Podsvietenie: LED s 11 nastaveniami<\/li>\n<li>Bat\u00e9ria: DL2032 3v l\u00edtiov\u00e1<\/li>\n<\/ul>\n<p>Tangent Theta TT525P sa dod\u00e1va s krytmi \u0161o\u0161oviek Tenebraex a ARD. TT525P sp\u00e1ja presnos\u0165 a odolnos\u0165 pre n\u00e1ro\u010dn\u00e9 prostredia.<\/p>\n","protected":false},"excerpt":{"rendered":"<p>Profesion\u00e1lny pu\u0161koh\u013ead 5-25x56mm. Odoln\u00fd, presn\u00fd, s vynikaj\u00facou optikou.<\/p>\n","protected":false},"featured_media":100885,"template":"","meta":{"_acf_changed":false},"product_brand":[11902],"product_cat":[13373,13341],"product_tag":[],"class_list":{"0":"post-106402","1":"product","2":"type-product","3":"status-publish","4":"has-post-thumbnail","6":"product_brand-tangent-theta","7":"product_cat-mierenie","8":"product_cat-zvaecsena-optika","10":"first","11":"instock","12":"taxable","13":"shipping-taxable","14":"purchasable","15":"product-type-variable","16":"wvs-archive-product-wrapper"},"acf":[],"_links":{"self":[{"href":"https:\/\/staging.nbg.eu\/sk\/wp-json\/wp\/v2\/product\/106402","targetHints":{"allow":["GET"]}}],"collection":[{"href":"https:\/\/staging.nbg.eu\/sk\/wp-json\/wp\/v2\/product"}],"about":[{"href":"https:\/\/staging.nbg.eu\/sk\/wp-json\/wp\/v2\/types\/product"}],"wp:featuredmedia":[{"embeddable":true,"href":"https:\/\/staging.nbg.eu\/sk\/wp-json\/wp\/v2\/media\/100885"}],"wp:attachment":[{"href":"https:\/\/staging.nbg.eu\/sk\/wp-json\/wp\/v2\/media?parent=106402"}],"wp:term":[{"taxonomy":"product_brand","embeddable":true,"href":"https:\/\/staging.nbg.eu\/sk\/wp-json\/wp\/v2\/product_brand?post=106402"},{"taxonomy":"product_cat","embeddable":true,"href":"https:\/\/staging.nbg.eu\/sk\/wp-json\/wp\/v2\/product_cat?post=106402"},{"taxonomy":"product_tag","embeddable":true,"href":"https:\/\/staging.nbg.eu\/sk\/wp-json\/wp\/v2\/product_tag?post=106402"}],"curies":[{"name":"wp","href":"https:\/\/api.w.org\/{rel}","templated":true}]}}