{"id":84575,"date":"2024-11-17T07:25:58","date_gmt":"2024-12-18T10:05:21","guid":{"rendered":"https:\/\/staging.nbg.eu\/product\/tangent-theta-tt315m-3-15x50mm-marksman\/"},"modified":"2024-12-30T08:45:51","modified_gmt":"2024-12-30T08:45:51","slug":"montura-super-precision-t1-absolute-co-witness-ddc","status":"publish","type":"product","link":"https:\/\/staging.nbg.eu\/ro\/produs\/montura-super-precision-t1-absolute-co-witness-ddc\/","title":{"rendered":"Montura Super Precision T1 &#8211; Absolute Co-Witness &#8211; DDC"},"content":{"rendered":"<div class=\"product-description\">\n<p>Tangent Theta a fost \u00eenfiin\u021bat\u0103 \u00een 2013 \u00een Nova Scotia, Canada cu scopul de a produce lunete de pu\u0219c\u0103 de cea mai bun\u0103 calitate. Lunetele sunt asamblate manual, testate \u0219i inspectate individual de o echip\u0103 format\u0103 din designeri optici, ingineri mecanici \u0219i tr\u0103g\u0103tori de lung\u0103 distan\u021b\u0103 de clas\u0103 interna\u021bional\u0103.<\/p>\n<h2>Tangent Theta TT315M 3-15x50mm Lunet\u0103 pentru Pu\u0219c\u0103<\/h2>\n<p>Tangent Theta TT315M este un instrument de ochire de precizie pentru distan\u021be medii, conceput pentru poli\u021bi\u0219ti \u0219i tr\u0103g\u0103tori de securitate. Aceast\u0103 lunet\u0103 profesional\u0103 combin\u0103 tehnologia avansat\u0103 cu performan\u021ba optic\u0103.<\/p>\n<h2>Caracteristici principale:<\/h2>\n<ul>\n<li>Lentil\u0103 obiectiv de 50mm pentru captarea luminii<\/li>\n<li>Tub principal de 30mm pentru durabilitate<\/li>\n<li>Indicator mecanic pentru direc\u021bia derivei<\/li>\n<li>11 set\u0103ri de iluminare a reticulului pentru diverse condi\u021bii de lumin\u0103<\/li>\n<li>Ajustare lateral\u0103 a paralaxei pentru focalizare precis\u0103<\/li>\n<li>Butoane f\u0103r\u0103 transla\u021bie cu oprire la zero pentru eleva\u021bie<\/li>\n<li>Eleva\u021bie cu dubl\u0103 rota\u021bie cu indicator de revolu\u021bie \u0219i direc\u021bie a derivei<\/li>\n<li>Interval de m\u0103rire versatil 3-15x<\/li>\n<li>Dioptrie cu ajustare rapid\u0103 blocabil\u0103<\/li>\n<\/ul>\n<h2>Excelen\u021b\u0103 optic\u0103:<\/h2>\n<p>TT315M ofer\u0103 o calitate ridicat\u0103 a imaginii. Acest lucru permite tr\u0103g\u0103torilor s\u0103 disting\u0103 detalii mici ale \u021bintei \u0219i s\u0103 men\u021bin\u0103 ochirea perioade \u00eendelungate f\u0103r\u0103 oboseal\u0103 ocular\u0103.<\/p>\n<h2>Ajust\u0103ri precise:<\/h2>\n<p>Cu mecanisme de ajustare precise cu opriri la zero, indicatori mecanici de revolu\u021bie \u0219i direc\u021bie a derivei, TT315M reduce erorile de ajustare, asigur\u00e2nd precizia \u00een situa\u021bii critice.<\/p>\n<h2>Op\u021biuni de reticul:<\/h2>\n<ul>\n<li>Gen 2XR<\/li>\n<li>MoA<\/li>\n<li>Gen 2 Mil-Dot<\/li>\n<li>Gen 3XR<\/li>\n<\/ul>\n<h2>Specifica\u021bii tehnice:<\/h2>\n<ul>\n<li>Lungime: 351mm<\/li>\n<li>Greutate: 786g<\/li>\n<li>C\u00e2mp vizual la 3x: 7,3 grade (12,8m la 100m)<\/li>\n<li>C\u00e2mp vizual la 15x: 1,6 grade (2,8m la 100m)<\/li>\n<li>Distan\u021ba ochiului: 90mm<\/li>\n<li>Interval total de ajustare a eleva\u021biei: 18 mrad (60 MoA)<\/li>\n<li>Interval total de ajustare a derivei: +\/- 12 mrad (+\/-40 MoA)<\/li>\n<li>Rezolu\u021bie de ajustare: 0,1 mrad sau 1\/4 MoA<\/li>\n<li>Interval de ajustare a paralaxei: 50m la infinit<\/li>\n<\/ul>\n<h2>Durabilitate:<\/h2>\n<p>TT315M este impermeabil pentru 4 ore la 10 metri \u0219i rezistent la \u0219ocuri de 700g la 10.000 de cicluri. Exteriorul are un finisaj mat anodizat de tip II pentru protec\u021bie.<\/p>\n<h2>Accesorii incluse:<\/h2>\n<p>Capacele pentru lentile Tenebraex \u0219i ARD (Dispozitiv Anti-Reflexie) sunt incluse ca accesorii standard.<\/p>\n<\/div>\n","protected":false},"excerpt":{"rendered":"<p>Lunet\u0103 de precizie 3-15x50mm pentru tr\u0103g\u0103tori de elit\u0103. Imagine optim\u0103, stop la zero, iluminat\u0103.<\/p>\n","protected":false},"featured_media":167623,"template":"","meta":{"_acf_changed":false},"product_brand":[11896],"product_cat":[12771,12739],"product_tag":[],"class_list":{"0":"post-84575","1":"product","2":"type-product","3":"status-publish","4":"has-post-thumbnail","6":"product_brand-tangent-theta","7":"product_cat-ochire","8":"product_cat-optici-cu-magnificare","10":"first","11":"instock","12":"taxable","13":"shipping-taxable","14":"purchasable","15":"product-type-variable","16":"wvs-archive-product-wrapper"},"acf":[],"_links":{"self":[{"href":"https:\/\/staging.nbg.eu\/ro\/wp-json\/wp\/v2\/product\/84575","targetHints":{"allow":["GET"]}}],"collection":[{"href":"https:\/\/staging.nbg.eu\/ro\/wp-json\/wp\/v2\/product"}],"about":[{"href":"https:\/\/staging.nbg.eu\/ro\/wp-json\/wp\/v2\/types\/product"}],"wp:featuredmedia":[{"embeddable":true,"href":"https:\/\/staging.nbg.eu\/ro\/wp-json\/wp\/v2\/media\/167623"}],"wp:attachment":[{"href":"https:\/\/staging.nbg.eu\/ro\/wp-json\/wp\/v2\/media?parent=84575"}],"wp:term":[{"taxonomy":"product_brand","embeddable":true,"href":"https:\/\/staging.nbg.eu\/ro\/wp-json\/wp\/v2\/product_brand?post=84575"},{"taxonomy":"product_cat","embeddable":true,"href":"https:\/\/staging.nbg.eu\/ro\/wp-json\/wp\/v2\/product_cat?post=84575"},{"taxonomy":"product_tag","embeddable":true,"href":"https:\/\/staging.nbg.eu\/ro\/wp-json\/wp\/v2\/product_tag?post=84575"}],"curies":[{"name":"wp","href":"https:\/\/api.w.org\/{rel}","templated":true}]}}