{"id":83653,"date":"2024-11-02T06:43:16","date_gmt":"2024-11-02T06:43:16","guid":{"rendered":"https:\/\/staging.nbg.eu\/product\/sons-of-liberty-gun-works-ar-15-buffer-h3\/"},"modified":"2024-12-17T13:06:07","modified_gmt":"2024-12-17T13:06:07","slug":"tragaci-geissele-ak-ultimate-cu-lightning-bow-akt-ul","status":"publish","type":"product","link":"https:\/\/staging.nbg.eu\/ro\/produs\/tragaci-geissele-ak-ultimate-cu-lightning-bow-akt-ul\/","title":{"rendered":"Tragaci Geissele AK Ultimate cu Lightning Bow (AKT-UL)"},"content":{"rendered":"<div class=\"product-description\">\n<h2>Sons of Liberty Gun Works &#8211; Amortizor H3 pentru AR 15<\/h2>\n<p>Amortizorul SOLGW H3 este o pies\u0103 de schimb pentru AR-15. Acest component este fabricat conform specifica\u021biilor pentru a asigura func\u021bionalitatea armei.<\/p>\n<ul>\n<li>Compatibil cu toate modelele AR-15<\/li>\n<li>Greutate: 5.4 uncii<\/li>\n<li>Dimensiuni: 1 inch<\/li>\n<li>Marcat clar pentru identificarea greut\u0103\u021bii<\/li>\n<\/ul>\n<p>Amortizorul SOLGW H3 este conceput pentru a reduce recului \u0219i a \u00eembun\u0103t\u0103\u021bi ciclul de tragere al armei AR-15.<\/p>\n<p>Sons of Liberty Gun Works produce acest amortizor.<\/p>\n<\/div>\n","protected":false},"excerpt":{"rendered":"<p>Buf\u0103r Sons of Liberty H3 pentru AR-15: Precis, durabil, greutate de 5.4 uncii.<\/p>\n","protected":false},"featured_media":76332,"template":"","meta":{"_acf_changed":false},"product_brand":[],"product_cat":[12744],"product_tag":[],"class_list":{"0":"post-83653","1":"product","2":"type-product","3":"status-publish","4":"has-post-thumbnail","6":"product_cat-reglaj-pusca","8":"first","9":"outofstock","10":"taxable","11":"shipping-taxable","12":"purchasable","13":"product-type-simple"},"acf":[],"_links":{"self":[{"href":"https:\/\/staging.nbg.eu\/ro\/wp-json\/wp\/v2\/product\/83653","targetHints":{"allow":["GET"]}}],"collection":[{"href":"https:\/\/staging.nbg.eu\/ro\/wp-json\/wp\/v2\/product"}],"about":[{"href":"https:\/\/staging.nbg.eu\/ro\/wp-json\/wp\/v2\/types\/product"}],"wp:featuredmedia":[{"embeddable":true,"href":"https:\/\/staging.nbg.eu\/ro\/wp-json\/wp\/v2\/media\/76332"}],"wp:attachment":[{"href":"https:\/\/staging.nbg.eu\/ro\/wp-json\/wp\/v2\/media?parent=83653"}],"wp:term":[{"taxonomy":"product_brand","embeddable":true,"href":"https:\/\/staging.nbg.eu\/ro\/wp-json\/wp\/v2\/product_brand?post=83653"},{"taxonomy":"product_cat","embeddable":true,"href":"https:\/\/staging.nbg.eu\/ro\/wp-json\/wp\/v2\/product_cat?post=83653"},{"taxonomy":"product_tag","embeddable":true,"href":"https:\/\/staging.nbg.eu\/ro\/wp-json\/wp\/v2\/product_tag?post=83653"}],"curies":[{"name":"wp","href":"https:\/\/api.w.org\/{rel}","templated":true}]}}