{"id":83631,"date":"2024-11-27T08:29:48","date_gmt":"2024-11-27T08:29:48","guid":{"rendered":"https:\/\/staging.nbg.eu\/product\/geissele-ak-trigger-ultimate-with-lightning-bow-akt-ul\/"},"modified":"2024-12-17T12:31:08","modified_gmt":"2024-12-17T12:31:08","slug":"montura-super-precision-t1-absolute-co-witness-negru","status":"publish","type":"product","link":"https:\/\/staging.nbg.eu\/ro\/produs\/montura-super-precision-t1-absolute-co-witness-negru\/","title":{"rendered":"Montura Super Precision T1 &#8211; Absolute Co-Witness &#8211; Negru"},"content":{"rendered":"<div class=\"product-description\">\n<h2>Tr\u0103gaci Geissele AK Ultimate cu Arm\u0103 Lightning (AKT-UL)<\/h2>\n<p>\u00cembun\u0103t\u0103\u021bi\u021bi AK47 sau AK74 cu Tr\u0103gaciul ALG AK Ultimate cu Arm\u0103 Lightning (AKT-UL). Acest tr\u0103gaci cu o singur\u0103 etap\u0103 ofer\u0103:<\/p>\n<ul>\n<li>Tragere mai scurt\u0103 \u0219i resetare mai precis\u0103 pentru acurate\u021be \u00eembun\u0103t\u0103\u021bit\u0103<\/li>\n<li>Prelucrat din o\u021bel aliat de calitate \u00eenalt\u0103<\/li>\n<li>Design cu Arm\u0103 Lightning pentru control \u00eembun\u0103t\u0103\u021bit<\/li>\n<li>Fabricat \u00een SUA, contribuind la conformitatea 922(r)<\/li>\n<\/ul>\n<p>AKT-UL este potrivit pentru trageri de precizie \u0219i \u021bint\u0103. Not\u0103: Se recomand\u0103 instalarea profesional\u0103 din cauza poten\u021bialelor cerin\u021be de ajustare. Nu este compatibil cu variantele de calibru 12 \u0219i 308 \/ 7.62x54r.<\/p>\n<\/div>\n","protected":false},"excerpt":{"rendered":"<p>Tr\u0103gaci AK de precizie cu Lightning Bow pentru control \u0219i senza\u021bie \u00eembun\u0103t\u0103\u021bite.<\/p>\n","protected":false},"featured_media":82200,"template":"","meta":{"_acf_changed":false},"product_brand":[],"product_cat":[12795,12729,12744,12732],"product_tag":[],"class_list":{"0":"post-83631","1":"product","2":"type-product","3":"status-publish","4":"has-post-thumbnail","6":"product_cat-pusca","7":"product_cat-reglaj-ak","8":"product_cat-reglaj-pusca","9":"product_cat-tragaci","11":"first","12":"instock","13":"taxable","14":"shipping-taxable","15":"product-type-simple"},"acf":[],"_links":{"self":[{"href":"https:\/\/staging.nbg.eu\/ro\/wp-json\/wp\/v2\/product\/83631","targetHints":{"allow":["GET"]}}],"collection":[{"href":"https:\/\/staging.nbg.eu\/ro\/wp-json\/wp\/v2\/product"}],"about":[{"href":"https:\/\/staging.nbg.eu\/ro\/wp-json\/wp\/v2\/types\/product"}],"wp:featuredmedia":[{"embeddable":true,"href":"https:\/\/staging.nbg.eu\/ro\/wp-json\/wp\/v2\/media\/82200"}],"wp:attachment":[{"href":"https:\/\/staging.nbg.eu\/ro\/wp-json\/wp\/v2\/media?parent=83631"}],"wp:term":[{"taxonomy":"product_brand","embeddable":true,"href":"https:\/\/staging.nbg.eu\/ro\/wp-json\/wp\/v2\/product_brand?post=83631"},{"taxonomy":"product_cat","embeddable":true,"href":"https:\/\/staging.nbg.eu\/ro\/wp-json\/wp\/v2\/product_cat?post=83631"},{"taxonomy":"product_tag","embeddable":true,"href":"https:\/\/staging.nbg.eu\/ro\/wp-json\/wp\/v2\/product_tag?post=83631"}],"curies":[{"name":"wp","href":"https:\/\/api.w.org\/{rel}","templated":true}]}}