{"id":83587,"date":"2024-11-01T14:01:14","date_gmt":"2024-12-17T12:13:00","guid":{"rendered":"https:\/\/staging.nbg.eu\/product\/sons-of-liberty-gun-works-ar-15-buffer-h2\/"},"modified":"2024-12-17T12:59:04","modified_gmt":"2024-12-17T12:59:04","slug":"tragaci-geissele-ak-enhanced-cu-lightning-bow-akt-el","status":"publish","type":"product","link":"https:\/\/staging.nbg.eu\/ro\/produs\/tragaci-geissele-ak-enhanced-cu-lightning-bow-akt-el\/","title":{"rendered":"Tragaci Geissele AK Enhanced cu Lightning Bow (AKT-EL)"},"content":{"rendered":"<div class=\"product-description\">\n<h2>Sons of Liberty Gun Works &#8211; Tampon H2 pentru AR 15<\/h2>\n<p>Tamponul H2 de la Sons of Liberty Gun Works (SOLGW) pentru AR-15. Aceast\u0103 pies\u0103 de schimb asigur\u0103 func\u021bionalitatea armei de foc.<\/p>\n<ul>\n<li>Compatibil cu toate modelele AR-15<\/li>\n<li>Fabricat conform toleran\u021belor<\/li>\n<li>Marcat pentru identificarea greut\u0103\u021bii<\/li>\n<li>Greutate: 4.6 oz<\/li>\n<li>Dimensiuni: 1 inch<\/li>\n<\/ul>\n<p>Men\u021bine\u021bi fiabilitatea \u0219i func\u021bionarea AR-15 cu acest tampon H2. Componenta SOLGW asigur\u0103 performan\u021b\u0103 constant\u0103.<\/p>\n<\/div>\n","protected":false},"excerpt":{"rendered":"<p>Tampon H2 SOLGW AR-15: Fabricat cu precizie, de 4.6 uncii, pentru o func\u021bionare lin\u0103 \u0219i fiabil\u0103<\/p>\n","protected":false},"featured_media":76285,"template":"","meta":{"_acf_changed":false},"product_brand":[],"product_cat":[12744],"product_tag":[],"class_list":{"0":"post-83587","1":"product","2":"type-product","3":"status-publish","4":"has-post-thumbnail","6":"product_cat-reglaj-pusca","8":"first","9":"instock","10":"taxable","11":"shipping-taxable","12":"purchasable","13":"product-type-simple"},"acf":[],"_links":{"self":[{"href":"https:\/\/staging.nbg.eu\/ro\/wp-json\/wp\/v2\/product\/83587","targetHints":{"allow":["GET"]}}],"collection":[{"href":"https:\/\/staging.nbg.eu\/ro\/wp-json\/wp\/v2\/product"}],"about":[{"href":"https:\/\/staging.nbg.eu\/ro\/wp-json\/wp\/v2\/types\/product"}],"wp:featuredmedia":[{"embeddable":true,"href":"https:\/\/staging.nbg.eu\/ro\/wp-json\/wp\/v2\/media\/76285"}],"wp:attachment":[{"href":"https:\/\/staging.nbg.eu\/ro\/wp-json\/wp\/v2\/media?parent=83587"}],"wp:term":[{"taxonomy":"product_brand","embeddable":true,"href":"https:\/\/staging.nbg.eu\/ro\/wp-json\/wp\/v2\/product_brand?post=83587"},{"taxonomy":"product_cat","embeddable":true,"href":"https:\/\/staging.nbg.eu\/ro\/wp-json\/wp\/v2\/product_cat?post=83587"},{"taxonomy":"product_tag","embeddable":true,"href":"https:\/\/staging.nbg.eu\/ro\/wp-json\/wp\/v2\/product_tag?post=83587"}],"curies":[{"name":"wp","href":"https:\/\/api.w.org\/{rel}","templated":true}]}}