{"id":83565,"date":"2024-11-27T08:27:04","date_gmt":"2024-12-17T12:03:46","guid":{"rendered":"https:\/\/staging.nbg.eu\/product\/geissele-ak-trigger-enhanced-with-lightning-bow-akt-el\/"},"modified":"2024-12-17T12:05:20","modified_gmt":"2024-12-17T12:05:20","slug":"incarcator-geissele-30-cartuse-6mm-arc-negru","status":"publish","type":"product","link":"https:\/\/staging.nbg.eu\/ro\/produs\/incarcator-geissele-30-cartuse-6mm-arc-negru\/","title":{"rendered":"Incarcator Geissele 30 Cartuse 6mm ARC &#8211; Negru"},"content":{"rendered":"<div class=\"product-description\">\n<h2>Tr\u0103gaci Geissele AK \u00eembun\u0103t\u0103\u021bit cu arc Lightning (AKT-EL)<\/h2>\n<p>Tr\u0103gaciul ALG AK \u00eembun\u0103t\u0103\u021bit cu arc Lightning (AKT-EL) pentru AK47\/AK74 ofer\u0103:<\/p>\n<ul>\n<li>Tragere mai lin\u0103 \u0219i mai scurt\u0103 pentru performan\u021b\u0103 \u00eembun\u0103t\u0103\u021bit\u0103 \u00een lupt\u0103 \u0219i autoap\u0103rare<\/li>\n<li>Prelucrat cu precizie din o\u021bel aliat de calitate pentru arme<\/li>\n<li>Finisaj durabil de fosfat de mangan pentru rezisten\u021b\u0103 la coroziune<\/li>\n<li>Design Lightning Bow\u00ae pentru control \u00eembun\u0103t\u0103\u021bit al tr\u0103gaciului<\/li>\n<li>Fabricat \u00een SUA (North Wales, PA)<\/li>\n<li>Contribuie la conformitatea 922(r) cu trei piese<\/li>\n<\/ul>\n<p><strong>Not\u0103:<\/strong> Nu este compatibil cu variantele de calibru 12 \u0219i 308 \/ 7.62x54r. Se recomand\u0103 instalarea profesional\u0103 pentru performan\u021b\u0103 \u0219i siguran\u021b\u0103 optim\u0103.<\/p>\n<\/div>\n","protected":false},"excerpt":{"rendered":"<p>Tr\u0103gaci AK \u00eembun\u0103t\u0103\u021bit cu arc Lightning pentru o tragere mai lin\u0103 \u0219i mai scurt\u0103.<\/p>\n","protected":false},"featured_media":82130,"template":"","meta":{"_acf_changed":false},"product_brand":[11395],"product_cat":[12729,12744,12732],"product_tag":[],"class_list":{"0":"post-83565","1":"product","2":"type-product","3":"status-publish","4":"has-post-thumbnail","6":"product_brand-geissele","7":"product_cat-reglaj-ak","8":"product_cat-reglaj-pusca","9":"product_cat-tragaci","11":"first","12":"instock","13":"taxable","14":"shipping-taxable","15":"product-type-simple"},"acf":[],"_links":{"self":[{"href":"https:\/\/staging.nbg.eu\/ro\/wp-json\/wp\/v2\/product\/83565","targetHints":{"allow":["GET"]}}],"collection":[{"href":"https:\/\/staging.nbg.eu\/ro\/wp-json\/wp\/v2\/product"}],"about":[{"href":"https:\/\/staging.nbg.eu\/ro\/wp-json\/wp\/v2\/types\/product"}],"wp:featuredmedia":[{"embeddable":true,"href":"https:\/\/staging.nbg.eu\/ro\/wp-json\/wp\/v2\/media\/82130"}],"wp:attachment":[{"href":"https:\/\/staging.nbg.eu\/ro\/wp-json\/wp\/v2\/media?parent=83565"}],"wp:term":[{"taxonomy":"product_brand","embeddable":true,"href":"https:\/\/staging.nbg.eu\/ro\/wp-json\/wp\/v2\/product_brand?post=83565"},{"taxonomy":"product_cat","embeddable":true,"href":"https:\/\/staging.nbg.eu\/ro\/wp-json\/wp\/v2\/product_cat?post=83565"},{"taxonomy":"product_tag","embeddable":true,"href":"https:\/\/staging.nbg.eu\/ro\/wp-json\/wp\/v2\/product_tag?post=83565"}],"curies":[{"name":"wp","href":"https:\/\/api.w.org\/{rel}","templated":true}]}}