{"id":83543,"date":"2024-11-27T07:42:23","date_gmt":"2024-11-27T07:42:23","guid":{"rendered":"https:\/\/staging.nbg.eu\/product\/geissele-30-round-6mm-arc-magazine-black\/"},"modified":"2024-12-17T11:55:09","modified_gmt":"2024-12-17T11:55:09","slug":"carabina-semiautomat-tinck-arms-perun-x9-125-cal-9x19mm","status":"publish","type":"product","link":"https:\/\/staging.nbg.eu\/ro\/produs\/carabina-semiautomat-tinck-arms-perun-x9-125-cal-9x19mm\/","title":{"rendered":"Carabina Semiautomat Tinck Arms Perun X9 12,5&#8243; &#8211; cal. 9x19mm"},"content":{"rendered":"<h2>\u00cenc\u0103rc\u0103tor Geissele 30 de cartu\u0219e pentru 6mm ARC \u2013 Negru<\/h2>\n<p>\u00cenc\u0103rc\u0103torul Geissele pentru 6mm ARC. Acest \u00eenc\u0103rc\u0103tor fabricat \u00een SUA este proiectat special pentru cartu\u0219ul 6mm ARC, asigur\u00e2nd alimentarea \u0219i performan\u021ba.<\/p>\n<h3>Caracteristici principale:<\/h3>\n<ul>\n<li>Capacitate de 30 de cartu\u0219e<\/li>\n<li>Construc\u021bie \u00eembun\u0103t\u0103\u021bit\u0103 dintr-o singur\u0103 pies\u0103<\/li>\n<li>Sudat cu laser pentru rezisten\u021b\u0103<\/li>\n<li>Corp din o\u021bel inoxidabil 410 cu acoperire de nitrid negru<\/li>\n<li>Urm\u0103ritor anti-\u00eenclinare pentru func\u021bionare<\/li>\n<li>Design rezistent la coroziune<\/li>\n<li>Arc p\u0103trat din o\u021bel inoxidabil<\/li>\n<li>Lungime total\u0103: 20,57 cm<\/li>\n<\/ul>\n<p>Acest \u00eenc\u0103rc\u0103tor combin\u0103 ingineria cu materiale de calitate. Pentru experien\u021ba de tragere cu 6mm ARC cu \u00eenc\u0103rc\u0103torul Geissele.<\/p>\n","protected":false},"excerpt":{"rendered":"<p>\u00cenc\u0103rc\u0103tor durabil de 30 de cartu\u0219e pentru 6mm ARC. O\u021bel inoxidabil, cu urm\u0103ritor anti-\u00eenclinare.<\/p>\n","protected":false},"featured_media":81899,"template":"","meta":{"_acf_changed":false},"product_brand":[11395],"product_cat":[12778,12795],"product_tag":[],"class_list":{"0":"post-83543","1":"product","2":"type-product","3":"status-publish","4":"has-post-thumbnail","6":"product_brand-geissele","7":"product_cat-incarcatoare-pusca","8":"product_cat-pusca","10":"first","11":"instock","12":"taxable","13":"shipping-taxable","14":"product-type-simple"},"acf":[],"_links":{"self":[{"href":"https:\/\/staging.nbg.eu\/ro\/wp-json\/wp\/v2\/product\/83543","targetHints":{"allow":["GET"]}}],"collection":[{"href":"https:\/\/staging.nbg.eu\/ro\/wp-json\/wp\/v2\/product"}],"about":[{"href":"https:\/\/staging.nbg.eu\/ro\/wp-json\/wp\/v2\/types\/product"}],"wp:featuredmedia":[{"embeddable":true,"href":"https:\/\/staging.nbg.eu\/ro\/wp-json\/wp\/v2\/media\/81899"}],"wp:attachment":[{"href":"https:\/\/staging.nbg.eu\/ro\/wp-json\/wp\/v2\/media?parent=83543"}],"wp:term":[{"taxonomy":"product_brand","embeddable":true,"href":"https:\/\/staging.nbg.eu\/ro\/wp-json\/wp\/v2\/product_brand?post=83543"},{"taxonomy":"product_cat","embeddable":true,"href":"https:\/\/staging.nbg.eu\/ro\/wp-json\/wp\/v2\/product_cat?post=83543"},{"taxonomy":"product_tag","embeddable":true,"href":"https:\/\/staging.nbg.eu\/ro\/wp-json\/wp\/v2\/product_tag?post=83543"}],"curies":[{"name":"wp","href":"https:\/\/api.w.org\/{rel}","templated":true}]}}