{"id":83517,"date":"2024-11-03T11:57:46","date_gmt":"2024-12-16T11:43:15","guid":{"rendered":"https:\/\/staging.nbg.eu\/product\/tinck-arms-semi-automatic-carbine-perun-x9-125-cal-9x19mm\/"},"modified":"2024-12-16T11:44:43","modified_gmt":"2024-12-16T11:44:43","slug":"elcan-specterdr-15x6x","status":"publish","type":"product","link":"https:\/\/staging.nbg.eu\/ro\/produs\/elcan-specterdr-15x6x\/","title":{"rendered":"ELCAN SpecterDR 1.5x\/6x"},"content":{"rendered":"<div class=\"product-description\">\n<h2>Tinck Arms Perun X9 Carabin\u0103 Semi-Automat\u0103 de 12.5&#8243;<\/h2>\n<p>Carabina Tinck Arms Perun X9 \u00een calibrul 9mm este bazat\u0103 pe platforma X16.<\/p>\n<h2>Caracteristici principale:<\/h2>\n<ul>\n<li>Calibru: 9x19mm Parabellum<\/li>\n<li>Lungime \u021beav\u0103: 12.5&#8243; o\u021bel CrMoV forjat la rece<\/li>\n<li>Sistem de operare: \u00cenchiz\u0103tor \u00eenchis cu recul<\/li>\n<li>Lungime total\u0103: 700mm (pliat) \/ 950mm (extins)<\/li>\n<li>Greutate: 2.8kg (inclusiv \u00eenc\u0103rc\u0103tor de 30 cartu\u0219e)<\/li>\n<li>Comenzi ambidextre \u0219i m\u00e2ner de armare nereciproc<\/li>\n<li>Compatibil cu \u00eenc\u0103rc\u0103toare Glock 9x19mm<\/li>\n<\/ul>\n<h2>Configura\u021bii<\/h2>\n<p>Perun X9 ofer\u0103 mai multe op\u021biuni de configurare:<\/p>\n<ul>\n<li>Sisteme de tr\u0103gaci AR15 sau de competi\u021bie<\/li>\n<li>Lungimi de \u021beav\u0103 de la 8.5&#8243; la 14.5&#8243;<\/li>\n<li>Fr\u00e2n\u0103 de gur\u0103<\/li>\n<li>Gard\u0103 flotant\u0103 pentru montarea accesoriilor<\/li>\n<li>Pat pliant Masada sau pat standard AR-15<\/li>\n<\/ul>\n<h2>Ergonomie \u0219i Func\u021bionalitate<\/h2>\n<p>Caracteristici:<\/p>\n<ul>\n<li>Selector de siguran\u021b\u0103 ambidextru<\/li>\n<li>\u00cen\u0103l\u021b\u0103toare de urgen\u021b\u0103 cu raz\u0103 de vedere de 300mm<\/li>\n<li>1 \u0219in\u0103 superioar\u0103 \u0219i 3 \u0219ine NAR adi\u021bionale pentru optic\u0103 \u0219i accesorii<\/li>\n<li>\u021aeav\u0103 filetat\u0103 1\/2&#8243;-28 pentru ata\u0219area amortizorului<\/li>\n<\/ul>\n<h2>Antrenament \u0219i Adaptabilitate<\/h2>\n<p>Perun X9 este compatibil cu cartu\u0219e de antrenament Simunition \u0219i include func\u021bii de manipulare pentru antrenament.<\/p>\n<p>Fiecare Perun X9 include un \u00eenc\u0103rc\u0103tor compatibil Glock de 30 cartu\u0219e \u0219i un manual de utilizare.<\/p>\n<\/div>\n","protected":false},"excerpt":{"rendered":"<p>Carabin\u0103 compact\u0103 de 9mm cu \u021beav\u0103 de 12,5&#8243;, pat pliant \u0219i compatibilitate cu \u00eenc\u0103rc\u0103toare Glock.<\/p>\n","protected":false},"featured_media":77216,"template":"","meta":{"_acf_changed":false},"product_brand":[11924],"product_cat":[12792,12809,12795],"product_tag":[],"class_list":{"0":"post-83517","1":"product","2":"type-product","3":"status-publish","4":"has-post-thumbnail","6":"product_brand-tinck-arms","7":"product_cat-carabine","8":"product_cat-pcc","9":"product_cat-pusca","11":"first","12":"instock","13":"taxable","14":"shipping-taxable","15":"purchasable","16":"product-type-simple"},"acf":[],"_links":{"self":[{"href":"https:\/\/staging.nbg.eu\/ro\/wp-json\/wp\/v2\/product\/83517","targetHints":{"allow":["GET"]}}],"collection":[{"href":"https:\/\/staging.nbg.eu\/ro\/wp-json\/wp\/v2\/product"}],"about":[{"href":"https:\/\/staging.nbg.eu\/ro\/wp-json\/wp\/v2\/types\/product"}],"wp:featuredmedia":[{"embeddable":true,"href":"https:\/\/staging.nbg.eu\/ro\/wp-json\/wp\/v2\/media\/77216"}],"wp:attachment":[{"href":"https:\/\/staging.nbg.eu\/ro\/wp-json\/wp\/v2\/media?parent=83517"}],"wp:term":[{"taxonomy":"product_brand","embeddable":true,"href":"https:\/\/staging.nbg.eu\/ro\/wp-json\/wp\/v2\/product_brand?post=83517"},{"taxonomy":"product_cat","embeddable":true,"href":"https:\/\/staging.nbg.eu\/ro\/wp-json\/wp\/v2\/product_cat?post=83517"},{"taxonomy":"product_tag","embeddable":true,"href":"https:\/\/staging.nbg.eu\/ro\/wp-json\/wp\/v2\/product_tag?post=83517"}],"curies":[{"name":"wp","href":"https:\/\/api.w.org\/{rel}","templated":true}]}}