{"id":83463,"date":"2024-11-16T09:53:46","date_gmt":"2024-12-16T10:51:57","guid":{"rendered":"https:\/\/staging.nbg.eu\/product\/elcan-specterdr-1x-4x\/"},"modified":"2024-12-16T10:54:00","modified_gmt":"2024-12-16T10:54:00","slug":"carabina-semiautomat-tinck-arms-perun-x17-16","status":"publish","type":"product","link":"https:\/\/staging.nbg.eu\/ro\/produs\/carabina-semiautomat-tinck-arms-perun-x17-16\/","title":{"rendered":"Carabina Semiautomat Tinck Arms Perun X17 &#8211; 16&#8243;"},"content":{"rendered":"<h2>ELCAN SpecterDR 1x\/4x Dispozitiv optic cu rol dual<\/h2>\n<p>ELCAN SpecterDR 1x\/4x 2024 &#8211; dispozitiv optic de lupt\u0103 cu c\u00e2mp de vizualizare dual<\/p>\n<h2>Caracteristici principale:<\/h2>\n<ul>\n<li>\u0218ine Picatinny integrate<\/li>\n<li>P\u00e2rghii de m\u0103rire ambidextre<\/li>\n<li>Capace de baterie \u00eembun\u0103t\u0103\u021bite<\/li>\n<li>Finisaje CERAKOTE\u00ae \u00een Negru sau P\u0103m\u00e2nt \u00cenchis Plat (FDE)<\/li>\n<li>Comutare \u00eentre vedere m\u0103rit\u0103 4x \u0219i vedere 1x pentru distan\u021be scurte<\/li>\n<li>Cale optic\u0103 optimizat\u0103 \u0219i relief ocular identic \u00een ambele moduri<\/li>\n<li>Reticul iluminat sau punct ro\u0219u central<\/li>\n<li>C\u00e2mp de vizualizare larg \u00een modul 1x<\/li>\n<li>Imagine clar\u0103 \u00een modul 4x<\/li>\n<\/ul>\n<h2>Reticule:<\/h2>\n<ul>\n<li>5.56 (CX5395)<\/li>\n<li>7.62 (CX5396)<\/li>\n<\/ul>\n<h2>Specifica\u021bii tehnice:<\/h2>\n<ul>\n<li>M\u0103rire: 4x \/ 1x<\/li>\n<li>Dimensiuni: 153mm x 68mm x 72mm (nominal)<\/li>\n<li>Greutate: 655g (nominal)<\/li>\n<li>Reticul: Reticul balistic cu grosime dual\u0103 \u0219i punct ro\u0219u selectabil<\/li>\n<li>C\u00e2mp de vizualizare: 26\u00b0 la 1x, 6.5\u00b0 la 4x<\/li>\n<li>Relief ocular: 70mm<\/li>\n<li>Baterie: CR2032 (3v Litiu)<\/li>\n<li>Durata de via\u021b\u0103 a bateriei: P\u00e2n\u0103 la 1730 ore<\/li>\n<li>Interval de ajustare: 120 minute de unghi<\/li>\n<\/ul>\n<h2>Dispozitiv optic XOPTEK\u2122 Micro Reflex op\u021bional<\/h2>\n<p>Dispozitiv XOPTEK\u2122 Micro Reflex, un accesoriu u\u0219or pentru ochire rapid\u0103, potrivit pentru \u021binte la distan\u021be scurte \u0219i medii.<\/p>\n<p>ELCAN SpecterDR 1x\/4x este proiectat pentru utilizare profesional\u0103, oferind o solu\u021bie pentru angajamente la distan\u021b\u0103 medie \u0219i scurt\u0103.<\/p>\n","protected":false},"excerpt":{"rendered":"<p>ELCAN SpecterDR 1x\/4x: Dispozitiv de ochire cu dublu rol \u0219i comutare instantanee a magnific\u0103rii.<\/p>\n","protected":false},"featured_media":79349,"template":"","meta":{"_acf_changed":false},"product_brand":[11294],"product_cat":[12771,12739],"product_tag":[],"class_list":{"0":"post-83463","1":"product","2":"type-product","3":"status-publish","4":"has-post-thumbnail","6":"product_brand-elcan","7":"product_cat-ochire","8":"product_cat-optici-cu-magnificare","10":"first","11":"instock","12":"taxable","13":"shipping-taxable","14":"purchasable","15":"product-type-variable","16":"wvs-archive-product-wrapper"},"acf":[],"_links":{"self":[{"href":"https:\/\/staging.nbg.eu\/ro\/wp-json\/wp\/v2\/product\/83463","targetHints":{"allow":["GET"]}}],"collection":[{"href":"https:\/\/staging.nbg.eu\/ro\/wp-json\/wp\/v2\/product"}],"about":[{"href":"https:\/\/staging.nbg.eu\/ro\/wp-json\/wp\/v2\/types\/product"}],"wp:featuredmedia":[{"embeddable":true,"href":"https:\/\/staging.nbg.eu\/ro\/wp-json\/wp\/v2\/media\/79349"}],"wp:attachment":[{"href":"https:\/\/staging.nbg.eu\/ro\/wp-json\/wp\/v2\/media?parent=83463"}],"wp:term":[{"taxonomy":"product_brand","embeddable":true,"href":"https:\/\/staging.nbg.eu\/ro\/wp-json\/wp\/v2\/product_brand?post=83463"},{"taxonomy":"product_cat","embeddable":true,"href":"https:\/\/staging.nbg.eu\/ro\/wp-json\/wp\/v2\/product_cat?post=83463"},{"taxonomy":"product_tag","embeddable":true,"href":"https:\/\/staging.nbg.eu\/ro\/wp-json\/wp\/v2\/product_tag?post=83463"}],"curies":[{"name":"wp","href":"https:\/\/api.w.org\/{rel}","templated":true}]}}