{"id":83385,"date":"2024-11-01T13:52:15","date_gmt":"2024-11-01T13:52:15","guid":{"rendered":"https:\/\/staging.nbg.eu\/product\/daa-target-bag-classic-ipsc-target\/"},"modified":"2024-12-16T09:56:10","modified_gmt":"2024-12-16T09:56:10","slug":"pusca-semiautomat-tinck-arms-ar-x15-ms-pro-cal-556x45-223-rem-125","status":"publish","type":"product","link":"https:\/\/staging.nbg.eu\/ro\/produs\/pusca-semiautomat-tinck-arms-ar-x15-ms-pro-cal-556x45-223-rem-125\/","title":{"rendered":"Pusca Semiautomat Tinck Arms AR X15-MS Pro Cal. 5.56&#215;45 (.223 Rem) &#8211; 12.5&#8243;"},"content":{"rendered":"<h2>Geant\u0103 pentru \u021binte DAA, Classic (IPSC)<\/h2>\n<p>Geanta DAA pentru \u021binte ofer\u0103 urm\u0103toarele caracteristici:<\/p>\n<ul>\n<li>Construc\u021bie din material textil D6000<\/li>\n<li>Compartimentul principal poate con\u021bine peste 20 de \u021binte IPSC Classic de dimensiuni normale<\/li>\n<li>Trei buzunare exterioare:\n<ul>\n<li>Buzunar pentru aplicator de petice rapide<\/li>\n<li>Buzunar pentru capsator<\/li>\n<li>Buzunar pentru band\u0103 adeziv\u0103, capse \u0219i unelte<\/li>\n<\/ul>\n<\/li>\n<li>Dou\u0103 curele ajustabile pentru c\u00e2rlige de \u021binte metalice<\/li>\n<li>Curea de um\u0103r \u0219i m\u00e2ner c\u0103ptu\u0219it<\/li>\n<\/ul>\n<p>Organizeaz\u0103 echipamentul pentru \u021binte \u00eentr-o geant\u0103 practic\u0103 \u0219i u\u0219or de transportat. Elibereaz\u0103 m\u00e2inile pentru gen\u021bile de poligon \u0219i muni\u021bie.<\/p>\n","protected":false},"excerpt":{"rendered":"<p>Geant\u0103 DAA pentru \u021binte: Organiza\u021bi \u0219i transporta\u021bi cu u\u0219urin\u021b\u0103 \u021bintele IPSC.<\/p>\n","protected":false},"featured_media":76238,"template":"","meta":{"_acf_changed":false},"product_brand":[11281],"product_cat":[12762,12808],"product_tag":[],"class_list":{"0":"post-83385","1":"product","2":"type-product","3":"status-publish","4":"has-post-thumbnail","6":"product_brand-doublealpha","7":"product_cat-echipament","8":"product_cat-genti-poligon","10":"first","11":"outofstock","12":"taxable","13":"shipping-taxable","14":"purchasable","15":"product-type-simple"},"acf":[],"_links":{"self":[{"href":"https:\/\/staging.nbg.eu\/ro\/wp-json\/wp\/v2\/product\/83385","targetHints":{"allow":["GET"]}}],"collection":[{"href":"https:\/\/staging.nbg.eu\/ro\/wp-json\/wp\/v2\/product"}],"about":[{"href":"https:\/\/staging.nbg.eu\/ro\/wp-json\/wp\/v2\/types\/product"}],"wp:featuredmedia":[{"embeddable":true,"href":"https:\/\/staging.nbg.eu\/ro\/wp-json\/wp\/v2\/media\/76238"}],"wp:attachment":[{"href":"https:\/\/staging.nbg.eu\/ro\/wp-json\/wp\/v2\/media?parent=83385"}],"wp:term":[{"taxonomy":"product_brand","embeddable":true,"href":"https:\/\/staging.nbg.eu\/ro\/wp-json\/wp\/v2\/product_brand?post=83385"},{"taxonomy":"product_cat","embeddable":true,"href":"https:\/\/staging.nbg.eu\/ro\/wp-json\/wp\/v2\/product_cat?post=83385"},{"taxonomy":"product_tag","embeddable":true,"href":"https:\/\/staging.nbg.eu\/ro\/wp-json\/wp\/v2\/product_tag?post=83385"}],"curies":[{"name":"wp","href":"https:\/\/api.w.org\/{rel}","templated":true}]}}