{"id":78674,"date":"2024-11-04T19:26:19","date_gmt":"2024-11-13T12:31:56","guid":{"rendered":"https:\/\/staging.nbg.eu\/product\/tinck-arms-semi-automatic-rifle-ar-x15-ms-pro-cal-5-56x45-223-rem-12-5\/"},"modified":"2024-11-13T12:33:18","modified_gmt":"2024-11-13T12:33:18","slug":"pusca-semiautomat-tinck-arms-ar-x15-ms-pro-cal-300-blackout-125","status":"publish","type":"product","link":"https:\/\/staging.nbg.eu\/ro\/produs\/pusca-semiautomat-tinck-arms-ar-x15-ms-pro-cal-300-blackout-125\/","title":{"rendered":"Pusca Semiautomat Tinck Arms AR X15-MS Pro Cal. .300 Blackout &#8211; 12.5&#8243;"},"content":{"rendered":"<div class=\"product-description\">\n<h2>Tinck Arms ARX15-MS Pro Cal. 5.56&#215;45 (.223 Rem) &#8211; 12.5&#8243;<\/h2>\n<p>ARX15-MS Pro este potrivit pentru tr\u0103g\u0103torii de precizie \u0219i dinamici. Este destinat tr\u0103g\u0103torilor experimenta\u021bi, v\u00e2n\u0103torilor \u0219i tr\u0103g\u0103torilor recreativi.<\/p>\n<h2>Caracteristici principale:<\/h2>\n<ul>\n<li>Calibru: 5.56&#215;45 (.223 Rem)<\/li>\n<li>Operare semi-automat\u0103 cu sistem de blocare rotativ\u0103 DI<\/li>\n<li>Design compact \u0219i ajustabil (660mm &#8211; 970mm)<\/li>\n<li>Greutate de 2.8kg (inclusiv \u00eenc\u0103rc\u0103tor de 30 de cartu\u0219e)<\/li>\n<li>\u021aeav\u0103 de 12.5&#8243; cu pas de ghintur\u0103 1:7&#8243;<\/li>\n<li>Manevrare ambidextr\u0103<\/li>\n<li>\u0218ine compatibile M-LOK pentru montarea accesoriilor<\/li>\n<li>Conector integrat pentru supressor cu filet 1\/2&#8243; &#8211; 28<\/li>\n<li>Fr\u00e2n\u0103 de gur\u0103 cu trei camere<\/li>\n<\/ul>\n<h2>Versatilitate \u0219i personalizare:<\/h2>\n<p>ARX15-MS Pro are lungime ajustabil\u0103 \u0219i controale ambidextre. \u0218inele compatibile M-LOK permit personalizarea cu diverse accesorii.<\/p>\n<h2>Precizie \u0219i performan\u021b\u0103:<\/h2>\n<p>\u021aeava de 12.5&#8243; cu pas de ghintur\u0103 1:7&#8243; ofer\u0103 precizie pentru trageri la distan\u021b\u0103 mic\u0103 \u0219i medie. Fr\u00e2na de gur\u0103 cu trei camere reduce reculul.<\/p>\n<h2>Accesorii incluse:<\/h2>\n<ul>\n<li>Un \u00eenc\u0103rc\u0103tor din polimer de 10 sau 30 de cartu\u0219e<\/li>\n<li>Pat MFT compatibil cu tubul tampon AR-15<\/li>\n<li>Dispozitiv de ochire de urgen\u021b\u0103 rabatabil<\/li>\n<li>Manual de utilizare<\/li>\n<\/ul>\n<\/div>\n","protected":false},"excerpt":{"rendered":"<p>Pu\u0219c\u0103 semi-automat\u0103 versatil\u0103 de calibrul 5,56&#215;45. \u021aeav\u0103 de 31,75 cm, \u0219ine M-LOK, ambidextr\u0103.<\/p>\n","protected":false},"featured_media":77588,"template":"","meta":{"_acf_changed":false},"product_brand":[11924],"product_cat":[12792,12795],"product_tag":[],"class_list":{"0":"post-78674","1":"product","2":"type-product","3":"status-publish","4":"has-post-thumbnail","6":"product_brand-tinck-arms","7":"product_cat-carabine","8":"product_cat-pusca","10":"first","11":"instock","12":"taxable","13":"shipping-taxable","14":"purchasable","15":"product-type-simple"},"acf":[],"_links":{"self":[{"href":"https:\/\/staging.nbg.eu\/ro\/wp-json\/wp\/v2\/product\/78674","targetHints":{"allow":["GET"]}}],"collection":[{"href":"https:\/\/staging.nbg.eu\/ro\/wp-json\/wp\/v2\/product"}],"about":[{"href":"https:\/\/staging.nbg.eu\/ro\/wp-json\/wp\/v2\/types\/product"}],"wp:featuredmedia":[{"embeddable":true,"href":"https:\/\/staging.nbg.eu\/ro\/wp-json\/wp\/v2\/media\/77588"}],"wp:attachment":[{"href":"https:\/\/staging.nbg.eu\/ro\/wp-json\/wp\/v2\/media?parent=78674"}],"wp:term":[{"taxonomy":"product_brand","embeddable":true,"href":"https:\/\/staging.nbg.eu\/ro\/wp-json\/wp\/v2\/product_brand?post=78674"},{"taxonomy":"product_cat","embeddable":true,"href":"https:\/\/staging.nbg.eu\/ro\/wp-json\/wp\/v2\/product_cat?post=78674"},{"taxonomy":"product_tag","embeddable":true,"href":"https:\/\/staging.nbg.eu\/ro\/wp-json\/wp\/v2\/product_tag?post=78674"}],"curies":[{"name":"wp","href":"https:\/\/api.w.org\/{rel}","templated":true}]}}