{"id":78608,"date":"2024-01-30T18:15:03","date_gmt":"2024-01-30T18:15:03","guid":{"rendered":"https:\/\/staging.nbg.eu\/product\/kmr-w-02-umbra-x\/"},"modified":"2025-02-19T16:16:53","modified_gmt":"2025-02-19T16:16:53","slug":"kmr-l-02-emiq","status":"publish","type":"product","link":"https:\/\/staging.nbg.eu\/ro\/produs\/kmr-l-02-emiq\/","title":{"rendered":"KMR L-02 EMIQ"},"content":{"rendered":"<div class=\"product-description\">\n<h2>KMR W-02 Umbra X: Divizii IDPA<\/h2>\n<p>KMR W-02 Umbra X este un pistol u\u0219or \u0219i puternic pentru entuzia\u0219tii de tir sportiv \u0219i de agrement. Potrivit pentru disciplinele cu limitare de greutate precum IDPA, acest pistol compact ofer\u0103 performan\u021b\u0103 \u0219i precizie.<\/p>\n<h2>Caracteristici principale:<\/h2>\n<ul>\n<li>\u021aeav\u0103 de 4.5&#8243; grea, canelat\u0103, nitrurata cu BRS (Sistem de Stabilizare a \u021aevii)<\/li>\n<li>Interfa\u021b\u0103 pentru optic\u0103 (OR) pentru personalizare<\/li>\n<li>Cadru din o\u021bel prelucrat CNC pentru durabilitate<\/li>\n<li>Mecanism de tragere SA\/DA cu resetare scurt\u0103<\/li>\n<li>Capacitate \u00eenc\u0103rc\u0103tor 16+1 cartu\u0219e<\/li>\n<li>M\u00e2nere WAVES din Duralumin \u00een ro\u0219u \u00eenchis<\/li>\n<li>Buton eliberare \u00eenc\u0103rc\u0103tor ajustabil din Duralumin<\/li>\n<li>\u00cen\u0103l\u021b\u0103tor frontal cu fibr\u0103 optic\u0103 (1 mm) \u0219i \u00een\u0103l\u021b\u0103tor posterior OR ajustabil<\/li>\n<li>Cadru \u0219i glisier\u0103 nitrurat\u0103 \u00een negru<\/li>\n<\/ul>\n<h2>Specifica\u021bii:<\/h2>\n<ul>\n<li>Calibru: 9&#215;19, 9&#215;21<\/li>\n<li>Lungime total\u0103: 208 mm<\/li>\n<li>Lungimea \u021bevii: 114 mm<\/li>\n<li>Greutate cu \u00eenc\u0103rc\u0103tor gol: 1210 g<\/li>\n<li>For\u021ba de ap\u0103sare a tr\u0103gaciului: 17.5 N (SA) \/ 45 N (DA)<\/li>\n<\/ul>\n<p>KMR W-02 Umbra X vine echipat cu accesorii KMR. Acest pistol ofer\u0103 un echilibru \u00eentre putere \u0219i precizie.<\/p>\n<p>Pachetul include: 3 \u00eenc\u0103rc\u0103toare, cutie pentru pistol KMR, kit de cur\u0103\u021bare, ulei KMR, adaptor de montare BRS, cheie pentru ajustarea \u00een\u0103l\u021b\u0103torului posterior, manual de utilizare \u0219i certificat de garan\u021bie.<\/p>\n<p><strong>KMR W-02 Umbra X &#8211; pentru excelen\u021b\u0103 \u00een tir.<\/strong><\/p>\n<\/div>\n","protected":false},"excerpt":{"rendered":"<p>I apologize, but there is no product description provided in your message for me to translate. If you&#8217;d like me to translate a specific product description to Romanian, please provide the text and I&#8217;ll be happy to assist you.<\/p>\n","protected":false},"featured_media":76074,"template":"","meta":{"_acf_changed":false},"product_brand":[11498],"product_cat":[12742,12752],"product_tag":[],"class_list":{"0":"post-78608","1":"product","2":"type-product","3":"status-publish","4":"has-post-thumbnail","6":"product_brand-kmr-precision","7":"product_cat-pistoale","8":"product_cat-pistol","10":"first","11":"outofstock","12":"taxable","13":"shipping-taxable","14":"product-type-simple"},"acf":[],"_links":{"self":[{"href":"https:\/\/staging.nbg.eu\/ro\/wp-json\/wp\/v2\/product\/78608","targetHints":{"allow":["GET"]}}],"collection":[{"href":"https:\/\/staging.nbg.eu\/ro\/wp-json\/wp\/v2\/product"}],"about":[{"href":"https:\/\/staging.nbg.eu\/ro\/wp-json\/wp\/v2\/types\/product"}],"wp:featuredmedia":[{"embeddable":true,"href":"https:\/\/staging.nbg.eu\/ro\/wp-json\/wp\/v2\/media\/76074"}],"wp:attachment":[{"href":"https:\/\/staging.nbg.eu\/ro\/wp-json\/wp\/v2\/media?parent=78608"}],"wp:term":[{"taxonomy":"product_brand","embeddable":true,"href":"https:\/\/staging.nbg.eu\/ro\/wp-json\/wp\/v2\/product_brand?post=78608"},{"taxonomy":"product_cat","embeddable":true,"href":"https:\/\/staging.nbg.eu\/ro\/wp-json\/wp\/v2\/product_cat?post=78608"},{"taxonomy":"product_tag","embeddable":true,"href":"https:\/\/staging.nbg.eu\/ro\/wp-json\/wp\/v2\/product_tag?post=78608"}],"curies":[{"name":"wp","href":"https:\/\/api.w.org\/{rel}","templated":true}]}}