{"id":75475,"date":"2024-10-30T18:55:52","date_gmt":"2024-11-01T09:44:27","guid":{"rendered":"https:\/\/staging.nbg.eu\/product\/rhh-201-iwb-magazine-2\/"},"modified":"2024-11-01T09:46:29","modified_gmt":"2024-11-01T09:46:29","slug":"rhh-201-incarcator-iwb","status":"publish","type":"product","link":"https:\/\/staging.nbg.eu\/ro\/produs\/rhh-201-incarcator-iwb\/","title":{"rendered":"# Rhh .201 Incarcator IWB"},"content":{"rendered":"<div class=\"product-description\">\n<h2>Toc pentru \u00eenc\u0103rc\u0103tor Rhh .201 IWB<\/h2>\n<p>Tocul pentru \u00eenc\u0103rc\u0103tor Rhh .201 IWB pentru purtare \u00een interiorul centurii include:<\/p>\n<ul>\n<li>Construc\u021bie din kydex presat pentru potrivire<\/li>\n<li>Margini t\u0103iate manual<\/li>\n<li>Prindere ajustabil\u0103 pentru reten\u021bie<\/li>\n<li>Design pentru cur\u0103\u021bare u\u0219oar\u0103<\/li>\n<li>Material kydex de 2mm grosime<\/li>\n<li>Op\u021biuni de purtare \u00een jurul taliei<\/li>\n<li>Pentru utilizare pe tot parcursul anului<\/li>\n<li>Disponibil cu clipsuri de o\u021bel de 40mm \u0219i 45mm<\/li>\n<li>Protec\u021bie op\u021bional\u0103 \u00eempotriva transpira\u021biei<\/li>\n<\/ul>\n<p>Pentru purtare ascuns\u0103 sub \u00eembr\u0103c\u0103minte. Pentru utilizatori dreptaci \u00een pozi\u021bia ora 9.<\/p>\n<\/div>\n","protected":false},"excerpt":{"rendered":"<p>Toc de \u00eenc\u0103rc\u0103tor IWB sub\u021bire, u\u0219or de ascuns, cu prindere ajustabil\u0103 \u0219i protec\u021bie \u00eempotriva transpira\u021biei.<\/p>\n","protected":false},"featured_media":74454,"template":"","meta":{"_acf_changed":false},"product_brand":[11646],"product_cat":[12738,12749],"product_tag":[],"class_list":{"0":"post-75475","1":"product","2":"type-product","3":"status-publish","4":"has-post-thumbnail","6":"product_brand-rh-holsters","7":"product_cat-suporturi-pentru-incarcatoare","8":"product_cat-toc","9":"pa_belt-size-40mm-ro","10":"pa_model-glock-17-22-31-ro","11":"pa_model-glock-19-23-32-ro","12":"pa_model-glock-26-27-ro","13":"pa_strong-hand-right-ro","15":"first","16":"instock","17":"taxable","18":"shipping-taxable","19":"purchasable","20":"product-type-variable","21":"wvs-archive-product-wrapper"},"acf":[],"_links":{"self":[{"href":"https:\/\/staging.nbg.eu\/ro\/wp-json\/wp\/v2\/product\/75475","targetHints":{"allow":["GET"]}}],"collection":[{"href":"https:\/\/staging.nbg.eu\/ro\/wp-json\/wp\/v2\/product"}],"about":[{"href":"https:\/\/staging.nbg.eu\/ro\/wp-json\/wp\/v2\/types\/product"}],"wp:featuredmedia":[{"embeddable":true,"href":"https:\/\/staging.nbg.eu\/ro\/wp-json\/wp\/v2\/media\/74454"}],"wp:attachment":[{"href":"https:\/\/staging.nbg.eu\/ro\/wp-json\/wp\/v2\/media?parent=75475"}],"wp:term":[{"taxonomy":"product_brand","embeddable":true,"href":"https:\/\/staging.nbg.eu\/ro\/wp-json\/wp\/v2\/product_brand?post=75475"},{"taxonomy":"product_cat","embeddable":true,"href":"https:\/\/staging.nbg.eu\/ro\/wp-json\/wp\/v2\/product_cat?post=75475"},{"taxonomy":"product_tag","embeddable":true,"href":"https:\/\/staging.nbg.eu\/ro\/wp-json\/wp\/v2\/product_tag?post=75475"}],"curies":[{"name":"wp","href":"https:\/\/api.w.org\/{rel}","templated":true}]}}