{"id":75338,"date":"2024-10-30T20:07:58","date_gmt":"2024-10-30T20:07:58","guid":{"rendered":"https:\/\/staging.nbg.eu\/product\/daa-hard-case-large-430\/"},"modified":"2024-11-01T09:08:17","modified_gmt":"2024-11-01T09:08:17","slug":"geanta-rigida-daa-large-430","status":"publish","type":"product","link":"https:\/\/staging.nbg.eu\/ro\/produs\/geanta-rigida-daa-large-430\/","title":{"rendered":"Geanta Rigida DAA Large-430"},"content":{"rendered":"<div class=\"product-description\">\n<h2>Carcas\u0103 DAA Mare-430<\/h2>\n<p>Carcasa DAA Mare-430, certificat\u0103 IP67, ofer\u0103 protec\u021bie pentru obiecte de valoare. Potrivit\u0103 pentru arme de foc, echipamente fotografice, echipamente marine \u0219i altele, aceast\u0103 carcas\u0103 este construit\u0103 pentru a rezista \u00een condi\u021bii extreme.<\/p>\n<ul>\n<li>Sigiliu etan\u0219 \u0219i supap\u0103 automat\u0103 de eliberare a presiunii<\/li>\n<li>\u00cencuietori cu deschidere u\u0219oar\u0103 \u0219i orificii pentru lac\u0103t<\/li>\n<li>Sistem de stivuire cu puncte de fixare suplimentare<\/li>\n<li>Include set de 4 piese de spum\u0103 pentru interior personalizabil<\/li>\n<li>Disponibil \u00een Negru sau Portocaliu<\/li>\n<\/ul>\n<p>Dimensiuni externe: 464 x 366 x 176 mm (18,27 x 14,41 x 6,93 inci)<br \/>\n  Dimensiuni interne: 426 x 290 x 159 mm (16,77 x 11,41 x 6,26 inci)<br \/>\n  Greutate: 3,1 kg<\/p>\n<\/div>\n","protected":false},"excerpt":{"rendered":"<p>Carcas\u0103 durabil\u0103, impermeabil\u0103 pentru echipamente valoroase. Certificat\u0103 IP67, versatil\u0103.<\/p>\n","protected":false},"featured_media":74480,"template":"","meta":{"_acf_changed":false},"product_brand":[11281],"product_cat":[12762,12784],"product_tag":[],"class_list":{"0":"post-75338","1":"product","2":"type-product","3":"status-publish","4":"has-post-thumbnail","6":"product_brand-doublealpha","7":"product_cat-echipament","8":"product_cat-genti-transport","10":"first","11":"outofstock","12":"taxable","13":"shipping-taxable","14":"purchasable","15":"product-type-simple"},"acf":[],"_links":{"self":[{"href":"https:\/\/staging.nbg.eu\/ro\/wp-json\/wp\/v2\/product\/75338","targetHints":{"allow":["GET"]}}],"collection":[{"href":"https:\/\/staging.nbg.eu\/ro\/wp-json\/wp\/v2\/product"}],"about":[{"href":"https:\/\/staging.nbg.eu\/ro\/wp-json\/wp\/v2\/types\/product"}],"wp:featuredmedia":[{"embeddable":true,"href":"https:\/\/staging.nbg.eu\/ro\/wp-json\/wp\/v2\/media\/74480"}],"wp:attachment":[{"href":"https:\/\/staging.nbg.eu\/ro\/wp-json\/wp\/v2\/media?parent=75338"}],"wp:term":[{"taxonomy":"product_brand","embeddable":true,"href":"https:\/\/staging.nbg.eu\/ro\/wp-json\/wp\/v2\/product_brand?post=75338"},{"taxonomy":"product_cat","embeddable":true,"href":"https:\/\/staging.nbg.eu\/ro\/wp-json\/wp\/v2\/product_cat?post=75338"},{"taxonomy":"product_tag","embeddable":true,"href":"https:\/\/staging.nbg.eu\/ro\/wp-json\/wp\/v2\/product_tag?post=75338"}],"curies":[{"name":"wp","href":"https:\/\/api.w.org\/{rel}","templated":true}]}}