{"id":74955,"date":"2024-10-21T09:39:10","date_gmt":"2024-10-31T11:19:08","guid":{"rendered":"https:\/\/staging.nbg.eu\/product\/grips-kmr-s-modular-sandpaper-black\/"},"modified":"2024-10-31T11:20:26","modified_gmt":"2024-10-31T11:20:26","slug":"maner-kmr-s-modular-sandpaper-negru","status":"publish","type":"product","link":"https:\/\/staging.nbg.eu\/ro\/produs\/maner-kmr-s-modular-sandpaper-negru\/","title":{"rendered":"Maner KMR S Modular Sandpaper &#8211; Negru"},"content":{"rendered":"<h2>M\u00e2nere KMR S modulare cu \u0219mirghel &#8211; Negru<\/h2>\n<p>M\u00e2nere pentru pistolul KMR S-02. Fabricate din duraluminiu anodizat, aceste m\u00e2nere lungi ofer\u0103 manevrare \u0219i confort.<\/p>\n<h2>Caracteristici:<\/h2>\n<ul>\n<li>Potrivire pentru modelele KMR S-02 .22 LR<\/li>\n<li>Construc\u021bie din duraluminiu anodizat<\/li>\n<li>Concepute pentru utilizare f\u0103r\u0103 ghidaj de \u00eenc\u0103rc\u0103tor<\/li>\n<li>Include \u0219uruburi torx pentru instalare<\/li>\n<li>Finisaj negru cu logo KMR<\/li>\n<\/ul>\n<p>Not\u0103: Aceste m\u00e2nere sunt concepute pentru cadrul de aluminiu de 26mm l\u0103\u021bime al KMR S-02 \u0219i nu sunt compatibile cu dimensiunile de cadru W-02 sau L-02. Pentru pistolul KMR S-02.<\/p>\n<dl class=\"data-sheet\">\n<dt class=\"name\">Pentru arme KMR<\/dt>\n<dd class=\"value\">KMR S-01 LANCE (OR)<br \/>\nKMR S-02 P\u00c2N\u0102 \u00ceN 2023<\/dd>\n<dt class=\"name\">Selec\u021bie pentru arme CZ<\/dt>\n<dd class=\"value\">CZ SHADOW 1<br \/>\nCZ SHADOW 2<br \/>\nCZ SHADOW 2 (OR)<br \/>\nCZ SP-01<\/dd>\n<\/dl>\n","protected":false},"excerpt":{"rendered":"<p>M\u00e2ner modular negru KMR S-02, compatibil cu cadru din aluminiu.<br \/>\n0611-03101-0101<\/p>\n","protected":false},"featured_media":73903,"template":"","meta":{"_acf_changed":false},"product_brand":[11498],"product_cat":[12747],"product_tag":[],"class_list":{"0":"post-74955","1":"product","2":"type-product","3":"status-publish","4":"has-post-thumbnail","6":"product_brand-kmr-precision","7":"product_cat-piese-kmr","9":"first","10":"instock","11":"taxable","12":"shipping-taxable","13":"purchasable","14":"product-type-simple"},"acf":[],"_links":{"self":[{"href":"https:\/\/staging.nbg.eu\/ro\/wp-json\/wp\/v2\/product\/74955","targetHints":{"allow":["GET"]}}],"collection":[{"href":"https:\/\/staging.nbg.eu\/ro\/wp-json\/wp\/v2\/product"}],"about":[{"href":"https:\/\/staging.nbg.eu\/ro\/wp-json\/wp\/v2\/types\/product"}],"wp:featuredmedia":[{"embeddable":true,"href":"https:\/\/staging.nbg.eu\/ro\/wp-json\/wp\/v2\/media\/73903"}],"wp:attachment":[{"href":"https:\/\/staging.nbg.eu\/ro\/wp-json\/wp\/v2\/media?parent=74955"}],"wp:term":[{"taxonomy":"product_brand","embeddable":true,"href":"https:\/\/staging.nbg.eu\/ro\/wp-json\/wp\/v2\/product_brand?post=74955"},{"taxonomy":"product_cat","embeddable":true,"href":"https:\/\/staging.nbg.eu\/ro\/wp-json\/wp\/v2\/product_cat?post=74955"},{"taxonomy":"product_tag","embeddable":true,"href":"https:\/\/staging.nbg.eu\/ro\/wp-json\/wp\/v2\/product_tag?post=74955"}],"curies":[{"name":"wp","href":"https:\/\/api.w.org\/{rel}","templated":true}]}}