{"id":74933,"date":"2024-10-21T09:31:15","date_gmt":"2024-10-31T11:16:11","guid":{"rendered":"https:\/\/staging.nbg.eu\/product\/grips-kmr-s-dotmatrix-ergo-silver\/"},"modified":"2024-10-31T11:17:41","modified_gmt":"2024-10-31T11:17:41","slug":"maner-kmr-s-dotmatrix-ergo-argintiu","status":"publish","type":"product","link":"https:\/\/staging.nbg.eu\/ro\/produs\/maner-kmr-s-dotmatrix-ergo-argintiu\/","title":{"rendered":"Maner KMR S DotMatrix &#8211; Ergo Argintiu"},"content":{"rendered":"<h2>M\u00c2NERE KMR S DotMatrix &#8211; Ergo Argintiu<\/h2>\n<p>M\u00e2nere pentru pistolul KMR S-02. Fabricate din duraluminiu anodizat, aceste m\u00e2nere de dimensiuni mari au un design ergonomic \u0219i un model cu puncte pentru o prindere mai bun\u0103.<\/p>\n<ul>\n<li>Compatibile exclusiv cu cadrul KMR S-02 (l\u0103\u021bime 26mm)<\/li>\n<li>Construc\u021bie din duraluminiu anodizat pentru durabilitate \u0219i greutate redus\u0103<\/li>\n<li>Design ergonomic pentru manevrare \u00eembun\u0103t\u0103\u021bit\u0103<\/li>\n<li>Model cu puncte pentru o prindere mai bun\u0103 \u00een toate condi\u021biile<\/li>\n<li>Finisaj argintiu cu logo KMR<\/li>\n<li>Include \u0219uruburi torx pentru instalare<\/li>\n<\/ul>\n<p>M\u00e2nere proiectate specific pentru pistolul KMR S-02 .22 LR. Nu sunt compatibile cu dimensiunile de cadru W-02 sau L-02.<\/p>\n<dl class=\"data-sheet\">\n<dt class=\"name\">Pentru Arme KMR<\/dt>\n<dd class=\"value\">KMR S-01 LANCE (OR)<br \/>\nKMR S-02 P\u00c2N\u0102 \u00ceN 2023<\/dd>\n<dt class=\"name\">Selec\u021bie pentru Arme CZ<\/dt>\n<dd class=\"value\">CZ SHADOW 1<br \/>\nCZ SHADOW 2<br \/>\nCZ SHADOW 2 (OR)<br \/>\nCZ SP-01<\/dd>\n<\/dl>\n","protected":false},"excerpt":{"rendered":"<p>Prinderi ergonomice argintii pentru pistoale KMR S-02.<br \/>\n0611-03001-0102<\/p>\n","protected":false},"featured_media":73855,"template":"","meta":{"_acf_changed":false},"product_brand":[11498],"product_cat":[12747],"product_tag":[],"class_list":{"0":"post-74933","1":"product","2":"type-product","3":"status-publish","4":"has-post-thumbnail","6":"product_brand-kmr-precision","7":"product_cat-piese-kmr","9":"first","10":"instock","11":"taxable","12":"shipping-taxable","13":"purchasable","14":"product-type-simple"},"acf":[],"_links":{"self":[{"href":"https:\/\/staging.nbg.eu\/ro\/wp-json\/wp\/v2\/product\/74933","targetHints":{"allow":["GET"]}}],"collection":[{"href":"https:\/\/staging.nbg.eu\/ro\/wp-json\/wp\/v2\/product"}],"about":[{"href":"https:\/\/staging.nbg.eu\/ro\/wp-json\/wp\/v2\/types\/product"}],"wp:featuredmedia":[{"embeddable":true,"href":"https:\/\/staging.nbg.eu\/ro\/wp-json\/wp\/v2\/media\/73855"}],"wp:attachment":[{"href":"https:\/\/staging.nbg.eu\/ro\/wp-json\/wp\/v2\/media?parent=74933"}],"wp:term":[{"taxonomy":"product_brand","embeddable":true,"href":"https:\/\/staging.nbg.eu\/ro\/wp-json\/wp\/v2\/product_brand?post=74933"},{"taxonomy":"product_cat","embeddable":true,"href":"https:\/\/staging.nbg.eu\/ro\/wp-json\/wp\/v2\/product_cat?post=74933"},{"taxonomy":"product_tag","embeddable":true,"href":"https:\/\/staging.nbg.eu\/ro\/wp-json\/wp\/v2\/product_tag?post=74933"}],"curies":[{"name":"wp","href":"https:\/\/api.w.org\/{rel}","templated":true}]}}