{"id":74911,"date":"2024-10-21T09:27:37","date_gmt":"2024-10-31T11:08:03","guid":{"rendered":"https:\/\/staging.nbg.eu\/product\/grips-kmr-l-dotmatrix-silver\/"},"modified":"2024-10-31T11:09:35","modified_gmt":"2024-10-31T11:09:35","slug":"maner-kmr-l-dotmatrix-argintiu","status":"publish","type":"product","link":"https:\/\/staging.nbg.eu\/ro\/produs\/maner-kmr-l-dotmatrix-argintiu\/","title":{"rendered":"Maner KMR L DotMatrix &#8211; Argintiu"},"content":{"rendered":"<dl class=\"data-sheet\">\n<dt class=\"name\">Pentru arme KMR<\/dt>\n<dd class=\"value\">KMR L-02 SPECTRA P\u00c2N\u0102 \u00ceN 2023<br \/>\nKMR L-02 UMBRA P\u00c2N\u0102 \u00ceN 2023<\/dd>\n<\/dl>\n","protected":false},"excerpt":{"rendered":"<p>0611-03801-0102<\/p>\n<p>Note: This appears to be a product code or model number, which typically remains the same across languages and is not translated.<\/p>\n","protected":false},"featured_media":73807,"template":"","meta":{"_acf_changed":false},"product_brand":[11498],"product_cat":[12747],"product_tag":[],"class_list":{"0":"post-74911","1":"product","2":"type-product","3":"status-publish","4":"has-post-thumbnail","6":"product_brand-kmr-precision","7":"product_cat-piese-kmr","9":"first","10":"instock","11":"taxable","12":"shipping-taxable","13":"purchasable","14":"product-type-simple"},"acf":[],"_links":{"self":[{"href":"https:\/\/staging.nbg.eu\/ro\/wp-json\/wp\/v2\/product\/74911","targetHints":{"allow":["GET"]}}],"collection":[{"href":"https:\/\/staging.nbg.eu\/ro\/wp-json\/wp\/v2\/product"}],"about":[{"href":"https:\/\/staging.nbg.eu\/ro\/wp-json\/wp\/v2\/types\/product"}],"wp:featuredmedia":[{"embeddable":true,"href":"https:\/\/staging.nbg.eu\/ro\/wp-json\/wp\/v2\/media\/73807"}],"wp:attachment":[{"href":"https:\/\/staging.nbg.eu\/ro\/wp-json\/wp\/v2\/media?parent=74911"}],"wp:term":[{"taxonomy":"product_brand","embeddable":true,"href":"https:\/\/staging.nbg.eu\/ro\/wp-json\/wp\/v2\/product_brand?post=74911"},{"taxonomy":"product_cat","embeddable":true,"href":"https:\/\/staging.nbg.eu\/ro\/wp-json\/wp\/v2\/product_cat?post=74911"},{"taxonomy":"product_tag","embeddable":true,"href":"https:\/\/staging.nbg.eu\/ro\/wp-json\/wp\/v2\/product_tag?post=74911"}],"curies":[{"name":"wp","href":"https:\/\/api.w.org\/{rel}","templated":true}]}}