{"id":74879,"date":"2024-10-20T10:23:42","date_gmt":"2024-10-20T10:23:42","guid":{"rendered":"https:\/\/staging.nbg.eu\/product\/grips-kmr-l-diamondcut-brass\/"},"modified":"2024-10-31T11:08:19","modified_gmt":"2024-10-31T11:08:19","slug":"maner-kmr-l-diamondcut-alama","status":"publish","type":"product","link":"https:\/\/staging.nbg.eu\/ro\/produs\/maner-kmr-l-diamondcut-alama\/","title":{"rendered":"Maner KMR L Diamondcut Alama"},"content":{"rendered":"<dl class=\"data-sheet\">\n<dt class=\"name\">Pentru armament KMR<\/dt>\n<dd class=\"value\">KMR L-02 SPECTRA P\u00c2N\u0102 \u00ceN 2023<br \/>\nKMR L-02 UMBRA P\u00c2N\u0102 \u00ceN 2023<\/dd>\n<\/dl>\n","protected":false},"excerpt":{"rendered":"<p>0611-03702-0316<\/p>\n<p>(Note: This is a product code or number, which typically remains unchanged across languages.)<\/p>\n","protected":false},"featured_media":73622,"template":"","meta":{"_acf_changed":false},"product_brand":[11498],"product_cat":[12747],"product_tag":[],"class_list":{"0":"post-74879","1":"product","2":"type-product","3":"status-publish","4":"has-post-thumbnail","6":"product_brand-kmr-precision","7":"product_cat-piese-kmr","9":"first","10":"outofstock","11":"taxable","12":"shipping-taxable","13":"purchasable","14":"product-type-simple"},"acf":[],"_links":{"self":[{"href":"https:\/\/staging.nbg.eu\/ro\/wp-json\/wp\/v2\/product\/74879","targetHints":{"allow":["GET"]}}],"collection":[{"href":"https:\/\/staging.nbg.eu\/ro\/wp-json\/wp\/v2\/product"}],"about":[{"href":"https:\/\/staging.nbg.eu\/ro\/wp-json\/wp\/v2\/types\/product"}],"wp:featuredmedia":[{"embeddable":true,"href":"https:\/\/staging.nbg.eu\/ro\/wp-json\/wp\/v2\/media\/73622"}],"wp:attachment":[{"href":"https:\/\/staging.nbg.eu\/ro\/wp-json\/wp\/v2\/media?parent=74879"}],"wp:term":[{"taxonomy":"product_brand","embeddable":true,"href":"https:\/\/staging.nbg.eu\/ro\/wp-json\/wp\/v2\/product_brand?post=74879"},{"taxonomy":"product_cat","embeddable":true,"href":"https:\/\/staging.nbg.eu\/ro\/wp-json\/wp\/v2\/product_cat?post=74879"},{"taxonomy":"product_tag","embeddable":true,"href":"https:\/\/staging.nbg.eu\/ro\/wp-json\/wp\/v2\/product_tag?post=74879"}],"curies":[{"name":"wp","href":"https:\/\/api.w.org\/{rel}","templated":true}]}}