{"id":74845,"date":"2024-10-21T09:33:36","date_gmt":"2024-10-31T10:59:24","guid":{"rendered":"https:\/\/staging.nbg.eu\/product\/grips-kmr-s-dotmatrix-silver\/"},"modified":"2024-10-31T11:00:54","modified_gmt":"2024-10-31T11:00:54","slug":"maner-kmr-s-dotmatrix-argintiu","status":"publish","type":"product","link":"https:\/\/staging.nbg.eu\/ro\/produs\/maner-kmr-s-dotmatrix-argintiu\/","title":{"rendered":"Maner KMR S DotMatrix &#8211; Argintiu"},"content":{"rendered":"<div class=\"product-description\">\n<h2>GRIPS KMR S DotMatrix &#8211; Argintiu<\/h2>\n<p>GRIPS KMR S DotMatrix \u00een argintiu. Aceste m\u00e2nere lungi sunt fabricate din duraluminiu anodizat, cu o textur\u0103 cu model de minge de golf pentru o prindere ferm\u0103.<\/p>\n<ul>\n<li>Concepute pentru modelele KMR S-02 cu cadre de aluminiu de 26mm l\u0103\u021bime<\/li>\n<li>Textura asigur\u0103 o prindere sigur\u0103<\/li>\n<li>Pentru modernizarea pistoalelor existente sau construirea armelor de competi\u021bie<\/li>\n<li>F\u0103r\u0103 ghidaj pentru magazie pentru utilizare versatil\u0103<\/li>\n<li>Include \u0219uruburi torx pentru instalare<\/li>\n<li>Are logo-ul KMR<\/li>\n<\/ul>\n<p>Not\u0103: Aceste m\u00e2nere sunt compatibile exclusiv cu dimensiunile cadrului KMR S-02 \u0219i nu sunt interschimbabile cu modelele W-02 sau L-02. Verifica\u021bi marcajul intern (S) \u00eenainte de instalare pentru a asigura potrivirea corect\u0103.<\/p>\n<\/div>\n<dl class=\"data-sheet\">\n<dt class=\"name\">Pentru arme KMR<\/dt>\n<dd class=\"value\">KMR S-01 LANCE (OR)<br \/>\nKMR S-02 P\u00c2N\u0102 \u00ceN 2023<\/dd>\n<dt class=\"name\">Selec\u021bie pentru arme CZ<\/dt>\n<dd class=\"value\">CZ SHADOW 1<br \/>\nCZ SHADOW 2<br \/>\nCZ SHADOW 2 (OR)<br \/>\nCZ SP-01<\/dd>\n<\/dl>\n","protected":false},"excerpt":{"rendered":"<p>M\u00e2nere argintii durabile cu textur\u0103 agresiv\u0103 pentru o manipulare sigur\u0103.<br \/>\n 0611-02801-0102<\/p>\n","protected":false},"featured_media":73879,"template":"","meta":{"_acf_changed":false},"product_brand":[11498],"product_cat":[369],"product_tag":[],"class_list":{"0":"post-74845","1":"product","2":"type-product","3":"status-publish","4":"has-post-thumbnail","6":"product_brand-kmr-precision","7":"product_cat-uncategorized","9":"first","10":"instock","11":"taxable","12":"shipping-taxable","13":"purchasable","14":"product-type-simple"},"acf":[],"_links":{"self":[{"href":"https:\/\/staging.nbg.eu\/ro\/wp-json\/wp\/v2\/product\/74845","targetHints":{"allow":["GET"]}}],"collection":[{"href":"https:\/\/staging.nbg.eu\/ro\/wp-json\/wp\/v2\/product"}],"about":[{"href":"https:\/\/staging.nbg.eu\/ro\/wp-json\/wp\/v2\/types\/product"}],"wp:featuredmedia":[{"embeddable":true,"href":"https:\/\/staging.nbg.eu\/ro\/wp-json\/wp\/v2\/media\/73879"}],"wp:attachment":[{"href":"https:\/\/staging.nbg.eu\/ro\/wp-json\/wp\/v2\/media?parent=74845"}],"wp:term":[{"taxonomy":"product_brand","embeddable":true,"href":"https:\/\/staging.nbg.eu\/ro\/wp-json\/wp\/v2\/product_brand?post=74845"},{"taxonomy":"product_cat","embeddable":true,"href":"https:\/\/staging.nbg.eu\/ro\/wp-json\/wp\/v2\/product_cat?post=74845"},{"taxonomy":"product_tag","embeddable":true,"href":"https:\/\/staging.nbg.eu\/ro\/wp-json\/wp\/v2\/product_tag?post=74845"}],"curies":[{"name":"wp","href":"https:\/\/api.w.org\/{rel}","templated":true}]}}