{"id":74823,"date":"2024-10-21T09:29:53","date_gmt":"2024-10-31T10:55:54","guid":{"rendered":"https:\/\/staging.nbg.eu\/product\/grips-kmr-s-dotmatrix-black\/"},"modified":"2024-10-31T10:57:23","modified_gmt":"2024-10-31T10:57:23","slug":"maner-kmr-s-dotmatrix-negru","status":"publish","type":"product","link":"https:\/\/staging.nbg.eu\/ro\/produs\/maner-kmr-s-dotmatrix-negru\/","title":{"rendered":"Maner KMR S DotMatrix &#8211; Negru"},"content":{"rendered":"<div class=\"product-description\">\n<h2>GRIPS KMR S DotMatrix &#8211; Negru<\/h2>\n<p>GRIPS KMR S DotMatrix \u00een negru. Aceste m\u00e2nere ofer\u0103 o textur\u0103 pronun\u021bat\u0103, asigur\u00e2nd o prindere ferm\u0103 \u00een orice situa\u021bie. Pentru \u00eembun\u0103t\u0103\u021birea pistolului existent sau pentru proiectarea unei arme de foc pentru competi\u021bie.<\/p>\n<h3>Caracteristici principale:<\/h3>\n<ul>\n<li>Dimensiune lung\u0103 pentru prindere optim\u0103<\/li>\n<li>Fabricate din duraluminiu anodizat pentru durabilitate<\/li>\n<li>Model cu puncte pentru textur\u0103 \u00eembun\u0103t\u0103\u021bit\u0103<\/li>\n<li>Concepute pentru utilizare f\u0103r\u0103 ghidaj de magazie<\/li>\n<li>Include \u0219uruburi torx pentru instalare u\u0219oar\u0103<\/li>\n<li>Prezint\u0103 logo-ul KMR<\/li>\n<\/ul>\n<p>Compatibile exclusiv cu modelele KMR S-02 cu cadru de aluminiu de 26 mm l\u0103\u021bime. Nu sunt potrivite pentru dimensiunile de cadru W-02 sau L-02. Pentru \u00eembun\u0103t\u0103\u021birea controlului \u0219i performan\u021bei pistolului KMR S-02 .22 LR.<\/p>\n<\/div>\n<dl class=\"data-sheet\">\n<dt class=\"name\">Pentru arme KMR<\/dt>\n<dd class=\"value\">KMR S-01 LANCE (OR)<br \/>\nKMR S-02 P\u00c2N\u0102 \u00ceN 2023<\/dd>\n<dt class=\"name\">Selec\u021bie pentru arme CZ<\/dt>\n<dd class=\"value\">CZ SHADOW 1<br \/>\nCZ SHADOW 2<br \/>\nCZ SHADOW 2 (OR)<br \/>\nCZ SP-01<\/dd>\n<\/dl>\n","protected":false},"excerpt":{"rendered":"<p>M\u00e2nere de pistol din duraluminiu anodizat durabil. Textur\u0103 agresiv\u0103.<\/p>\n<p>0611-02801-0101<\/p>\n","protected":false},"featured_media":73831,"template":"","meta":{"_acf_changed":false},"product_brand":[11498],"product_cat":[12747],"product_tag":[],"class_list":{"0":"post-74823","1":"product","2":"type-product","3":"status-publish","4":"has-post-thumbnail","6":"product_brand-kmr-precision","7":"product_cat-piese-kmr","9":"first","10":"instock","11":"taxable","12":"shipping-taxable","13":"purchasable","14":"product-type-simple"},"acf":[],"_links":{"self":[{"href":"https:\/\/staging.nbg.eu\/ro\/wp-json\/wp\/v2\/product\/74823","targetHints":{"allow":["GET"]}}],"collection":[{"href":"https:\/\/staging.nbg.eu\/ro\/wp-json\/wp\/v2\/product"}],"about":[{"href":"https:\/\/staging.nbg.eu\/ro\/wp-json\/wp\/v2\/types\/product"}],"wp:featuredmedia":[{"embeddable":true,"href":"https:\/\/staging.nbg.eu\/ro\/wp-json\/wp\/v2\/media\/73831"}],"wp:attachment":[{"href":"https:\/\/staging.nbg.eu\/ro\/wp-json\/wp\/v2\/media?parent=74823"}],"wp:term":[{"taxonomy":"product_brand","embeddable":true,"href":"https:\/\/staging.nbg.eu\/ro\/wp-json\/wp\/v2\/product_brand?post=74823"},{"taxonomy":"product_cat","embeddable":true,"href":"https:\/\/staging.nbg.eu\/ro\/wp-json\/wp\/v2\/product_cat?post=74823"},{"taxonomy":"product_tag","embeddable":true,"href":"https:\/\/staging.nbg.eu\/ro\/wp-json\/wp\/v2\/product_tag?post=74823"}],"curies":[{"name":"wp","href":"https:\/\/api.w.org\/{rel}","templated":true}]}}