{"id":74801,"date":"2024-10-20T21:00:08","date_gmt":"2024-10-20T21:00:08","guid":{"rendered":"https:\/\/staging.nbg.eu\/product\/grips-kmr-l-dotmatrix-gold\/"},"modified":"2024-10-31T10:53:59","modified_gmt":"2024-10-31T10:53:59","slug":"maner-kmr-l-dotmatrix-auriu","status":"publish","type":"product","link":"https:\/\/staging.nbg.eu\/ro\/produs\/maner-kmr-l-dotmatrix-auriu\/","title":{"rendered":"Maner KMR L DotMatrix &#8211; Auriu"},"content":{"rendered":"<dl class=\"data-sheet\">\n<dt class=\"name\">Pentru Arme KMR<\/dt>\n<dd class=\"value\">KMR L-02 SPECTRA P\u00c2N\u0102 \u00ceN 2023<br \/>\nKMR L-02 UMBRA P\u00c2N\u0102 \u00ceN 2023<\/dd>\n<\/dl>\n","protected":false},"excerpt":{"rendered":"<p>0611-03801-0106<\/p>\n","protected":false},"featured_media":73783,"template":"","meta":{"_acf_changed":false},"product_brand":[11498],"product_cat":[12747],"product_tag":[],"class_list":{"0":"post-74801","1":"product","2":"type-product","3":"status-publish","4":"has-post-thumbnail","6":"product_brand-kmr-precision","7":"product_cat-piese-kmr","9":"first","10":"outofstock","11":"taxable","12":"shipping-taxable","13":"purchasable","14":"product-type-simple"},"acf":[],"_links":{"self":[{"href":"https:\/\/staging.nbg.eu\/ro\/wp-json\/wp\/v2\/product\/74801","targetHints":{"allow":["GET"]}}],"collection":[{"href":"https:\/\/staging.nbg.eu\/ro\/wp-json\/wp\/v2\/product"}],"about":[{"href":"https:\/\/staging.nbg.eu\/ro\/wp-json\/wp\/v2\/types\/product"}],"wp:featuredmedia":[{"embeddable":true,"href":"https:\/\/staging.nbg.eu\/ro\/wp-json\/wp\/v2\/media\/73783"}],"wp:attachment":[{"href":"https:\/\/staging.nbg.eu\/ro\/wp-json\/wp\/v2\/media?parent=74801"}],"wp:term":[{"taxonomy":"product_brand","embeddable":true,"href":"https:\/\/staging.nbg.eu\/ro\/wp-json\/wp\/v2\/product_brand?post=74801"},{"taxonomy":"product_cat","embeddable":true,"href":"https:\/\/staging.nbg.eu\/ro\/wp-json\/wp\/v2\/product_cat?post=74801"},{"taxonomy":"product_tag","embeddable":true,"href":"https:\/\/staging.nbg.eu\/ro\/wp-json\/wp\/v2\/product_tag?post=74801"}],"curies":[{"name":"wp","href":"https:\/\/api.w.org\/{rel}","templated":true}]}}