{"id":74375,"date":"2024-10-19T08:43:18","date_gmt":"2024-10-19T08:43:18","guid":{"rendered":"https:\/\/staging.nbg.eu\/product\/sg-timer-go\/"},"modified":"2025-10-01T15:20:46","modified_gmt":"2025-10-01T12:20:46","slug":"cronometru-sg-timer-go","status":"publish","type":"product","link":"https:\/\/staging.nbg.eu\/ro\/produs\/cronometru-sg-timer-go\/","title":{"rendered":"Cronometru SG Timer Go"},"content":{"rendered":"<h2>SG Timer Go: Caracteristici<\/h2>\n<p>SG Timer Go include tehnologie avansat\u0103 \u00eentr-un dispozitiv compact. Acest cronometru are acela\u0219i senzor inteligent \u0219i algoritmi de recunoa\u0219tere ca predecesorul s\u0103u.<\/p>\n<h2>Caracteristici principale:<\/h2>\n<ul>\n<li>Conectivitate Bluetooth<\/li>\n<li>Compatibilitate cu aplica\u021bia de exerci\u021bii<\/li>\n<li>Detectare foc sec cu feedback de performan\u021b\u0103<\/li>\n<li>Filtrare ecou pentru detectarea precis\u0103 a focurilor<\/li>\n<li>Memorie \u00eencorporat\u0103 pentru 1.000.000 de focuri<\/li>\n<li>Timpi PAR personalizabili<\/li>\n<li>Sensibilitate reglabil\u0103 pentru toate calibrele<\/li>\n<li>Control variabil al volumului (5-100)<\/li>\n<li>Mod de sincronizare cu alte cronometre<\/li>\n<\/ul>\n<h2>Design:<\/h2>\n<ul>\n<li>Afi\u0219aj montat \u00een partea superioar\u0103<\/li>\n<li>Interfa\u021b\u0103 cu 2 butoane<\/li>\n<li>Clem\u0103 pentru curea cu eliberare rapid\u0103<\/li>\n<li>Clem\u0103 pentru buzunar<\/li>\n<\/ul>\n<h2>Performan\u021b\u0103:<\/h2>\n<p>P\u00e2n\u0103 la 80 de ore de utilizare continu\u0103 cu o singur\u0103 \u00eenc\u0103rcare \u0219i port USB-C.<\/p>\n<p>SG Timer Go ofer\u0103 o combina\u021bie de simplitate \u0219i caracteristici avansate.<\/p>\n","protected":false},"excerpt":{"rendered":"<p>Cronometru compact inteligent pentru tir, cu Bluetooth, func\u021bii avansate \u0219i durat\u0103 lung\u0103 de via\u021b\u0103 a bateriei.<\/p>\n","protected":false},"featured_media":73227,"template":"","meta":{"_acf_changed":false},"product_brand":[11809],"product_cat":[12775,12762],"product_tag":[],"class_list":{"0":"post-74375","1":"product","2":"type-product","3":"status-publish","4":"has-post-thumbnail","6":"product_brand-shooters-global","7":"product_cat-cronografe-de-tragere","8":"product_cat-echipament","10":"first","11":"outofstock","12":"taxable","13":"shipping-taxable","14":"purchasable","15":"product-type-simple"},"acf":[],"_links":{"self":[{"href":"https:\/\/staging.nbg.eu\/ro\/wp-json\/wp\/v2\/product\/74375","targetHints":{"allow":["GET"]}}],"collection":[{"href":"https:\/\/staging.nbg.eu\/ro\/wp-json\/wp\/v2\/product"}],"about":[{"href":"https:\/\/staging.nbg.eu\/ro\/wp-json\/wp\/v2\/types\/product"}],"wp:featuredmedia":[{"embeddable":true,"href":"https:\/\/staging.nbg.eu\/ro\/wp-json\/wp\/v2\/media\/73227"}],"wp:attachment":[{"href":"https:\/\/staging.nbg.eu\/ro\/wp-json\/wp\/v2\/media?parent=74375"}],"wp:term":[{"taxonomy":"product_brand","embeddable":true,"href":"https:\/\/staging.nbg.eu\/ro\/wp-json\/wp\/v2\/product_brand?post=74375"},{"taxonomy":"product_cat","embeddable":true,"href":"https:\/\/staging.nbg.eu\/ro\/wp-json\/wp\/v2\/product_cat?post=74375"},{"taxonomy":"product_tag","embeddable":true,"href":"https:\/\/staging.nbg.eu\/ro\/wp-json\/wp\/v2\/product_tag?post=74375"}],"curies":[{"name":"wp","href":"https:\/\/api.w.org\/{rel}","templated":true}]}}