{"id":74285,"date":"2024-10-20T10:20:59","date_gmt":"2024-10-30T09:03:57","guid":{"rendered":"https:\/\/staging.nbg.eu\/product\/fully-adjustable-rear-sight-kmr\/"},"modified":"2024-10-30T09:05:27","modified_gmt":"2024-10-30T09:05:27","slug":"dispozitiv-de-ochire-reglabil-spate-kmr","status":"publish","type":"product","link":"https:\/\/staging.nbg.eu\/ro\/produs\/dispozitiv-de-ochire-reglabil-spate-kmr\/","title":{"rendered":"Dispozitiv de ochire reglabil spate KMR"},"content":{"rendered":"<div class=\"product-description\">\n<h2>Dispozitiv de ochire posterior complet reglabil pentru KMR<\/h2>\n<p>Dispozitiv de ochire posterior complet reglabil, conceput pentru modelele KMR \u0219i CZ. Acest dispozitiv de ochire ofer\u0103:<\/p>\n<ul>\n<li>Compatibilitate cu CZ SP01 Shadow 1 \u0219i CZ Shadow 2<\/li>\n<li>Performan\u021b\u0103 cu \u00een\u0103l\u021bimi ale dispozitivului de ochire frontal de 7,5-8,0mm<\/li>\n<li>Ajust\u0103ri pentru precizie<\/li>\n<li>Construc\u021bie durabil\u0103<\/li>\n<\/ul>\n<p>\u00cembun\u0103t\u0103\u021bi\u021bi sistemul de ochire al armei dumneavoastr\u0103. Not\u0103: Acest dispozitiv de ochire nu este compatibil cu modelele CZ 75 TS.<\/p>\n<p>Acest dispozitiv de ochire posterior complet reglabil este potrivit pentru pistolul dumneavoastr\u0103 KMR sau CZ.<\/p>\n<\/div>\n","protected":false},"excerpt":{"rendered":"<p>Dispozitiv de ochire din spate de precizie pentru KMR \u0219i CZ.<\/p>\n","protected":false},"featured_media":73529,"template":"","meta":{"_acf_changed":false},"product_brand":[],"product_cat":[12747],"product_tag":[],"class_list":{"0":"post-74285","1":"product","2":"type-product","3":"status-publish","4":"has-post-thumbnail","6":"product_cat-piese-kmr","8":"first","9":"instock","10":"taxable","11":"shipping-taxable","12":"purchasable","13":"product-type-simple"},"acf":[],"_links":{"self":[{"href":"https:\/\/staging.nbg.eu\/ro\/wp-json\/wp\/v2\/product\/74285","targetHints":{"allow":["GET"]}}],"collection":[{"href":"https:\/\/staging.nbg.eu\/ro\/wp-json\/wp\/v2\/product"}],"about":[{"href":"https:\/\/staging.nbg.eu\/ro\/wp-json\/wp\/v2\/types\/product"}],"wp:featuredmedia":[{"embeddable":true,"href":"https:\/\/staging.nbg.eu\/ro\/wp-json\/wp\/v2\/media\/73529"}],"wp:attachment":[{"href":"https:\/\/staging.nbg.eu\/ro\/wp-json\/wp\/v2\/media?parent=74285"}],"wp:term":[{"taxonomy":"product_brand","embeddable":true,"href":"https:\/\/staging.nbg.eu\/ro\/wp-json\/wp\/v2\/product_brand?post=74285"},{"taxonomy":"product_cat","embeddable":true,"href":"https:\/\/staging.nbg.eu\/ro\/wp-json\/wp\/v2\/product_cat?post=74285"},{"taxonomy":"product_tag","embeddable":true,"href":"https:\/\/staging.nbg.eu\/ro\/wp-json\/wp\/v2\/product_tag?post=74285"}],"curies":[{"name":"wp","href":"https:\/\/api.w.org\/{rel}","templated":true}]}}